{"id":25136,"date":"2025-07-25T12:36:12","date_gmt":"2025-07-25T12:36:12","guid":{"rendered":"https:\/\/boreait.com\/hr\/?post_type=product&#038;p=25136"},"modified":"2025-07-25T12:37:16","modified_gmt":"2025-07-25T12:37:16","slug":"fujitsu-lifebook-ah552-hdd-caddy-dijelovi-za-prijenosno-racunalo-s-tvrdim-diskom","status":"publish","type":"product","link":"https:\/\/boreait.com\/hr\/product\/fujitsu-lifebook-ah552-hdd-caddy-dijelovi-za-prijenosno-racunalo-s-tvrdim-diskom\/","title":{"rendered":"Fujitsu LifeBook AH552 HDD Caddy dijelovi za prijenosno ra\u010dunalo s tvrdim diskom"},"content":{"rendered":"<p>Pobolj\u0161ajte kapacitet pohrane i performanse va\u0161eg Fujitsu LifeBook AH552 s Fujitsu LifeBook AH552 HDD Caddy nosa\u010dem za tvrdi disk. Ovaj prakti\u010dni nosa\u010d omogu\u0107uje vam dodavanje dodatnog tvrdog diska na prijenosno ra\u010dunalo, pru\u017eaju\u0107i vam vi\u0161e prostora za pohranu datoteka, dokumenata i multimedije.<\/p>\n<p>Izra\u0111en imaju\u0107i na umu preciznost i izdr\u017eljivost, ovaj HDD nosa\u010d dizajniran je za besprijekornu integraciju s va\u0161im Fujitsu LifeBook AH552, osiguravaju\u0107i sigurno i stabilno pristajanje. Instalacija je brza i jednostavna, \u0161to vam omogu\u0107uje nadogradnju kapaciteta za pohranu prijenosnog ra\u010dunala u tren oka.<\/p>\n<p>Bez obzira trebate li dodatni prostor za svoju rastu\u0107u zbirku datoteka ili \u017eelite pobolj\u0161ati performanse svog prijenosnog ra\u010dunala namjenskim rje\u0161enjem za pohranu, Fujitsu LifeBook AH552 HDD Caddy nosa\u010d za tvrdi disk savr\u0161en je izbor. Ulo\u017eite u ovaj visokokvalitetni nosa\u010d ve\u0107 danas i podignite svoje prijenosno ra\u010dunalo na vi\u0161u razinu.<\/p>\n","protected":false},"excerpt":{"rendered":"<p>Nadogradite svoj Fujitsu LifeBook AH552 ovim nosa\u010dem tvrdog diska za HDD nosa\u010d. Dizajniran za jednostavnu instalaciju, ovaj visokokvalitetni nosa\u010d omogu\u0107uje vam dodavanje dodatnog tvrdog diska u prijenosno ra\u010dunalo, pove\u0107avaju\u0107i kapacitet pohrane i performanse.<\/p>\n","protected":false},"featured_media":25192,"template":"","meta":[],"product_brand":[],"product_cat":[62],"product_tag":[63],"class_list":{"0":"post-25136","1":"product","2":"type-product","3":"status-publish","4":"has-post-thumbnail","6":"product_cat-motherboards-board-parts","7":"product_tag-fujitsu","9":"first","10":"instock","11":"taxable","12":"shipping-taxable","13":"purchasable","14":"product-type-simple"},"_links":{"self":[{"href":"https:\/\/boreait.com\/hr\/wp-json\/wp\/v2\/product\/25136","targetHints":{"allow":["GET"]}}],"collection":[{"href":"https:\/\/boreait.com\/hr\/wp-json\/wp\/v2\/product"}],"about":[{"href":"https:\/\/boreait.com\/hr\/wp-json\/wp\/v2\/types\/product"}],"wp:featuredmedia":[{"embeddable":true,"href":"https:\/\/boreait.com\/hr\/wp-json\/wp\/v2\/media\/25192"}],"wp:attachment":[{"href":"https:\/\/boreait.com\/hr\/wp-json\/wp\/v2\/media?parent=25136"}],"wp:term":[{"taxonomy":"product_brand","embeddable":true,"href":"https:\/\/boreait.com\/hr\/wp-json\/wp\/v2\/product_brand?post=25136"},{"taxonomy":"product_cat","embeddable":true,"href":"https:\/\/boreait.com\/hr\/wp-json\/wp\/v2\/product_cat?post=25136"},{"taxonomy":"product_tag","embeddable":true,"href":"https:\/\/boreait.com\/hr\/wp-json\/wp\/v2\/product_tag?post=25136"}],"curies":[{"name":"wp","href":"https:\/\/api.w.org\/{rel}","templated":true}]}}