{"id":25134,"date":"2025-07-25T12:36:12","date_gmt":"2025-07-25T12:36:12","guid":{"rendered":"https:\/\/boreait.com\/hr\/?post_type=product&#038;p=25134"},"modified":"2026-01-30T07:17:42","modified_gmt":"2026-01-30T07:17:42","slug":"originalni-zamjenski-dijelovi-ploce-za-prijenosno-racunalo-fujitsu-lifebook-ah552-web-kamere","status":"publish","type":"product","link":"https:\/\/boreait.com\/hr\/product\/originalni-zamjenski-dijelovi-ploce-za-prijenosno-racunalo-fujitsu-lifebook-ah552-web-kamere\/","title":{"rendered":"Originalni zamjenski dijelovi plo\u010de za prijenosno ra\u010dunalo Fujitsu LifeBook AH552 web kamere"},"content":{"rendered":"<p>Pobolj\u0161ajte funkcionalnost svog prijenosnog ra\u010dunala Fujitsu LifeBook AH552 s originalnom zamjenskom plo\u010dom za web kameru Fujitsu LifeBook AH552. Izra\u0111ena imaju\u0107i na umu preciznost i kompatibilnost, ova zamjena za plo\u010du web kamere dizajnirana je za besprijekornu integraciju s va\u0161im ure\u0111ajem, osiguravaju\u0107i optimalnu izvedbu i pouzdanost.<\/p>\n<p>Uz originalnu Fujitsu kvalitetu, ova zamjena plo\u010de kamere savr\u0161eno je rje\u0161enje za vra\u0107anje funkcionalnosti web kamere va\u0161eg prijenosnog ra\u010dunala u izvorno stanje. Bilo da imate problema sa svojom trenutnom plo\u010dom ili je \u017eelite nadograditi, ovaj originalni zamjenski dio dizajniran je da zadovolji najvi\u0161e standarde kvalitete i kompatibilnosti.<\/p>\n<p>Jednostavna za instalaciju i napravljena da traje, ova zamjena plo\u010de web kamere nudi jednostavno rje\u0161enje za popravke va\u0161eg prijenosnog ra\u010dunala. Uz njegovu izdr\u017eljivu konstrukciju i pouzdane performanse, mo\u017eete vjerovati da \u0107e va\u0161 Fujitsu LifeBook AH552 ponovno biti spreman za rad u trenu.<\/p>\n<p>Iskusite razliku koju mogu napraviti originalni Fujitsu dijelovi i osigurajte da va\u0161e prijenosno ra\u010dunalo nastavi raditi najbolje \u0161to mo\u017eete uz originalnu zamjensku plo\u010du za web kameru Fujitsu LifeBook AH552. Naru\u010dite svoje danas i s povjerenjem vratite funkcionalnost svog prijenosnog ra\u010dunala.<\/p>\n","protected":false},"excerpt":{"rendered":"<p>Vratite funkcionalnost web kamere na svoj Fujitsu LifeBook AH552 s ovom originalnom zamjenskom plo\u010dom web kamere. Dizajnirana za jednostavnu instalaciju, ova visokokvalitetna plo\u010da osigurava besprijekorne performanse, \u0161to je \u010dini savr\u0161enim rje\u0161enjem za potrebe popravka va\u0161eg prijenosnog ra\u010dunala.<\/p>\n","protected":false},"featured_media":25189,"template":"","meta":[],"product_brand":[],"product_cat":[58],"product_tag":[63],"class_list":{"0":"post-25134","1":"product","2":"type-product","3":"status-publish","4":"has-post-thumbnail","6":"product_cat-laptop-camera","7":"product_tag-fujitsu","9":"first","10":"instock","11":"taxable","12":"shipping-taxable","13":"purchasable","14":"product-type-simple"},"_links":{"self":[{"href":"https:\/\/boreait.com\/hr\/wp-json\/wp\/v2\/product\/25134","targetHints":{"allow":["GET"]}}],"collection":[{"href":"https:\/\/boreait.com\/hr\/wp-json\/wp\/v2\/product"}],"about":[{"href":"https:\/\/boreait.com\/hr\/wp-json\/wp\/v2\/types\/product"}],"wp:featuredmedia":[{"embeddable":true,"href":"https:\/\/boreait.com\/hr\/wp-json\/wp\/v2\/media\/25189"}],"wp:attachment":[{"href":"https:\/\/boreait.com\/hr\/wp-json\/wp\/v2\/media?parent=25134"}],"wp:term":[{"taxonomy":"product_brand","embeddable":true,"href":"https:\/\/boreait.com\/hr\/wp-json\/wp\/v2\/product_brand?post=25134"},{"taxonomy":"product_cat","embeddable":true,"href":"https:\/\/boreait.com\/hr\/wp-json\/wp\/v2\/product_cat?post=25134"},{"taxonomy":"product_tag","embeddable":true,"href":"https:\/\/boreait.com\/hr\/wp-json\/wp\/v2\/product_tag?post=25134"}],"curies":[{"name":"wp","href":"https:\/\/api.w.org\/{rel}","templated":true}]}}