{"id":25133,"date":"2025-07-25T12:36:12","date_gmt":"2025-07-25T12:36:12","guid":{"rendered":"https:\/\/boreait.com\/hr\/?post_type=product&#038;p=25133"},"modified":"2026-01-30T07:17:27","modified_gmt":"2026-01-30T07:17:27","slug":"fujitsu-lifebook-ah552-2230bnhmw-wireless-n-card-zamjenski-dijelovi-prijenosnog-racunala","status":"publish","type":"product","link":"https:\/\/boreait.com\/hr\/product\/fujitsu-lifebook-ah552-2230bnhmw-wireless-n-card-zamjenski-dijelovi-prijenosnog-racunala\/","title":{"rendered":"Fujitsu LifeBook AH552 2230bnhmw Wireless-N Card zamjenski dijelovi prijenosnog ra\u010dunala"},"content":{"rendered":"<p>Pobolj\u0161ajte be\u017ei\u010dne mogu\u0107nosti svog Fujitsu LifeBook AH552 sa zamjenskom karticom Fujitsu LifeBook AH552 2230bnhmw Wireless-N. Dizajnirana za pru\u017eanje br\u017ee i pouzdanije be\u017ei\u010dne veze, ova zamjenska kartica je savr\u0161eno rje\u0161enje za nadogradnju mre\u017enih mogu\u0107nosti va\u0161eg prijenosnog ra\u010dunala.<\/p>\n<p>Sadr\u017ei naprednu wireless-N tehnologiju, ova zamjenska kartica pru\u017ea pobolj\u0161anu brzinu i performanse, omogu\u0107uju\u0107i vam strujanje HD videa, igranje online igrica i pregledavanje interneta s lako\u0107om. Recite zbogom ka\u0161njenju i me\u0111uspremniku i u\u017eivajte u besprijekornoj povezanosti u cijelom domu ili uredu.<\/p>\n<p>Jednostavna za instalaciju i kompatibilna s va\u0161im Fujitsu LifeBook AH552, ova zamjena be\u017ei\u010dne N kartice ne zahtijeva posebne alate ili stru\u010dnost. Jednostavno uklonite staru karticu i umetnite novu kako biste u\u017eivali u pobolj\u0161anim be\u017ei\u010dnim performansama za nekoliko minuta.<\/p>\n<p>Iskusite razliku koju visokokvalitetna be\u017ei\u010dna N kartica mo\u017ee napraviti i nadograditi va\u0161 Fujitsu LifeBook AH552 danas. Bilo da mijenjate neispravnu karticu ili \u017eelite pobolj\u0161ati be\u017ei\u010dne mogu\u0107nosti prijenosnog ra\u010dunala, ovaj \u0107e zamjenski dio sigurno zadovoljiti va\u0161e potrebe. Naru\u010dite sada i u\u017eivajte u br\u017eem, pouzdanijem be\u017ei\u010dnom povezivanju sa svojim Fujitsu LifeBook AH552.<\/p>\n","protected":false},"excerpt":{"rendered":"<p>Nadogradite svoj Fujitsu LifeBook AH552 s ovom zamjenom be\u017ei\u010dne N kartice. Iskusite br\u017ee i pouzdanije be\u017ei\u010dno povezivanje s ovim visokokvalitetnim dijelom, dizajniranim za jednostavnu instalaciju i besprijekornu integraciju u va\u0161e prijenosno ra\u010dunalo.<\/p>\n","protected":false},"featured_media":25188,"template":"","meta":[],"product_brand":[],"product_cat":[62],"product_tag":[63],"class_list":{"0":"post-25133","1":"product","2":"type-product","3":"status-publish","4":"has-post-thumbnail","6":"product_cat-motherboards-board-parts","7":"product_tag-fujitsu","9":"first","10":"instock","11":"taxable","12":"shipping-taxable","13":"purchasable","14":"product-type-simple"},"_links":{"self":[{"href":"https:\/\/boreait.com\/hr\/wp-json\/wp\/v2\/product\/25133","targetHints":{"allow":["GET"]}}],"collection":[{"href":"https:\/\/boreait.com\/hr\/wp-json\/wp\/v2\/product"}],"about":[{"href":"https:\/\/boreait.com\/hr\/wp-json\/wp\/v2\/types\/product"}],"wp:featuredmedia":[{"embeddable":true,"href":"https:\/\/boreait.com\/hr\/wp-json\/wp\/v2\/media\/25188"}],"wp:attachment":[{"href":"https:\/\/boreait.com\/hr\/wp-json\/wp\/v2\/media?parent=25133"}],"wp:term":[{"taxonomy":"product_brand","embeddable":true,"href":"https:\/\/boreait.com\/hr\/wp-json\/wp\/v2\/product_brand?post=25133"},{"taxonomy":"product_cat","embeddable":true,"href":"https:\/\/boreait.com\/hr\/wp-json\/wp\/v2\/product_cat?post=25133"},{"taxonomy":"product_tag","embeddable":true,"href":"https:\/\/boreait.com\/hr\/wp-json\/wp\/v2\/product_tag?post=25133"}],"curies":[{"name":"wp","href":"https:\/\/api.w.org\/{rel}","templated":true}]}}