{"id":25117,"date":"2025-07-25T12:35:49","date_gmt":"2025-07-25T12:35:49","guid":{"rendered":"https:\/\/boreait.com\/hr\/?post_type=product&#038;p=25117"},"modified":"2025-07-25T12:37:02","modified_gmt":"2025-07-25T12:37:02","slug":"originalni-zamjenski-dijelovi-za-prijenosno-racunalo-fujitsu-lifebook-ah552-usb-modul-ploce","status":"publish","type":"product","link":"https:\/\/boreait.com\/hr\/product\/originalni-zamjenski-dijelovi-za-prijenosno-racunalo-fujitsu-lifebook-ah552-usb-modul-ploce\/","title":{"rendered":"Originalni zamjenski dijelovi za prijenosno ra\u010dunalo Fujitsu LifeBook AH552 USB modul plo\u010de"},"content":{"rendered":"<p>Pobolj\u0161ajte povezivost i performanse svog Fujitsu LifeBook AH552 s originalnim Fujitsu LifeBook AH552 USB modulom plo\u010de. Posebno dizajniran da zadovolji to\u010dne specifikacije va\u0161eg prijenosnog ra\u010dunala, ovaj zamjenski dio osigurava savr\u0161eno pristajanje i pouzdanu funkcionalnost.<\/p>\n<p>Izra\u0111en od preciznih i visokokvalitetnih materijala, ovaj modul USB plo\u010de idealno je rje\u0161enje za zamjenu neispravne ili o\u0161te\u0107ene komponente. Njegova besprijekorna integracija s va\u0161im Fujitsu LifeBook AH552 jam\u010di da \u0107e va\u0161e prijenosno ra\u010dunalo nastaviti raditi u najboljem izdanju.<\/p>\n<p>Ovaj originalni zamjenski modul USB plo\u010de jednostavan je za instalaciju i napravljen je da traje, nude\u0107i pouzdano rje\u0161enje za potrebe popravka va\u0161eg prijenosnog ra\u010dunala. S njegovom robusnom konstrukcijom i pouzdanim performansama, mo\u017eete vjerovati da \u0107e USB povezivost va\u0161eg prijenosnog ra\u010dunala biti vra\u0107ena u\u010dinkovito i djelotvorno.<\/p>\n<p>Fotografije u popisu stvarne su fotografije dijelova koje \u0107ete dobiti, osiguravaju\u0107i da \u0107ete dobiti to\u010dno ono \u0161to trebate. Iako ne dajemo upute za zamjenu dijelova, na\u0161 tim za podr\u0161ku dostupan je za pomo\u0107 u vezi s bilo kakvim pitanjima. Jednostavno nam se obratite za dodatnu pomo\u0107.<\/p>\n<p>Naru\u010dite originalni Fujitsu LifeBook AH552 USB modul plo\u010de danas i iskusite prednosti visokokvalitetnih, pouzdanih dijelova prijenosnog ra\u010dunala. Neka va\u0161e prijenosno ra\u010dunalo radi glatko i u\u017eivajte u neprekidnom povezivanju s ovim bitnim zamjenskim dijelom.<\/p>\n","protected":false},"excerpt":{"rendered":"<p>Zamijenite svoj neispravni modul USB plo\u010de Fujitsu LifeBook AH552 ovim originalnim zamjenskim dijelom. Dizajniran za kompatibilnost i izvedbu, ovaj modul USB plo\u010de osigurava besprijekornu povezanost i funkcionalnost va\u0161eg prijenosnog ra\u010dunala.<\/p>\n","protected":false},"featured_media":25184,"template":"","meta":[],"product_brand":[],"product_cat":[62],"product_tag":[63],"class_list":{"0":"post-25117","1":"product","2":"type-product","3":"status-publish","4":"has-post-thumbnail","6":"product_cat-motherboards-board-parts","7":"product_tag-fujitsu","9":"first","10":"instock","11":"taxable","12":"shipping-taxable","13":"purchasable","14":"product-type-simple"},"_links":{"self":[{"href":"https:\/\/boreait.com\/hr\/wp-json\/wp\/v2\/product\/25117","targetHints":{"allow":["GET"]}}],"collection":[{"href":"https:\/\/boreait.com\/hr\/wp-json\/wp\/v2\/product"}],"about":[{"href":"https:\/\/boreait.com\/hr\/wp-json\/wp\/v2\/types\/product"}],"wp:featuredmedia":[{"embeddable":true,"href":"https:\/\/boreait.com\/hr\/wp-json\/wp\/v2\/media\/25184"}],"wp:attachment":[{"href":"https:\/\/boreait.com\/hr\/wp-json\/wp\/v2\/media?parent=25117"}],"wp:term":[{"taxonomy":"product_brand","embeddable":true,"href":"https:\/\/boreait.com\/hr\/wp-json\/wp\/v2\/product_brand?post=25117"},{"taxonomy":"product_cat","embeddable":true,"href":"https:\/\/boreait.com\/hr\/wp-json\/wp\/v2\/product_cat?post=25117"},{"taxonomy":"product_tag","embeddable":true,"href":"https:\/\/boreait.com\/hr\/wp-json\/wp\/v2\/product_tag?post=25117"}],"curies":[{"name":"wp","href":"https:\/\/api.w.org\/{rel}","templated":true}]}}