{"id":25115,"date":"2025-07-25T12:35:49","date_gmt":"2025-07-25T12:35:49","guid":{"rendered":"https:\/\/boreait.com\/hr\/?post_type=product&#038;p=25115"},"modified":"2025-07-25T12:36:55","modified_gmt":"2025-07-25T12:36:55","slug":"originalni-fujitsu-lifebook-ah552-lcd-kabel-zaslona-huadd0fs6lc000-dijelovi-prijenosnog-racunala","status":"publish","type":"product","link":"https:\/\/boreait.com\/hr\/product\/originalni-fujitsu-lifebook-ah552-lcd-kabel-zaslona-huadd0fs6lc000-dijelovi-prijenosnog-racunala\/","title":{"rendered":"Originalni Fujitsu LifeBook AH552 LCD kabel zaslona HUADD0FS6LC000 dijelovi prijenosnog ra\u010dunala"},"content":{"rendered":"<p>Vratite funkcionalnost zaslona prijenosnog ra\u010dunala Fujitsu LifeBook AH552 s originalnim LCD kabelom za zaslon Fujitsu LifeBook AH552 HUADD0FS6LC000. Ovaj visokokvalitetni zamjenski dio posebno je dizajniran da odgovara va\u0161em LifeBook AH552, osiguravaju\u0107i savr\u0161eno podudaranje za besprijekorne performanse.<\/p>\n<p>Izra\u0111en da zadovolji Fujitsu stroge standarde kvalitete, ovaj LCD kabel osigurava pouzdano povezivanje i optimalne performanse zaslona. Bez obzira na to je li va\u0161 trenutni kabel o\u0161te\u0107en ili ne radi ispravno, ova \u0107e vam originalna zamjena pomo\u0107i da vratite potpunu funkcionalnost zaslona prijenosnog ra\u010dunala.<\/p>\n<p>Instalacija je jednostavna, \u0161to olak\u0161ava zamjenu starog kabela i brzo vra\u0107anje prijenosnog ra\u010dunala u radno stanje. Uz izdr\u017eljivu konstrukciju i pouzdane performanse, ovaj LCD kabel napravljen je da traje, pru\u017eaju\u0107i dugoro\u010dno rje\u0161enje za va\u0161e potrebe popravka.<\/p>\n<p>Fotografije u popisu stvarne su fotografije dijelova koje \u0107ete dobiti, osiguravaju\u0107i da \u0107ete dobiti to\u010dno ono \u0161to trebate. Iako ne dajemo upute za zamjenu dijelova, na\u0161 tim je dostupan da vam pomogne ako trebate dodatnu pomo\u0107\u2014samo nam po\u0161aljite poruku.<\/p>\n<p>Nadogradite svoj Fujitsu LifeBook AH552 s originalnim Fujitsu LifeBook AH552 zaslonskim LCD kabelom HUADD0FS6LC000 i do\u017eivite razliku u kvaliteti i performansama. Naru\u010dite sada i ponovno u\u017eivajte u savr\u0161eno funkcionalnom zaslonu prijenosnog ra\u010dunala.<\/p>\n","protected":false},"excerpt":{"rendered":"<p>Zamijenite o\u0161te\u0107eni ili neispravan LCD kabel zaslona ovim originalnim zamjenskim dijelom za Fujitsu LifeBook AH552. Osigurajte da zaslon va\u0161eg prijenosnog ra\u010dunala savr\u0161eno funkcionira s ovim visokokvalitetnim kabelom, dizajniranim za besprijekornu kompatibilnost i jednostavnu instalaciju.<\/p>\n","protected":false},"featured_media":25175,"template":"","meta":[],"product_brand":[],"product_cat":[55],"product_tag":[63],"class_list":{"0":"post-25115","1":"product","2":"type-product","3":"status-publish","4":"has-post-thumbnail","6":"product_cat-cables","7":"product_tag-fujitsu","9":"first","10":"instock","11":"taxable","12":"shipping-taxable","13":"purchasable","14":"product-type-simple"},"_links":{"self":[{"href":"https:\/\/boreait.com\/hr\/wp-json\/wp\/v2\/product\/25115","targetHints":{"allow":["GET"]}}],"collection":[{"href":"https:\/\/boreait.com\/hr\/wp-json\/wp\/v2\/product"}],"about":[{"href":"https:\/\/boreait.com\/hr\/wp-json\/wp\/v2\/types\/product"}],"wp:featuredmedia":[{"embeddable":true,"href":"https:\/\/boreait.com\/hr\/wp-json\/wp\/v2\/media\/25175"}],"wp:attachment":[{"href":"https:\/\/boreait.com\/hr\/wp-json\/wp\/v2\/media?parent=25115"}],"wp:term":[{"taxonomy":"product_brand","embeddable":true,"href":"https:\/\/boreait.com\/hr\/wp-json\/wp\/v2\/product_brand?post=25115"},{"taxonomy":"product_cat","embeddable":true,"href":"https:\/\/boreait.com\/hr\/wp-json\/wp\/v2\/product_cat?post=25115"},{"taxonomy":"product_tag","embeddable":true,"href":"https:\/\/boreait.com\/hr\/wp-json\/wp\/v2\/product_tag?post=25115"}],"curies":[{"name":"wp","href":"https:\/\/api.w.org\/{rel}","templated":true}]}}