{"id":25113,"date":"2025-07-25T12:35:48","date_gmt":"2025-07-25T12:35:48","guid":{"rendered":"https:\/\/boreait.com\/hr\/?post_type=product&#038;p=25113"},"modified":"2025-07-25T12:36:47","modified_gmt":"2025-07-25T12:36:47","slug":"sr0wy-fujitsu-lifebook-ah552-intel-core-i5-3210m-procesorski-dijelovi-prijenosnog-racunala","status":"publish","type":"product","link":"https:\/\/boreait.com\/hr\/product\/sr0wy-fujitsu-lifebook-ah552-intel-core-i5-3210m-procesorski-dijelovi-prijenosnog-racunala\/","title":{"rendered":"SR0WY Fujitsu Lifebook AH552 Intel\u00ae Core\u2122 i5-3210M procesorski dijelovi prijenosnog ra\u010dunala"},"content":{"rendered":"<p>Pobolj\u0161ajte performanse svog Fujitsu Lifebook AH552 s Intel\u00ae Core\u2122 i5-3210M procesorom. Dizajniran za u\u010dinkovitost i brzinu, ovaj procesor osigurava nesmetan rad va\u0161eg prijenosnog ra\u010dunala, bez obzira obavljate li vi\u0161e zadataka, strujite ili radite na intenzivnim aplikacijama.<\/p>\n<p>Intel\u00ae Core\u2122 i5-3210M dio je Intelove 3. generacije procesora, s taktom od 2,5 GHz koji mo\u017ee turbo poja\u010dati do 3,1 GHz, pru\u017eaju\u0107i vam snagu i brzinu koja vam je potrebna. S dvojezgrenom tehnologijom i mogu\u0107nostima hiperthreadinga omogu\u0107uje besprijekoran multitasking i pobolj\u0161anu produktivnost.<\/p>\n<p>Bilo da nadogra\u0111ujete svoj postoje\u0107i procesor ili mijenjate neispravan, ovaj Intel\u00ae Core\u2122 i5-3210M je savr\u0161eno rje\u0161enje za udahnuti novi \u017eivot u va\u0161 Fujitsu Lifebook AH552. Njegova kompatibilnost s va\u0161im prijenosnim ra\u010dunalom osigurava jednostavan postupak instalacije, omogu\u0107uju\u0107i vam da se brzo i u\u010dinkovito vratite na posao.<\/p>\n<p>Budite uvjereni da kada odaberete ovaj procesor, ula\u017eete u originalnu Intel kvalitetu i performanse. Ako trebate dodatnu pomo\u0107 s instalacijom ili imate bilo kakvih pitanja, slobodno nam po\u0161aljite poruku. Osim toga, fotografije u na\u0161em popisu stvarne su fotografije dijelova koje \u0107ete dobiti, \u010dime se osigurava transparentnost i povjerenje.<\/p>\n<p>Naru\u010dite svoj Intel\u00ae Core\u2122 i5-3210M procesor za Fujitsu Lifebook AH552 danas i do\u017eivite zna\u010dajan napredak u performansama i pouzdanosti va\u0161eg prijenosnog ra\u010dunala.<\/p>\n","protected":false},"excerpt":{"rendered":"<p>Nadogradite svoj Fujitsu Lifebook AH552 sna\u017enim Intel\u00ae Core\u2122 i5-3210M procesorom. Ovaj procesor visokih performansi osigurava glatko obavljanje vi\u0161e zadataka i pouzdan rad za sve va\u0161e ra\u010dunalne potrebe.<\/p>\n","protected":false},"featured_media":25172,"template":"","meta":[],"product_brand":[],"product_cat":[74],"product_tag":[63],"class_list":{"0":"post-25113","1":"product","2":"type-product","3":"status-publish","4":"has-post-thumbnail","6":"product_cat-processors-cpu","7":"product_tag-fujitsu","9":"first","10":"instock","11":"taxable","12":"shipping-taxable","13":"purchasable","14":"product-type-simple"},"_links":{"self":[{"href":"https:\/\/boreait.com\/hr\/wp-json\/wp\/v2\/product\/25113","targetHints":{"allow":["GET"]}}],"collection":[{"href":"https:\/\/boreait.com\/hr\/wp-json\/wp\/v2\/product"}],"about":[{"href":"https:\/\/boreait.com\/hr\/wp-json\/wp\/v2\/types\/product"}],"wp:featuredmedia":[{"embeddable":true,"href":"https:\/\/boreait.com\/hr\/wp-json\/wp\/v2\/media\/25172"}],"wp:attachment":[{"href":"https:\/\/boreait.com\/hr\/wp-json\/wp\/v2\/media?parent=25113"}],"wp:term":[{"taxonomy":"product_brand","embeddable":true,"href":"https:\/\/boreait.com\/hr\/wp-json\/wp\/v2\/product_brand?post=25113"},{"taxonomy":"product_cat","embeddable":true,"href":"https:\/\/boreait.com\/hr\/wp-json\/wp\/v2\/product_cat?post=25113"},{"taxonomy":"product_tag","embeddable":true,"href":"https:\/\/boreait.com\/hr\/wp-json\/wp\/v2\/product_tag?post=25113"}],"curies":[{"name":"wp","href":"https:\/\/api.w.org\/{rel}","templated":true}]}}