{"id":25098,"date":"2025-07-25T12:35:25","date_gmt":"2025-07-25T12:35:25","guid":{"rendered":"https:\/\/boreait.com\/hr\/?post_type=product&#038;p=25098"},"modified":"2025-07-25T12:36:38","modified_gmt":"2025-07-25T12:36:38","slug":"originalni-fujitsu-lifebook-ah552sl-maticna-ploca-prijenosnog-racunala-cp589397-01-dijelovi-prijenosnog-racunala","status":"publish","type":"product","link":"https:\/\/boreait.com\/hr\/product\/originalni-fujitsu-lifebook-ah552sl-maticna-ploca-prijenosnog-racunala-cp589397-01-dijelovi-prijenosnog-racunala\/","title":{"rendered":"Originalni Fujitsu Lifebook AH552SL mati\u010dna plo\u010da prijenosnog ra\u010dunala CP589397-01 dijelovi prijenosnog ra\u010dunala"},"content":{"rendered":"<p>Nadogradite performanse svog prijenosnog ra\u010dunala Fujitsu Lifebook AH552\/SL s originalnom mati\u010dnom plo\u010dom prijenosnog ra\u010dunala Fujitsu Lifebook AH552\/SL CP589397-01. Izra\u0111ena imaju\u0107i na umu preciznost i pouzdanost, ova zamjena mati\u010dne plo\u010de dizajnirana je za besprijekornu integraciju s va\u0161im ure\u0111ajem, osiguravaju\u0107i optimalnu funkcionalnost i izdr\u017eljivost.<\/p>\n<p>Sa originalnom Fujitsu kvalitetom, ova mati\u010dna plo\u010da idealno je rje\u0161enje za vra\u0107anje performansi va\u0161eg prijenosnog ra\u010dunala u izvorno stanje. Bez obzira na to imate li problema s trenutnom mati\u010dnom plo\u010dom ili jednostavno tra\u017eite nadogradnju, ovaj originalni zamjenski dio projektiran je da zadovolji najvi\u0161e standarde kvalitete i kompatibilnosti.<\/p>\n<p>Instalacija ove mati\u010dne plo\u010de je jednostavna, pru\u017eaju\u0107i jednostavno rje\u0161enje za popravke va\u0161eg prijenosnog ra\u010dunala. Uz njegovu izdr\u017eljivu konstrukciju i pouzdane performanse, mo\u017eete vjerovati da \u0107e va\u0161e prijenosno ra\u010dunalo Fujitsu Lifebook AH552\/SL raditi na svom vrhunskom potencijalu.<\/p>\n<p>Iskusite razliku koju mogu napraviti originalni Fujitsu dijelovi i osigurajte da \u0107e va\u0161e prijenosno ra\u010dunalo i dalje biti izvrsno s originalnom Fujitsu Lifebook AH552\/SL mati\u010dnom plo\u010dom prijenosnog ra\u010dunala CP589397-01. Naru\u010dite sada i pomladite performanse svog prijenosnog ra\u010dunala s povjerenjem.<\/p>\n","protected":false},"excerpt":{"rendered":"<p>Revitalizirajte svoje prijenosno ra\u010dunalo Fujitsu Lifebook AH552\/SL s ovom originalnom mati\u010dnom plo\u010dom. Projektiran za besprijekornu kompatibilnost i vrhunske performanse, ovaj visokokvalitetni zamjenski dio osigurava besprijekoran rad va\u0161eg prijenosnog ra\u010dunala godinama koje dolaze.<\/p>\n","protected":false},"featured_media":25168,"template":"","meta":[],"product_brand":[],"product_cat":[62],"product_tag":[63],"class_list":{"0":"post-25098","1":"product","2":"type-product","3":"status-publish","4":"has-post-thumbnail","6":"product_cat-motherboards-board-parts","7":"product_tag-fujitsu","9":"first","10":"instock","11":"taxable","12":"shipping-taxable","13":"purchasable","14":"product-type-simple"},"_links":{"self":[{"href":"https:\/\/boreait.com\/hr\/wp-json\/wp\/v2\/product\/25098","targetHints":{"allow":["GET"]}}],"collection":[{"href":"https:\/\/boreait.com\/hr\/wp-json\/wp\/v2\/product"}],"about":[{"href":"https:\/\/boreait.com\/hr\/wp-json\/wp\/v2\/types\/product"}],"wp:featuredmedia":[{"embeddable":true,"href":"https:\/\/boreait.com\/hr\/wp-json\/wp\/v2\/media\/25168"}],"wp:attachment":[{"href":"https:\/\/boreait.com\/hr\/wp-json\/wp\/v2\/media?parent=25098"}],"wp:term":[{"taxonomy":"product_brand","embeddable":true,"href":"https:\/\/boreait.com\/hr\/wp-json\/wp\/v2\/product_brand?post=25098"},{"taxonomy":"product_cat","embeddable":true,"href":"https:\/\/boreait.com\/hr\/wp-json\/wp\/v2\/product_cat?post=25098"},{"taxonomy":"product_tag","embeddable":true,"href":"https:\/\/boreait.com\/hr\/wp-json\/wp\/v2\/product_tag?post=25098"}],"curies":[{"name":"wp","href":"https:\/\/api.w.org\/{rel}","templated":true}]}}