{"id":25096,"date":"2025-07-25T12:35:25","date_gmt":"2025-07-25T12:35:25","guid":{"rendered":"https:\/\/boreait.com\/hr\/?post_type=product&#038;p=25096"},"modified":"2025-07-25T12:36:31","modified_gmt":"2025-07-25T12:36:31","slug":"black-spot-originalni-fujitsu-lifebook-s936-zaslon-prijenosnog-racunala-b156xtn032-zamjenski-lcd-panel-mat","status":"publish","type":"product","link":"https:\/\/boreait.com\/hr\/product\/black-spot-originalni-fujitsu-lifebook-s936-zaslon-prijenosnog-racunala-b156xtn032-zamjenski-lcd-panel-mat\/","title":{"rendered":"BLACK SPOT Originalni Fujitsu LifeBook S936 Zaslon prijenosnog ra\u010dunala b156xtn032 Zamjenski LCD panel Mat"},"content":{"rendered":"<p>CRNA TA\u010cKA<\/p>\n<p>Pobolj\u0161ajte vizualnu izvedbu svog Fujitsu LifeBook S936 prijenosnog ra\u010dunala s originalnim Fujitsu LifeBook S936 zaslonom zaslona prijenosnog ra\u010dunala, zamjenskim LCD panelom Matte. Izra\u0111en prema najvi\u0161im standardima kvalitete i preciznosti, ovaj originalni zamjenski dio dizajniran je za besprijekornu integraciju s va\u0161im ure\u0111ajem, pru\u017eaju\u0107i savr\u0161eno pristajanje i optimalnu funkcionalnost.<\/p>\n<p>&#8211; **HD rezolucija:** U\u017eivajte u zapanjuju\u0107oj jasno\u0107i s rezolucijom od 1366&#215;768, osiguravaju\u0107i da je svaki detalj o\u0161tar i jasan.<\/p>\n<p>&#8211; **EDP konektor s 40 pinova:** osigurava besprijekornu kompatibilnost s va\u0161im HP 11 G8 EE Chromebook prijenosnim ra\u010dunalom.<\/p>\n<p>Sa mat zavr\u0161nom obradom, ova zamjena za LCD panel donosi \u017eivopisne boje i o\u0161tre detalje, osiguravaju\u0107i impresivno iskustvo gledanja za posao ili zabavu. Bilo da mijenjate o\u0161te\u0107eni zaslon ili nadogra\u0111ujete na vi\u0161u razlu\u010divost, ovaj originalni zaslon sigurno \u0107e zadovoljiti va\u0161e potrebe.<\/p>\n<p>Jednostavan za instalaciju i napravljen da traje, ovaj originalni Fujitsu zamjenski zaslon nudi jednostavno rje\u0161enje za popravke va\u0161eg prijenosnog ra\u010dunala. Vratite vizualnu jasno\u0107u svom Fujitsu LifeBooku S936 i ponovno u\u017eivajte u o\u0161trim, jasnim slikama.<\/p>\n<p>Iskusite razliku koju mogu napraviti originalni Fujitsu dijelovi i osigurajte da va\u0161e prijenosno ra\u010dunalo nastavi raditi najbolje \u0161to mo\u017eete uz originalni Fujitsu LifeBook S936 zamjenski LCD zaslon zaslona mat plo\u010de. Naru\u010dite svoje danas i s povjerenjem pomladite zaslon svog prijenosnog ra\u010dunala.<\/p>\n","protected":false},"excerpt":{"rendered":"<p>Vratite vizualnu jasno\u0107u svom prijenosnom ra\u010dunalu Fujitsu LifeBook S936 s ovom originalnom zamjenom zaslona. Uz mat zavr\u0161ni sloj, ovaj visokokvalitetni LCD zaslon osigurava \u017eivopisne boje i o\u0161tre detalje za pobolj\u0161ano iskustvo gledanja.<\/p>\n","protected":false},"featured_media":25153,"template":"","meta":[],"product_brand":[],"product_cat":[57,56],"product_tag":[63],"class_list":{"0":"post-25096","1":"product","2":"type-product","3":"status-publish","4":"has-post-thumbnail","6":"product_cat-15-6","7":"product_cat-laptop-screens-lcd-panels","8":"product_tag-fujitsu","10":"first","11":"instock","12":"taxable","13":"shipping-taxable","14":"purchasable","15":"product-type-simple"},"_links":{"self":[{"href":"https:\/\/boreait.com\/hr\/wp-json\/wp\/v2\/product\/25096","targetHints":{"allow":["GET"]}}],"collection":[{"href":"https:\/\/boreait.com\/hr\/wp-json\/wp\/v2\/product"}],"about":[{"href":"https:\/\/boreait.com\/hr\/wp-json\/wp\/v2\/types\/product"}],"wp:featuredmedia":[{"embeddable":true,"href":"https:\/\/boreait.com\/hr\/wp-json\/wp\/v2\/media\/25153"}],"wp:attachment":[{"href":"https:\/\/boreait.com\/hr\/wp-json\/wp\/v2\/media?parent=25096"}],"wp:term":[{"taxonomy":"product_brand","embeddable":true,"href":"https:\/\/boreait.com\/hr\/wp-json\/wp\/v2\/product_brand?post=25096"},{"taxonomy":"product_cat","embeddable":true,"href":"https:\/\/boreait.com\/hr\/wp-json\/wp\/v2\/product_cat?post=25096"},{"taxonomy":"product_tag","embeddable":true,"href":"https:\/\/boreait.com\/hr\/wp-json\/wp\/v2\/product_tag?post=25096"}],"curies":[{"name":"wp","href":"https:\/\/api.w.org\/{rel}","templated":true}]}}