{"id":25094,"date":"2025-07-25T12:35:25","date_gmt":"2025-07-25T12:35:25","guid":{"rendered":"https:\/\/boreait.com\/hr\/?post_type=product&#038;p=25094"},"modified":"2025-07-25T12:36:26","modified_gmt":"2025-07-25T12:36:26","slug":"originalni-dijelovi-za-prijenosno-racunalo-fujitsu-lifebook-s936-web-kamera-cp699910-01","status":"publish","type":"product","link":"https:\/\/boreait.com\/hr\/product\/originalni-dijelovi-za-prijenosno-racunalo-fujitsu-lifebook-s936-web-kamera-cp699910-01\/","title":{"rendered":"Originalni dijelovi za prijenosno ra\u010dunalo Fujitsu LIFEBOOK S936 web kamera CP699910-01"},"content":{"rendered":"<p>Pobolj\u0161ajte funkcionalnost svog prijenosnog ra\u010dunala Fujitsu LIFEBOOK S936 s originalnom Fujitsu LIFEBOOK S936 plo\u010dom web kamere CP699910-01. Izra\u0111ena imaju\u0107i na umu preciznost i pouzdanost, ova zamjena za plo\u010du kamere dizajnirana je za besprijekornu integraciju s va\u0161im ure\u0111ajem, vra\u0107aju\u0107i funkcionalnost web kamere u izvorno stanje.<\/p>\n<p>Sa originalnom Fujitsu kvalitetom, ova plo\u010da za kameru je savr\u0161eno rje\u0161enje za rje\u0161avanje problema s web kamerom va\u0161eg prijenosnog ra\u010dunala ili nadogradnjom na kvalitetniju komponentu. Sa svojim jednostavnim postupkom instalacije i izdr\u017eljivom konstrukcijom, ovaj originalni zamjenski dio nudi jednostavno rje\u0161enje za potrebe popravka va\u0161eg prijenosnog ra\u010dunala.<\/p>\n<p>Vratite svoj Fujitsu LIFEBOOK S936 na optimalne performanse i pouzdanost s originalnom Fujitsu LIFEBOOK S936 plo\u010dom web kamere CP699910-01. Vjerujte u kvalitetu i kompatibilnost originalnih Fujitsu dijelova kako biste bili sigurni da \u0107e va\u0161e prijenosno ra\u010dunalo i dalje zadovoljavati va\u0161e potrebe. Naru\u010dite svoju danas i osjetite razliku!<\/p>\n","protected":false},"excerpt":{"rendered":"<p>Vratite funkcionalnost web kamere na svom Fujitsu LIFEBOOK S936 s ovom originalnom plo\u010dom za kameru. Dizajniran za besprijekornu kompatibilnost i jednostavnu instalaciju, ovaj visokokvalitetni zamjenski dio osigurava optimalne performanse, \u0161to ga \u010dini idealnim rje\u0161enjem za potrebe popravka va\u0161eg prijenosnog ra\u010dunala.<\/p>\n","protected":false},"featured_media":25150,"template":"","meta":[],"product_brand":[],"product_cat":[58],"product_tag":[63],"class_list":{"0":"post-25094","1":"product","2":"type-product","3":"status-publish","4":"has-post-thumbnail","6":"product_cat-laptop-camera","7":"product_tag-fujitsu","9":"first","10":"instock","11":"taxable","12":"shipping-taxable","13":"purchasable","14":"product-type-simple"},"_links":{"self":[{"href":"https:\/\/boreait.com\/hr\/wp-json\/wp\/v2\/product\/25094","targetHints":{"allow":["GET"]}}],"collection":[{"href":"https:\/\/boreait.com\/hr\/wp-json\/wp\/v2\/product"}],"about":[{"href":"https:\/\/boreait.com\/hr\/wp-json\/wp\/v2\/types\/product"}],"wp:featuredmedia":[{"embeddable":true,"href":"https:\/\/boreait.com\/hr\/wp-json\/wp\/v2\/media\/25150"}],"wp:attachment":[{"href":"https:\/\/boreait.com\/hr\/wp-json\/wp\/v2\/media?parent=25094"}],"wp:term":[{"taxonomy":"product_brand","embeddable":true,"href":"https:\/\/boreait.com\/hr\/wp-json\/wp\/v2\/product_brand?post=25094"},{"taxonomy":"product_cat","embeddable":true,"href":"https:\/\/boreait.com\/hr\/wp-json\/wp\/v2\/product_cat?post=25094"},{"taxonomy":"product_tag","embeddable":true,"href":"https:\/\/boreait.com\/hr\/wp-json\/wp\/v2\/product_tag?post=25094"}],"curies":[{"name":"wp","href":"https:\/\/api.w.org\/{rel}","templated":true}]}}