{"id":25093,"date":"2025-07-25T12:35:25","date_gmt":"2025-07-25T12:35:25","guid":{"rendered":"https:\/\/boreait.com\/hr\/?post_type=product&#038;p=25093"},"modified":"2025-07-25T12:36:25","modified_gmt":"2025-07-25T12:36:25","slug":"originalni-lcd-zaslon-prijenosnog-racunala-fujitsu-lifebook-s936-lijevi-koristen-par-desnih-sarki-originalni-dijelovi-za-prijenosno-racunalo","status":"publish","type":"product","link":"https:\/\/boreait.com\/hr\/product\/originalni-lcd-zaslon-prijenosnog-racunala-fujitsu-lifebook-s936-lijevi-koristen-par-desnih-sarki-originalni-dijelovi-za-prijenosno-racunalo\/","title":{"rendered":"Originalni LCD zaslon prijenosnog ra\u010dunala Fujitsu LifeBook S936 lijevi &amp; Kori\u0161ten par desnih \u0161arki &#8211; originalni dijelovi za prijenosno ra\u010dunalo"},"content":{"rendered":"<p>Pobolj\u0161ajte performanse i dugovje\u010dnost va\u0161eg prijenosnog ra\u010dunala Fujitsu LifeBook S936 s originalnim LCD zaslonom prijenosnog ra\u010dunala Fujitsu LifeBook S936, lijevim &amp; Desni par \u0161arki. Izra\u0111ene prema to\u010dnim specifikacijama, ove originalne \u0161arke savr\u0161eno odgovaraju va\u0161em prijenosnom ra\u010dunalu, osiguravaju\u0107i pouzdanu izvedbu i dugotrajnu izdr\u017eljivost.<\/p>\n<p>Dizajniran za zamjenu istro\u0161enih ili o\u0161te\u0107enih \u0161arki, ovaj par \u0161arki lijevog i desnog LCD zaslona idealno je rje\u0161enje za vra\u0107anje stabilnosti i funkcionalnosti va\u0161em zaslonu prijenosnog ra\u010dunala. Izra\u0111ene od visokokvalitetnih materijala, ove rabljene \u0161arke temeljito su testirane na pouzdanost, pru\u017eaju\u0107i bezbri\u017enost i povjerenje u rad va\u0161eg prijenosnog ra\u010dunala.<\/p>\n<p>Jednostavne za instalaciju i napravljene da traju, ove originalne \u0161arke nude jednostavno rje\u0161enje za popravke va\u0161eg prijenosnog ra\u010dunala. Bilo da ste profesionalni tehni\u010dar ili DIY entuzijast, mo\u017eete vjerovati da \u0107e ovi originalni Fujitsu dijelovi pru\u017eiti performanse i pouzdanost koje trebate.<\/p>\n<p>Vratite svoj puni potencijal prijenosnog ra\u010dunala Fujitsu LifeBook S936 s originalnim LCD zaslonom lijevog &amp; Desni par \u0161arki. Naru\u010dite svoj danas i u\u017eivajte u pouzdanim performansama i izdr\u017eljivosti godinama koje dolaze.<\/p>\n","protected":false},"excerpt":{"rendered":"<p>Zamijenite istro\u0161ene ili o\u0161te\u0107ene \u0161arke na prijenosnom ra\u010dunalu Fujitsu LifeBook S936 ovim originalnim parom \u0161arki lijevog i desnog LCD zaslona. Dizajnirane za jednostavnu ugradnju i izdr\u017eljivost, ove rabljene \u0161arke savr\u0161eno su rje\u0161enje za vra\u0107anje stabilnosti i funkcionalnosti zaslonu va\u0161eg prijenosnog ra\u010dunala.<\/p>\n","protected":false},"featured_media":25149,"template":"","meta":[],"product_brand":[],"product_cat":[54],"product_tag":[63],"class_list":{"0":"post-25093","1":"product","2":"type-product","3":"status-publish","4":"has-post-thumbnail","6":"product_cat-screen-hinge","7":"product_tag-fujitsu","9":"first","10":"instock","11":"taxable","12":"shipping-taxable","13":"purchasable","14":"product-type-simple"},"_links":{"self":[{"href":"https:\/\/boreait.com\/hr\/wp-json\/wp\/v2\/product\/25093","targetHints":{"allow":["GET"]}}],"collection":[{"href":"https:\/\/boreait.com\/hr\/wp-json\/wp\/v2\/product"}],"about":[{"href":"https:\/\/boreait.com\/hr\/wp-json\/wp\/v2\/types\/product"}],"wp:featuredmedia":[{"embeddable":true,"href":"https:\/\/boreait.com\/hr\/wp-json\/wp\/v2\/media\/25149"}],"wp:attachment":[{"href":"https:\/\/boreait.com\/hr\/wp-json\/wp\/v2\/media?parent=25093"}],"wp:term":[{"taxonomy":"product_brand","embeddable":true,"href":"https:\/\/boreait.com\/hr\/wp-json\/wp\/v2\/product_brand?post=25093"},{"taxonomy":"product_cat","embeddable":true,"href":"https:\/\/boreait.com\/hr\/wp-json\/wp\/v2\/product_cat?post=25093"},{"taxonomy":"product_tag","embeddable":true,"href":"https:\/\/boreait.com\/hr\/wp-json\/wp\/v2\/product_tag?post=25093"}],"curies":[{"name":"wp","href":"https:\/\/api.w.org\/{rel}","templated":true}]}}