{"id":25092,"date":"2025-07-25T12:35:25","date_gmt":"2025-07-25T12:35:25","guid":{"rendered":"https:\/\/boreait.com\/hr\/?post_type=product&#038;p=25092"},"modified":"2026-01-30T07:17:12","modified_gmt":"2026-01-30T07:17:12","slug":"originalni-fujitsu-lifebook-s936-laptop-dc-power-jack-uticnica-kabel-koristen","status":"publish","type":"product","link":"https:\/\/boreait.com\/hr\/product\/originalni-fujitsu-lifebook-s936-laptop-dc-power-jack-uticnica-kabel-koristen\/","title":{"rendered":"Originalni Fujitsu LifeBook S936 Laptop DC Power Jack uti\u010dnica &amp; Kabel &#8211; Kori\u0161ten"},"content":{"rendered":"<p>Revitalizirajte napajanje svog prijenosnog ra\u010dunala Fujitsu LifeBook S936 s originalnom uti\u010dnicom za napajanje i uti\u010dnicom za napajanje prijenosnog ra\u010dunala Fujitsu LifeBook S936. Kabel. Ovaj bitan zamjenski dio dizajniran je za ponovno uspostavljanje pouzdane veze s napajanjem, osiguravaju\u0107i besprijekoran rad va\u0161eg ure\u0111aja.<\/p>\n<p>Izra\u0111en s originalnom Fujitsu kvalitetom, ova rabljena, ali potpuno funkcionalna uti\u010dnica i kabel za istosmjerno napajanje nude isplativo rje\u0161enje za potrebe popravka va\u0161eg prijenosnog ra\u010dunala. Bilo da imate problema s trenutnom uti\u010dnicom ili jednostavno \u017eelite nadogradnju, ovaj originalni zamjenski dio pru\u017ea kompatibilnost i performanse u koje mo\u017eete vjerovati.<\/p>\n<p>Jednostavan za instalaciju i napravljen da traje, ova uti\u010dnica za istosmjernu struju i zamjena za kabel osiguravaju dosljednu isporuku energije va\u0161em prijenosnom ra\u010dunalu Fujitsu LifeBook S936. Uz njegovu pouzdanu izvedbu, mo\u017eete biti sigurni da \u0107e va\u0161e prijenosno ra\u010dunalo biti ponovno osposobljeno za rad u tren oka.<\/p>\n<p>Iskusite razliku koju originalni Fujitsu dijelovi mogu napraviti i osigurajte da va\u0161e prijenosno ra\u010dunalo nastavi raditi najbolje \u0161to mo\u017eete s originalnim Fujitsu LifeBook S936 Laptop DC Power Jack uti\u010dnicom &amp; Kabel. Naru\u010dite svoj danas i s povjerenjem vratite pouzdano napajanje svom ure\u0111aju.<\/p>\n","protected":false},"excerpt":{"rendered":"<p>Vratite napajanje svom prijenosnom ra\u010dunalu Fujitsu LifeBook S936 pomo\u0107u ove originalne uti\u010dnice i kabela za napajanje istosmjernom strujom. Ovaj rabljeni, ali potpuno funkcionalni dio osigurava pouzdanu povezanost i isporuku energije, nude\u0107i isplativo rje\u0161enje za potrebe popravka va\u0161eg prijenosnog ra\u010dunala.<\/p>\n","protected":false},"featured_media":25148,"template":"","meta":[],"product_brand":[],"product_cat":[62],"product_tag":[63],"class_list":{"0":"post-25092","1":"product","2":"type-product","3":"status-publish","4":"has-post-thumbnail","6":"product_cat-motherboards-board-parts","7":"product_tag-fujitsu","9":"first","10":"instock","11":"taxable","12":"shipping-taxable","13":"purchasable","14":"product-type-simple"},"_links":{"self":[{"href":"https:\/\/boreait.com\/hr\/wp-json\/wp\/v2\/product\/25092","targetHints":{"allow":["GET"]}}],"collection":[{"href":"https:\/\/boreait.com\/hr\/wp-json\/wp\/v2\/product"}],"about":[{"href":"https:\/\/boreait.com\/hr\/wp-json\/wp\/v2\/types\/product"}],"wp:featuredmedia":[{"embeddable":true,"href":"https:\/\/boreait.com\/hr\/wp-json\/wp\/v2\/media\/25148"}],"wp:attachment":[{"href":"https:\/\/boreait.com\/hr\/wp-json\/wp\/v2\/media?parent=25092"}],"wp:term":[{"taxonomy":"product_brand","embeddable":true,"href":"https:\/\/boreait.com\/hr\/wp-json\/wp\/v2\/product_brand?post=25092"},{"taxonomy":"product_cat","embeddable":true,"href":"https:\/\/boreait.com\/hr\/wp-json\/wp\/v2\/product_cat?post=25092"},{"taxonomy":"product_tag","embeddable":true,"href":"https:\/\/boreait.com\/hr\/wp-json\/wp\/v2\/product_tag?post=25092"}],"curies":[{"name":"wp","href":"https:\/\/api.w.org\/{rel}","templated":true}]}}