{"id":25091,"date":"2025-07-25T12:35:25","date_gmt":"2025-07-25T12:35:25","guid":{"rendered":"https:\/\/boreait.com\/hr\/?post_type=product&#038;p=25091"},"modified":"2025-07-25T12:36:23","modified_gmt":"2025-07-25T12:36:23","slug":"original-fujitsu-lifebook-s936-ploca-za-kameru-za-kabelsku-vrpcu-cp69530-z1-koristena","status":"publish","type":"product","link":"https:\/\/boreait.com\/hr\/product\/original-fujitsu-lifebook-s936-ploca-za-kameru-za-kabelsku-vrpcu-cp69530-z1-koristena\/","title":{"rendered":"Original Fujitsu LifeBook S936 plo\u010da za kameru za kabelsku vrpcu CP69530-Z1 Kori\u0161tena"},"content":{"rendered":"<p>Revitalizirajte svoje prijenosno ra\u010dunalo Fujitsu LifeBook S936 s originalnom vrpcom kabela plo\u010de s kamerom za prijenosno ra\u010dunalo Fujitsu LifeBook S936 CP69530-Z1. Ovaj originalni Fujitsu dio savr\u0161eno je rje\u0161enje za vra\u0107anje funkcionalnosti kamere va\u0161eg prijenosnog ra\u010dunala u izvorno stanje.<\/p>\n<p>Unato\u010d kori\u0161tenju, ova kabelska vrpca plo\u010de kamere je u dobrom stanju i pomno je pregledana kako bi se osigurala njezina kvaliteta i pouzdanost. Dizajniran za besprijekornu integraciju s va\u0161im Fujitsu LifeBook S936, ovaj kabelski kabel jam\u010di glatko povezivanje i dosljednu izvedbu.<\/p>\n<p>Bilo da mijenjate neispravan kabel ili nadogra\u0111ujete prijenosno ra\u010dunalo, ovaj originalni Fujitsu dio pru\u017ea kompatibilnost i funkcionalnost koju trebate. Jednostavan za instalaciju i napravljen da traje, nudi jednostavno rje\u0161enje za popravke va\u0161eg prijenosnog ra\u010dunala.<\/p>\n<p>Nemojte kompromitirati kvalitetu kada je u pitanju popravak va\u0161eg Fujitsu LifeBook S936. Pouzdajte se u originalnu Fujitsu LifeBook S936 kabelsku vrpcu za plo\u010du s kamerom CP69530-Z1 za pru\u017eanje performansi i pouzdanosti koje o\u010dekujete. Naru\u010dite svoj danas i udahnite novi \u017eivot svom prijenosnom ra\u010dunalu.<\/p>\n","protected":false},"excerpt":{"rendered":"<p>Vratite funkcionalnost kamere na prijenosnom ra\u010dunalu Fujitsu LifeBook S936 s ovom originalnom kabelskom vrpcom plo\u010de kamere. Kori\u0161ten, ali u dobrom stanju, ovaj originalni Fujitsu dio osigurava besprijekornu povezanost i pouzdan rad.<\/p>\n","protected":false},"featured_media":25147,"template":"","meta":[],"product_brand":[],"product_cat":[55],"product_tag":[63],"class_list":{"0":"post-25091","1":"product","2":"type-product","3":"status-publish","4":"has-post-thumbnail","6":"product_cat-cables","7":"product_tag-fujitsu","9":"first","10":"instock","11":"taxable","12":"shipping-taxable","13":"purchasable","14":"product-type-simple"},"_links":{"self":[{"href":"https:\/\/boreait.com\/hr\/wp-json\/wp\/v2\/product\/25091","targetHints":{"allow":["GET"]}}],"collection":[{"href":"https:\/\/boreait.com\/hr\/wp-json\/wp\/v2\/product"}],"about":[{"href":"https:\/\/boreait.com\/hr\/wp-json\/wp\/v2\/types\/product"}],"wp:featuredmedia":[{"embeddable":true,"href":"https:\/\/boreait.com\/hr\/wp-json\/wp\/v2\/media\/25147"}],"wp:attachment":[{"href":"https:\/\/boreait.com\/hr\/wp-json\/wp\/v2\/media?parent=25091"}],"wp:term":[{"taxonomy":"product_brand","embeddable":true,"href":"https:\/\/boreait.com\/hr\/wp-json\/wp\/v2\/product_brand?post=25091"},{"taxonomy":"product_cat","embeddable":true,"href":"https:\/\/boreait.com\/hr\/wp-json\/wp\/v2\/product_cat?post=25091"},{"taxonomy":"product_tag","embeddable":true,"href":"https:\/\/boreait.com\/hr\/wp-json\/wp\/v2\/product_tag?post=25091"}],"curies":[{"name":"wp","href":"https:\/\/api.w.org\/{rel}","templated":true}]}}