{"id":25090,"date":"2025-07-25T12:35:24","date_gmt":"2025-07-25T12:35:24","guid":{"rendered":"https:\/\/boreait.com\/hr\/?post_type=product&#038;p=25090"},"modified":"2025-07-25T12:36:21","modified_gmt":"2025-07-25T12:36:21","slug":"originalni-fujitsu-lifebook-s936-usb-ploca-s-kabelom-cp693550-z5-dijelovi-prijenosnog-racunala","status":"publish","type":"product","link":"https:\/\/boreait.com\/hr\/product\/originalni-fujitsu-lifebook-s936-usb-ploca-s-kabelom-cp693550-z5-dijelovi-prijenosnog-racunala\/","title":{"rendered":"Originalni Fujitsu LIFEBOOK S936 USB plo\u010da s kabelom CP693550-Z5 dijelovi prijenosnog ra\u010dunala"},"content":{"rendered":"<p>Pobolj\u0161ajte performanse i upotrebljivost svog Fujitsu LIFEBOOK S936 s originalnom Fujitsu LIFEBOOK S936 USB plo\u010dom s kabelom CP693550-Z5. Izra\u0111ena s precizno\u0161\u0107u i projektirana za kompatibilnost, ova zamjena za USB plo\u010du osigurava besprijekorno povezivanje i optimalnu funkcionalnost za va\u0161e prijenosno ra\u010dunalo.<\/p>\n<p>Uz originalnu Fujitsu kvalitetu, ova USB plo\u010da s kabelom idealno je rje\u0161enje za ponovno uspostavljanje ili nadogradnju USB povezivosti va\u0161eg prijenosnog ra\u010dunala. Bilo da imate problema s trenutnom plo\u010dom ili jednostavno tra\u017eite pobolj\u0161anje, ovaj originalni zamjenski dio dizajniran je da zadovolji najvi\u0161e standarde kvalitete i kompatibilnosti.<\/p>\n<p>Sa svojim dizajnom koji se jednostavno postavlja i izdr\u017eljivom konstrukcijom, ova zamjena za USB plo\u010du nudi jednostavno rje\u0161enje za popravke va\u0161eg prijenosnog ra\u010dunala. Vratite svom Fujitsu LIFEBOOK S936 puni potencijal s ovim pouzdanim i u\u010dinkovitim zamjenskim dijelom.<\/p>\n<p>Iskusite razliku koju mogu napraviti originalni Fujitsu dijelovi i osigurajte da va\u0161e prijenosno ra\u010dunalo nastavi raditi najbolje \u0161to mo\u017eete s originalnom Fujitsu LIFEBOOK S936 USB plo\u010dom s kabelom CP693550-Z5. Naru\u010dite svoju danas i s povjerenjem u\u017eivajte u besprijekornoj USB povezivosti.<\/p>\n","protected":false},"excerpt":{"rendered":"<p>Revitalizirajte svoj Fujitsu LIFEBOOK S936 ovom originalnom USB plo\u010dom s kabelom. Vratite besprijekornu povezanost i funkcionalnost svom prijenosnom ra\u010dunalu s ovim visokokvalitetnim zamjenskim dijelom, dizajniranim za jednostavnu instalaciju i pouzdan rad.<\/p>\n","protected":false},"featured_media":25145,"template":"","meta":[],"product_brand":[],"product_cat":[62],"product_tag":[63],"class_list":{"0":"post-25090","1":"product","2":"type-product","3":"status-publish","4":"has-post-thumbnail","6":"product_cat-motherboards-board-parts","7":"product_tag-fujitsu","9":"first","10":"instock","11":"taxable","12":"shipping-taxable","13":"purchasable","14":"product-type-simple"},"_links":{"self":[{"href":"https:\/\/boreait.com\/hr\/wp-json\/wp\/v2\/product\/25090","targetHints":{"allow":["GET"]}}],"collection":[{"href":"https:\/\/boreait.com\/hr\/wp-json\/wp\/v2\/product"}],"about":[{"href":"https:\/\/boreait.com\/hr\/wp-json\/wp\/v2\/types\/product"}],"wp:featuredmedia":[{"embeddable":true,"href":"https:\/\/boreait.com\/hr\/wp-json\/wp\/v2\/media\/25145"}],"wp:attachment":[{"href":"https:\/\/boreait.com\/hr\/wp-json\/wp\/v2\/media?parent=25090"}],"wp:term":[{"taxonomy":"product_brand","embeddable":true,"href":"https:\/\/boreait.com\/hr\/wp-json\/wp\/v2\/product_brand?post=25090"},{"taxonomy":"product_cat","embeddable":true,"href":"https:\/\/boreait.com\/hr\/wp-json\/wp\/v2\/product_cat?post=25090"},{"taxonomy":"product_tag","embeddable":true,"href":"https:\/\/boreait.com\/hr\/wp-json\/wp\/v2\/product_tag?post=25090"}],"curies":[{"name":"wp","href":"https:\/\/api.w.org\/{rel}","templated":true}]}}