{"id":25075,"date":"2025-07-25T12:35:03","date_gmt":"2025-07-25T12:35:03","guid":{"rendered":"https:\/\/boreait.com\/hr\/?post_type=product&#038;p=25075"},"modified":"2026-01-30T07:16:54","modified_gmt":"2026-01-30T07:16:54","slug":"originalni-fujitsu-lifebook-s936-adapter-prikljucne-stanice-cp693580-z5-dijelovi-prijenosnog-racunala","status":"publish","type":"product","link":"https:\/\/boreait.com\/hr\/product\/originalni-fujitsu-lifebook-s936-adapter-prikljucne-stanice-cp693580-z5-dijelovi-prijenosnog-racunala\/","title":{"rendered":"Originalni Fujitsu Lifebook S936 adapter priklju\u010dne stanice CP693580-z5 dijelovi prijenosnog ra\u010dunala"},"content":{"rendered":"<p>Pove\u0107ajte svestranost i produktivnost svog Fujitsu Lifebook S936 s originalnim Fujitsu Lifebook S936 adapterom priklju\u010dne stanice CP693580-z5. Dizajniran za besprijekornu integraciju s va\u0161im ure\u0111ajem, ovaj adapter za priklju\u010dnu stanicu nudi prakti\u010dno rje\u0161enje za pro\u0161irenje mogu\u0107nosti va\u0161eg prijenosnog ra\u010dunala.<\/p>\n<p>Precizno izra\u0111en i projektiran za pouzdanost, ovaj originalni Fujitsu adapter osigurava sigurnu vezu s va\u0161om priklju\u010dnom stanicom, omogu\u0107uju\u0107i vam da bez napora pove\u017eete periferne ure\u0111aje kao \u0161to su monitori, tipkovnice i mi\u0161evi. Bilo da ste u uredu ili u pokretu, ovaj adapter pru\u017ea fleksibilnost koja vam je potrebna da ostanete produktivni.<\/p>\n<p>Iskusite pogodnost originalnih Fujitsu dijelova i otklju\u010dajte puni potencijal svog Lifebooka S936 s originalnim Fujitsu Lifebook S936 adapterom priklju\u010dne stanice CP693580-z5. Nadogradite svoje prijenosno ra\u010dunalo danas i u\u017eivajte u pobolj\u0161anoj povezivosti i funkcionalnosti kamo god po\u0161li.<\/p>\n","protected":false},"excerpt":{"rendered":"<p>Nadogradite svoj Fujitsu Lifebook S936 ovim originalnim adapterom za priklju\u010dnu stanicu. Dizajniran za besprijekornu kompatibilnost i jednostavnu instalaciju, ovaj visokokvalitetni adapter osigurava pouzdanu vezu s va\u0161om priklju\u010dnom stanicom, pobolj\u0161avaju\u0107i funkcionalnost va\u0161eg prijenosnog ra\u010dunala.<\/p>\n","protected":false},"featured_media":25144,"template":"","meta":[],"product_brand":[],"product_cat":[62],"product_tag":[63],"class_list":{"0":"post-25075","1":"product","2":"type-product","3":"status-publish","4":"has-post-thumbnail","6":"product_cat-motherboards-board-parts","7":"product_tag-fujitsu","9":"first","10":"instock","11":"taxable","12":"shipping-taxable","13":"purchasable","14":"product-type-simple"},"_links":{"self":[{"href":"https:\/\/boreait.com\/hr\/wp-json\/wp\/v2\/product\/25075","targetHints":{"allow":["GET"]}}],"collection":[{"href":"https:\/\/boreait.com\/hr\/wp-json\/wp\/v2\/product"}],"about":[{"href":"https:\/\/boreait.com\/hr\/wp-json\/wp\/v2\/types\/product"}],"wp:featuredmedia":[{"embeddable":true,"href":"https:\/\/boreait.com\/hr\/wp-json\/wp\/v2\/media\/25144"}],"wp:attachment":[{"href":"https:\/\/boreait.com\/hr\/wp-json\/wp\/v2\/media?parent=25075"}],"wp:term":[{"taxonomy":"product_brand","embeddable":true,"href":"https:\/\/boreait.com\/hr\/wp-json\/wp\/v2\/product_brand?post=25075"},{"taxonomy":"product_cat","embeddable":true,"href":"https:\/\/boreait.com\/hr\/wp-json\/wp\/v2\/product_cat?post=25075"},{"taxonomy":"product_tag","embeddable":true,"href":"https:\/\/boreait.com\/hr\/wp-json\/wp\/v2\/product_tag?post=25075"}],"curies":[{"name":"wp","href":"https:\/\/api.w.org\/{rel}","templated":true}]}}