{"id":25074,"date":"2025-07-25T12:35:03","date_gmt":"2025-07-25T12:35:03","guid":{"rendered":"https:\/\/boreait.com\/hr\/?post_type=product&#038;p=25074"},"modified":"2026-01-30T07:16:39","modified_gmt":"2026-01-30T07:16:39","slug":"fujitsu-s936p-dijelovi-za-popravak-ssd-komponente-prijenosnog-racunala","status":"publish","type":"product","link":"https:\/\/boreait.com\/hr\/product\/fujitsu-s936p-dijelovi-za-popravak-ssd-komponente-prijenosnog-racunala\/","title":{"rendered":"Fujitsu S936P Dijelovi za popravak SSD komponente prijenosnog ra\u010dunala"},"content":{"rendered":"<p>Revitalizirajte svoje prijenosno ra\u010dunalo Fujitsu S936\/P s nosa\u010dem za SSD s dijelovima za popravak Fujitsu S936\/P. Ovaj osnovni dio za popravak omogu\u0107uje vam neprimjetno montiranje va\u0161eg SSD-a, osiguravaju\u0107i optimalne performanse i pouzdanost va\u0161eg ure\u0111aja.<\/p>\n<p>Precizno izra\u0111en i dizajniran za kompatibilnost, ovaj dio za popravak nosa\u010da SSD-a projektiran je da zadovolji najvi\u0161e standarde kvalitete. Bilo da mijenjate o\u0161te\u0107eni nosa\u010d ili nadogra\u0111ujete svoju pohranu, ovaj originalni Fujitsu dio za popravak nudi pouzdano rje\u0161enje za potrebe popravka va\u0161eg prijenosnog ra\u010dunala.<\/p>\n<p>Jednostavna instalacija, vra\u0107anje pune funkcionalnosti va\u0161eg Fujitsu S936\/P nikada nije bilo lak\u0161e. Jednostavno instalirajte nosa\u010d za SSD i u\u017eivajte u miru znaju\u0107i da je va\u0161e prijenosno ra\u010dunalo opremljeno originalnim Fujitsu dijelovima za popravak.<\/p>\n<p>Iskusite razliku koju mogu napraviti originalni Fujitsu dijelovi za popravak i osigurajte da va\u0161e prijenosno ra\u010dunalo nastavi raditi najbolje s Fujitsu S936\/P SSD nosa\u010dem za dijelove za popravak. Naru\u010dite svoju danas i u\u017eivajte u brzim popravcima bez muke.<\/p>\n","protected":false},"excerpt":{"rendered":"<p>Vratite svom prijenosnom ra\u010dunalu Fujitsu S936\/P punu funkcionalnost s ovim dijelom za popravak nosa\u010da za SSD. U\u017eivajte u jednostavnoj instalaciji, osiguravaju\u0107i da \u0107e va\u0161e prijenosno ra\u010dunalo u tren oka ponovno raditi.<\/p>\n","protected":false},"featured_media":25143,"template":"","meta":[],"product_brand":[],"product_cat":[51],"product_tag":[63],"class_list":{"0":"post-25074","1":"product","2":"type-product","3":"status-publish","4":"has-post-thumbnail","6":"product_cat-laptop-housing","7":"product_tag-fujitsu","9":"first","10":"instock","11":"taxable","12":"shipping-taxable","13":"purchasable","14":"product-type-simple"},"_links":{"self":[{"href":"https:\/\/boreait.com\/hr\/wp-json\/wp\/v2\/product\/25074","targetHints":{"allow":["GET"]}}],"collection":[{"href":"https:\/\/boreait.com\/hr\/wp-json\/wp\/v2\/product"}],"about":[{"href":"https:\/\/boreait.com\/hr\/wp-json\/wp\/v2\/types\/product"}],"wp:featuredmedia":[{"embeddable":true,"href":"https:\/\/boreait.com\/hr\/wp-json\/wp\/v2\/media\/25143"}],"wp:attachment":[{"href":"https:\/\/boreait.com\/hr\/wp-json\/wp\/v2\/media?parent=25074"}],"wp:term":[{"taxonomy":"product_brand","embeddable":true,"href":"https:\/\/boreait.com\/hr\/wp-json\/wp\/v2\/product_brand?post=25074"},{"taxonomy":"product_cat","embeddable":true,"href":"https:\/\/boreait.com\/hr\/wp-json\/wp\/v2\/product_cat?post=25074"},{"taxonomy":"product_tag","embeddable":true,"href":"https:\/\/boreait.com\/hr\/wp-json\/wp\/v2\/product_tag?post=25074"}],"curies":[{"name":"wp","href":"https:\/\/api.w.org\/{rel}","templated":true}]}}