{"id":25073,"date":"2025-07-25T12:35:03","date_gmt":"2025-07-25T12:35:03","guid":{"rendered":"https:\/\/boreait.com\/hr\/?post_type=product&#038;p=25073"},"modified":"2025-07-25T12:36:15","modified_gmt":"2025-07-25T12:36:15","slug":"originalni-modul-citaca-sd-kartica-za-prijenosno-racunalo-fujitsu-lifebook-s936-cp693532-x5-originalni-dio","status":"publish","type":"product","link":"https:\/\/boreait.com\/hr\/product\/originalni-modul-citaca-sd-kartica-za-prijenosno-racunalo-fujitsu-lifebook-s936-cp693532-x5-originalni-dio\/","title":{"rendered":"Originalni modul \u010dita\u010da SD kartica za prijenosno ra\u010dunalo Fujitsu LifeBook S936 CP693532-X5 originalni dio"},"content":{"rendered":"<p>O\u017eivite funkcionalnost \u010dita\u010da SD kartica va\u0161eg prijenosnog ra\u010dunala Fujitsu LifeBook S936 s originalnim modulom \u010dita\u010da SD kartica za prijenosno ra\u010dunalo Fujitsu LifeBook S936 CP693532-X5. Izra\u0111en imaju\u0107i na umu preciznost i kompatibilnost, ovaj originalni dio dizajniran je za besprijekornu integraciju s va\u0161im ure\u0111ajem, osiguravaju\u0107i optimalnu izvedbu i pouzdanost.<\/p>\n<p>Sa originalnom Fujitsu kvalitetom, ovaj modul \u010dita\u010da SD kartica savr\u0161eno je rje\u0161enje za vra\u0107anje \u010dita\u010da SD kartica va\u0161eg prijenosnog ra\u010dunala u izvorno stanje. Bilo da imate problema sa svojim trenutnim modulom ili jednostavno \u017eelite nadogradnju, ovaj originalni zamjenski dio dizajniran je da zadovolji najvi\u0161e standarde kvalitete i kompatibilnosti.<\/p>\n<p>Jednostavan za instalaciju i napravljen da traje, ovaj zamjenski modul \u010dita\u010da SD kartica nudi jednostavno rje\u0161enje za popravke va\u0161eg prijenosnog ra\u010dunala. Uz njegovu izdr\u017eljivu konstrukciju i pouzdanu izvedbu, mo\u017eete vjerovati da \u0107e va\u0161 Fujitsu LifeBook S936 ponovno biti spreman za rad u tren oka.<\/p>\n<p>Iskusite razliku koju originalni Fujitsu dijelovi mogu napraviti i osigurajte da va\u0161e prijenosno ra\u010dunalo nastavi raditi na najbolji mogu\u0107i na\u010din uz originalni Fujitsu LifeBook S936 modul \u010dita\u010da SD kartica za prijenosno ra\u010dunalo CP693532-X5. Naru\u010dite svoje danas i s povjerenjem vratite funkcionalnost svog prijenosnog ra\u010dunala.<\/p>\n","protected":false},"excerpt":{"rendered":"<p>Vratite funkcionalnost \u010dita\u010da SD kartica na prijenosnom ra\u010dunalu Fujitsu LifeBook S936 s ovim originalnim modulom \u010dita\u010da SD kartica. Dizajniran za besprijekornu integraciju s va\u0161im ure\u0111ajem, ovaj originalni dio osigurava pouzdan rad i jednostavnu instalaciju.<\/p>\n","protected":false},"featured_media":25141,"template":"","meta":[],"product_brand":[],"product_cat":[62],"product_tag":[63],"class_list":{"0":"post-25073","1":"product","2":"type-product","3":"status-publish","4":"has-post-thumbnail","6":"product_cat-motherboards-board-parts","7":"product_tag-fujitsu","9":"first","10":"instock","11":"taxable","12":"shipping-taxable","13":"purchasable","14":"product-type-simple"},"_links":{"self":[{"href":"https:\/\/boreait.com\/hr\/wp-json\/wp\/v2\/product\/25073","targetHints":{"allow":["GET"]}}],"collection":[{"href":"https:\/\/boreait.com\/hr\/wp-json\/wp\/v2\/product"}],"about":[{"href":"https:\/\/boreait.com\/hr\/wp-json\/wp\/v2\/types\/product"}],"wp:featuredmedia":[{"embeddable":true,"href":"https:\/\/boreait.com\/hr\/wp-json\/wp\/v2\/media\/25141"}],"wp:attachment":[{"href":"https:\/\/boreait.com\/hr\/wp-json\/wp\/v2\/media?parent=25073"}],"wp:term":[{"taxonomy":"product_brand","embeddable":true,"href":"https:\/\/boreait.com\/hr\/wp-json\/wp\/v2\/product_brand?post=25073"},{"taxonomy":"product_cat","embeddable":true,"href":"https:\/\/boreait.com\/hr\/wp-json\/wp\/v2\/product_cat?post=25073"},{"taxonomy":"product_tag","embeddable":true,"href":"https:\/\/boreait.com\/hr\/wp-json\/wp\/v2\/product_tag?post=25073"}],"curies":[{"name":"wp","href":"https:\/\/api.w.org\/{rel}","templated":true}]}}