{"id":25071,"date":"2025-07-25T12:35:03","date_gmt":"2025-07-25T12:35:03","guid":{"rendered":"https:\/\/boreait.com\/hr\/?post_type=product&#038;p=25071"},"modified":"2025-07-25T12:36:08","modified_gmt":"2025-07-25T12:36:08","slug":"originalni-fujitsu-lifebook-s936-laptop-donji-poklopac-baze-vrata-za-pristup-ram-memoriji","status":"publish","type":"product","link":"https:\/\/boreait.com\/hr\/product\/originalni-fujitsu-lifebook-s936-laptop-donji-poklopac-baze-vrata-za-pristup-ram-memoriji\/","title":{"rendered":"Originalni Fujitsu LifeBook S936 laptop Donji poklopac baze Vrata za pristup RAM memoriji"},"content":{"rendered":"<p>Nadogradite memoriju svog prijenosnog ra\u010dunala Fujitsu LifeBook S936 s lako\u0107om pomo\u0107u vrata\u0161ca za pristup RAM memoriji izvornog donjeg poklopca prijenosnog ra\u010dunala Fujitsu LifeBook S936. Izra\u0111ena u skladu s najvi\u0161im standardima kvalitete i kompatibilnosti, ova originalna pristupna vrata pru\u017eaju prakti\u010dan pristup RAM utorima va\u0161eg prijenosnog ra\u010dunala za nadogradnju ili zamjenu memorije.<\/p>\n<p>Odlikuje se izdr\u017eljivom konstrukcijom i preciznim uklapanjem, ova pristupna vrata dizajnirana su za besprijekornu integraciju s va\u0161im Fujitsu LifeBook S936, osiguravaju\u0107i optimalne performanse i pouzdanost. Bilo da ste profesionalni korisnik koji \u017eeli pobolj\u0161ati mogu\u0107nosti multitaskinga va\u0161eg prijenosnog ra\u010dunala ili povremeni korisnik koji \u017eeli pobolj\u0161ati performanse, ova pristupna vrata nude savr\u0161eno rje\u0161enje za va\u0161e potrebe nadogradnje memorije.<\/p>\n<p>Jednostavna za instalaciju i napravljena da dugo traju, ova originalna pristupna vrata osiguravaju nesmetan pristup RAM utorima va\u0161eg prijenosnog ra\u010dunala, omogu\u0107uju\u0107i vam jednostavnu instalaciju ili zamjenu memorijskih modula prema potrebi. Uz dizajn jednostavan za kori\u0161tenje i pouzdanu izvedbu, mo\u017eete vjerovati da \u0107e va\u0161 Fujitsu LifeBook S936 nastaviti zadovoljavati va\u0161e ra\u010dunalne potrebe u godinama koje dolaze.<\/p>\n<p>Oslobodite puni potencijal svog Fujitsu LifeBook S936 prijenosnog ra\u010dunala s originalnim Fujitsu LifeBook S936 prijenosnim donjim poklopcem baze RAM vrata za pristup memoriji. Naru\u010dite svoju danas i do\u017eivite pogodnost jednostavne nadogradnje memorije s originalnim Fujitsu dijelovima.<\/p>\n","protected":false},"excerpt":{"rendered":"<p>Zamijenite vrata\u0161ca za pristup RAM memoriji donjeg osnovnog poklopca prijenosnog ra\u010dunala Fujitsu LifeBook S936 ovim originalnim dijelom. Dizajnirana za jednostavnu instalaciju, ova originalna pristupna vrata osiguravaju prakti\u010dan pristup RAM utorima va\u0161eg prijenosnog ra\u010dunala za nadogradnju ili zamjenu memorije.<\/p>\n","protected":false},"featured_media":25129,"template":"","meta":[],"product_brand":[],"product_cat":[51],"product_tag":[63],"class_list":{"0":"post-25071","1":"product","2":"type-product","3":"status-publish","4":"has-post-thumbnail","6":"product_cat-laptop-housing","7":"product_tag-fujitsu","9":"first","10":"instock","11":"taxable","12":"shipping-taxable","13":"purchasable","14":"product-type-simple"},"_links":{"self":[{"href":"https:\/\/boreait.com\/hr\/wp-json\/wp\/v2\/product\/25071","targetHints":{"allow":["GET"]}}],"collection":[{"href":"https:\/\/boreait.com\/hr\/wp-json\/wp\/v2\/product"}],"about":[{"href":"https:\/\/boreait.com\/hr\/wp-json\/wp\/v2\/types\/product"}],"wp:featuredmedia":[{"embeddable":true,"href":"https:\/\/boreait.com\/hr\/wp-json\/wp\/v2\/media\/25129"}],"wp:attachment":[{"href":"https:\/\/boreait.com\/hr\/wp-json\/wp\/v2\/media?parent=25071"}],"wp:term":[{"taxonomy":"product_brand","embeddable":true,"href":"https:\/\/boreait.com\/hr\/wp-json\/wp\/v2\/product_brand?post=25071"},{"taxonomy":"product_cat","embeddable":true,"href":"https:\/\/boreait.com\/hr\/wp-json\/wp\/v2\/product_cat?post=25071"},{"taxonomy":"product_tag","embeddable":true,"href":"https:\/\/boreait.com\/hr\/wp-json\/wp\/v2\/product_tag?post=25071"}],"curies":[{"name":"wp","href":"https:\/\/api.w.org\/{rel}","templated":true}]}}