{"id":25070,"date":"2025-07-25T12:35:03","date_gmt":"2025-07-25T12:35:03","guid":{"rendered":"https:\/\/boreait.com\/hr\/?post_type=product&#038;p=25070"},"modified":"2025-07-25T12:36:05","modified_gmt":"2025-07-25T12:36:05","slug":"originalna-usb-ploca-za-prijenosno-racunalo-fujitsu-lifebook-s936-zamjenski-dijelovi-kabela","status":"publish","type":"product","link":"https:\/\/boreait.com\/hr\/product\/originalna-usb-ploca-za-prijenosno-racunalo-fujitsu-lifebook-s936-zamjenski-dijelovi-kabela\/","title":{"rendered":"Originalna USB plo\u010da za prijenosno ra\u010dunalo Fujitsu LifeBook S936 &amp; Zamjenski dijelovi kabela"},"content":{"rendered":"<p>O\u017eivite USB funkcionalnost va\u0161eg prijenosnog ra\u010dunala Fujitsu LifeBook S936 s originalnom USB plo\u010dom za prijenosno ra\u010dunalo Fujitsu LifeBook S936 &amp; Zamjenski dijelovi kabela. Izra\u0111ena imaju\u0107i na umu preciznost i kompatibilnost, ova zamjena za USB plo\u010du i kabel dizajnirana je za besprijekornu integraciju s va\u0161im ure\u0111ajem, osiguravaju\u0107i optimalnu izvedbu i pouzdanost.<\/p>\n<p>Sa originalnom Fujitsu kvalitetom, ova zamjena za USB plo\u010du i kabel savr\u0161eno je rje\u0161enje za vra\u0107anje USB povezivosti va\u0161eg prijenosnog ra\u010dunala u izvorno stanje. Bilo da imate problema s trenutnom plo\u010dom ili kabelom, ili jednostavno \u017eelite nadogradnju, ovaj originalni zamjenski dio dizajniran je da zadovolji najvi\u0161e standarde kvalitete i kompatibilnosti.<\/p>\n<p>Jednostavna za instalaciju i napravljena da traje, ova zamjena za USB plo\u010du i kabel nudi jednostavno rje\u0161enje za popravke va\u0161eg prijenosnog ra\u010dunala. Uz njegovu izdr\u017eljivu konstrukciju i pouzdanu izvedbu, mo\u017eete vjerovati da \u0107e va\u0161 Fujitsu LifeBook S936 ponovno biti spreman za rad u tren oka.<\/p>\n<p>Iskusite razliku koju mogu napraviti originalni Fujitsu dijelovi i osigurajte da va\u0161e prijenosno ra\u010dunalo nastavi raditi najbolje \u0161to mo\u017eete s originalnom USB plo\u010dom za prijenosno ra\u010dunalo Fujitsu LifeBook S936 &amp; Zamjenski dijelovi kabela. Naru\u010dite svoje danas i s povjerenjem vratite USB funkcionalnost svog prijenosnog ra\u010dunala.<\/p>\n","protected":false},"excerpt":{"rendered":"<p>Vratite USB funkcionalnost svog prijenosnog ra\u010dunala Fujitsu LifeBook S936 pomo\u0107u ove originalne USB plo\u010de i zamjene za kabel. Dizajniran za jednostavnu instalaciju i pouzdanu izvedbu, ovaj visokokvalitetni zamjenski dio osigurava besprijekornu povezanost va\u0161eg prijenosnog ra\u010dunala.<\/p>\n","protected":false},"featured_media":25127,"template":"","meta":[],"product_brand":[],"product_cat":[62],"product_tag":[63],"class_list":{"0":"post-25070","1":"product","2":"type-product","3":"status-publish","4":"has-post-thumbnail","6":"product_cat-motherboards-board-parts","7":"product_tag-fujitsu","9":"first","10":"instock","11":"taxable","12":"shipping-taxable","13":"purchasable","14":"product-type-simple"},"_links":{"self":[{"href":"https:\/\/boreait.com\/hr\/wp-json\/wp\/v2\/product\/25070","targetHints":{"allow":["GET"]}}],"collection":[{"href":"https:\/\/boreait.com\/hr\/wp-json\/wp\/v2\/product"}],"about":[{"href":"https:\/\/boreait.com\/hr\/wp-json\/wp\/v2\/types\/product"}],"wp:featuredmedia":[{"embeddable":true,"href":"https:\/\/boreait.com\/hr\/wp-json\/wp\/v2\/media\/25127"}],"wp:attachment":[{"href":"https:\/\/boreait.com\/hr\/wp-json\/wp\/v2\/media?parent=25070"}],"wp:term":[{"taxonomy":"product_brand","embeddable":true,"href":"https:\/\/boreait.com\/hr\/wp-json\/wp\/v2\/product_brand?post=25070"},{"taxonomy":"product_cat","embeddable":true,"href":"https:\/\/boreait.com\/hr\/wp-json\/wp\/v2\/product_cat?post=25070"},{"taxonomy":"product_tag","embeddable":true,"href":"https:\/\/boreait.com\/hr\/wp-json\/wp\/v2\/product_tag?post=25070"}],"curies":[{"name":"wp","href":"https:\/\/api.w.org\/{rel}","templated":true}]}}