{"id":25069,"date":"2025-07-25T12:35:02","date_gmt":"2025-07-25T12:35:02","guid":{"rendered":"https:\/\/boreait.com\/hr\/?post_type=product&#038;p=25069"},"modified":"2026-01-30T07:16:23","modified_gmt":"2026-01-30T07:16:23","slug":"originalni-fujitsu-lifebook-s936-lcd-zaslon-lijevog-i-desnog-sarke-par-poklopaca","status":"publish","type":"product","link":"https:\/\/boreait.com\/hr\/product\/originalni-fujitsu-lifebook-s936-lcd-zaslon-lijevog-i-desnog-sarke-par-poklopaca\/","title":{"rendered":"Originalni Fujitsu LifeBook S936 LCD zaslon lijevog i desnog \u0161arke par poklopaca"},"content":{"rendered":"<p>Osigurajte izdr\u017eljivost i dugovje\u010dnost svog prijenosnog ra\u010dunala Fujitsu LifeBook S936 s originalnim LCD zaslonom lijevog &amp; Desni poklopci za par \u0161arki. Izra\u0111eni imaju\u0107i na umu preciznost i kompatibilnost, ovi originalni poklopci sa \u0161arkama dizajnirani su kako bi savr\u0161eno nadopunili va\u0161 ure\u0111aj, pru\u017eaju\u0107i sigurnu i stabilnu vezu za va\u0161 LCD zaslon.<\/p>\n<p>Uz originalnu Fujitsu kvalitetu, ovi poklopci za \u0161arke idealno su rje\u0161enje za zamjenu o\u0161te\u0107enih ili istro\u0161enih komponenti. Bilo da imate problema s labavim ili slomljenim \u0161arkama ili jednostavno \u017eelite pobolj\u0161ati izgled prijenosnog ra\u010dunala, ovi originalni zamjenski dijelovi savr\u0161eno odgovaraju i funkcioniraju.<\/p>\n<p>Jednostavni za postavljanje i napravljeni da traju, ovi poklopci \u0161arki osiguravaju da LCD zaslon va\u0161eg prijenosnog ra\u010dunala Fujitsu LifeBook S936 ostane sigurno na mjestu, sprje\u010davaju\u0107i njihanje ili neuskla\u0111enost. Uz njihovu izdr\u017eljivu konstrukciju i pouzdanu izvedbu, mo\u017eete vjerovati da \u0107e va\u0161e prijenosno ra\u010dunalo i dalje raditi u najboljem izdanju.<\/p>\n<p>Iskusite razliku koju originalni Fujitsu dijelovi mogu napraviti i osigurati stabilnost i funkcionalnost va\u0161eg prijenosnog ra\u010dunala s originalnim Fujitsu LifeBook S936 LCD zaslonom lijevog &amp; Desni poklopci za par \u0161arki. Naru\u010dite svoje danas i u\u017eivajte bezbri\u017eno znaju\u0107i da je va\u0161e prijenosno ra\u010dunalo za\u0161ti\u0107eno komponentama prave kvalitete.<\/p>\n","protected":false},"excerpt":{"rendered":"<p>Vratite stabilnost i funkcionalnost LCD zaslonu prijenosnog ra\u010dunala Fujitsu LifeBook S936 s ovim parom originalnih poklopaca s lijevom i desnom \u0161arkom. Dizajnirani da osiguraju sigurno pristajanje i besprijekoran rad, ovi originalni poklopci za \u0161arke neophodni su za svaki popravak ili nadogradnju prijenosnog ra\u010dunala.<\/p>\n","protected":false},"featured_media":25126,"template":"","meta":[],"product_brand":[],"product_cat":[51],"product_tag":[63],"class_list":{"0":"post-25069","1":"product","2":"type-product","3":"status-publish","4":"has-post-thumbnail","6":"product_cat-laptop-housing","7":"product_tag-fujitsu","9":"first","10":"instock","11":"taxable","12":"shipping-taxable","13":"purchasable","14":"product-type-simple"},"_links":{"self":[{"href":"https:\/\/boreait.com\/hr\/wp-json\/wp\/v2\/product\/25069","targetHints":{"allow":["GET"]}}],"collection":[{"href":"https:\/\/boreait.com\/hr\/wp-json\/wp\/v2\/product"}],"about":[{"href":"https:\/\/boreait.com\/hr\/wp-json\/wp\/v2\/types\/product"}],"wp:featuredmedia":[{"embeddable":true,"href":"https:\/\/boreait.com\/hr\/wp-json\/wp\/v2\/media\/25126"}],"wp:attachment":[{"href":"https:\/\/boreait.com\/hr\/wp-json\/wp\/v2\/media?parent=25069"}],"wp:term":[{"taxonomy":"product_brand","embeddable":true,"href":"https:\/\/boreait.com\/hr\/wp-json\/wp\/v2\/product_brand?post=25069"},{"taxonomy":"product_cat","embeddable":true,"href":"https:\/\/boreait.com\/hr\/wp-json\/wp\/v2\/product_cat?post=25069"},{"taxonomy":"product_tag","embeddable":true,"href":"https:\/\/boreait.com\/hr\/wp-json\/wp\/v2\/product_tag?post=25069"}],"curies":[{"name":"wp","href":"https:\/\/api.w.org\/{rel}","templated":true}]}}