{"id":25068,"date":"2025-07-25T12:35:02","date_gmt":"2025-07-25T12:35:02","guid":{"rendered":"https:\/\/boreait.com\/hr\/?post_type=product&#038;p=25068"},"modified":"2025-07-25T12:35:59","modified_gmt":"2025-07-25T12:35:59","slug":"originalni-par-unutarnjih-zvucnika-za-prijenosno-racunalo-fujitsu-lifebook-s936-lijevi-pravo-koristeno","status":"publish","type":"product","link":"https:\/\/boreait.com\/hr\/product\/originalni-par-unutarnjih-zvucnika-za-prijenosno-racunalo-fujitsu-lifebook-s936-lijevi-pravo-koristeno\/","title":{"rendered":"Originalni par unutarnjih zvu\u010dnika za prijenosno ra\u010dunalo Fujitsu LifeBook S936 Lijevi &amp; Pravo kori\u0161teno"},"content":{"rendered":"<p>Nadogradite audio iskustvo svog prijenosnog ra\u010dunala Fujitsu LifeBook S936 s ovim parom originalnih internih zvu\u010dnika za prijenosno ra\u010dunalo Fujitsu LifeBook S936. Dizajnirani za pru\u017eanje iznimne kvalitete zvuka, ovi zvu\u010dnici savr\u0161ena su zamjena za va\u0161e o\u0161te\u0107ene ili istro\u0161ene unutarnje zvu\u010dnike.<\/p>\n<p>Testirani i potvr\u0111eno da su u dobrom radnom stanju, ovi rabljeni zvu\u010dnici nude pouzdane performanse po pristupa\u010dnoj cijeni. Bilo da gledate filmove, slu\u0161ate glazbu ili odr\u017eavate videokonferencije, mo\u017eete ra\u010dunati da \u0107e ovi zvu\u010dnici pru\u017eiti o\u0161tar i \u010dist zvuk.<\/p>\n<p>Jednostavni za instalaciju i kompatibilni s va\u0161im prijenosnim ra\u010dunalom Fujitsu LifeBook S936, ovi unutarnji zvu\u010dnici dolaze u paru, uklju\u010duju\u0107i lijevi i desni zvu\u010dnik. Vratite audio mogu\u0107nosti svog prijenosnog ra\u010dunala na njihov izvorni sjaj i u\u017eivajte u impresivnoj kvaliteti zvuka s ovim originalnim Fujitsu zamjenskim dijelovima.<\/p>\n<p>Nadogradite svoje audio iskustvo danas i unesite novi \u017eivot u svoje prijenosno ra\u010dunalo Fujitsu LifeBook S936 s originalnim parom unutarnjih zvu\u010dnika za prijenosno ra\u010dunalo Fujitsu LifeBook S936 s lijeve strane &amp; Pravo kori\u0161teno. Naru\u010dite sada i u\u017eivajte u pobolj\u0161anim performansama zvuka pri svakoj upotrebi.<\/p>\n","protected":false},"excerpt":{"rendered":"<p>Pobolj\u0161ajte audio performanse prijenosnog ra\u010dunala Fujitsu LifeBook S936 s ovim parom originalnih unutarnjih zvu\u010dnika. Testirani i u dobrom radnom stanju, ovi rabljeni zvu\u010dnici savr\u0161ena su zamjena za o\u0161te\u0107ene ili neispravne zvu\u010dnike, osiguravaju\u0107i da u\u017eivate u o\u0161troj i \u010distoj kvaliteti zvuka.<\/p>\n","protected":false},"featured_media":25125,"template":"","meta":[],"product_brand":[],"product_cat":[53],"product_tag":[63],"class_list":{"0":"post-25068","1":"product","2":"type-product","3":"status-publish","4":"has-post-thumbnail","6":"product_cat-laptop-speakers","7":"product_tag-fujitsu","9":"first","10":"instock","11":"taxable","12":"shipping-taxable","13":"purchasable","14":"product-type-simple"},"_links":{"self":[{"href":"https:\/\/boreait.com\/hr\/wp-json\/wp\/v2\/product\/25068","targetHints":{"allow":["GET"]}}],"collection":[{"href":"https:\/\/boreait.com\/hr\/wp-json\/wp\/v2\/product"}],"about":[{"href":"https:\/\/boreait.com\/hr\/wp-json\/wp\/v2\/types\/product"}],"wp:featuredmedia":[{"embeddable":true,"href":"https:\/\/boreait.com\/hr\/wp-json\/wp\/v2\/media\/25125"}],"wp:attachment":[{"href":"https:\/\/boreait.com\/hr\/wp-json\/wp\/v2\/media?parent=25068"}],"wp:term":[{"taxonomy":"product_brand","embeddable":true,"href":"https:\/\/boreait.com\/hr\/wp-json\/wp\/v2\/product_brand?post=25068"},{"taxonomy":"product_cat","embeddable":true,"href":"https:\/\/boreait.com\/hr\/wp-json\/wp\/v2\/product_cat?post=25068"},{"taxonomy":"product_tag","embeddable":true,"href":"https:\/\/boreait.com\/hr\/wp-json\/wp\/v2\/product_tag?post=25068"}],"curies":[{"name":"wp","href":"https:\/\/api.w.org\/{rel}","templated":true}]}}