{"id":25066,"date":"2025-07-25T12:35:02","date_gmt":"2025-07-25T12:35:02","guid":{"rendered":"https:\/\/boreait.com\/hr\/?post_type=product&#038;p=25066"},"modified":"2025-07-25T12:35:56","modified_gmt":"2025-07-25T12:35:56","slug":"originalni-hladnjak-fujitsu-lifebook-s936-prijenosnog-racunala-cpu-ventilatora-originalni-dijelovi-za-prijenosna-racunala","status":"publish","type":"product","link":"https:\/\/boreait.com\/hr\/product\/originalni-hladnjak-fujitsu-lifebook-s936-prijenosnog-racunala-cpu-ventilatora-originalni-dijelovi-za-prijenosna-racunala\/","title":{"rendered":"Originalni hladnjak Fujitsu LifeBook S936 prijenosnog ra\u010dunala CPU ventilatora &#8211; originalni dijelovi za prijenosna ra\u010dunala"},"content":{"rendered":"<p>Pobolj\u0161ajte performanse i dugovje\u010dnost svog Fujitsu LifeBook S936 s originalnim Fujitsu LifeBook S936 prijenosnim ventilatorom hladnjaka CPU-a. Ovaj originalni zamjenski dio posebno je dizajniran za vrhunsko hla\u0111enje, osiguravaju\u0107i da va\u0161e prijenosno ra\u010dunalo ostane hladno i da radi s vrhunskom u\u010dinkovito\u0161\u0107u.<\/p>\n<p>Izra\u0111en od visokokvalitetnih materijala, ovaj hladnjak CPU ventilatora napravljen je da traje i jam\u010di optimalno upravljanje toplinom za va\u0161 ure\u0111aj. Bilo da imate problema s pregrijavanjem ili jednostavno \u017eelite nadogradnju, ovaj originalni Fujitsu dio savr\u0161eno je rje\u0161enje za odr\u017eavanje zdravlja i performansi va\u0161eg prijenosnog ra\u010dunala.<\/p>\n<p>Jednostavan za instalaciju, ovaj zamjenski hladnjak CPU ventilatora nudi jednostavno rje\u0161enje za popravke va\u0161eg prijenosnog ra\u010dunala. S njegovom robusnom konstrukcijom i pouzdanim performansama, mo\u017eete vjerovati da \u0107e va\u0161 Fujitsu LifeBook S936 ostati hladan i u\u010dinkovit, \u010dak i tijekom intenzivnih zadataka.<\/p>\n<p>Iskusite prednosti originalnih Fujitsu dijelova i odr\u017eavajte svoje prijenosno ra\u010dunalo u vrhunskom stanju s originalnim Fujitsu LifeBook S936 hladnjakom za CPU ventilator prijenosnog ra\u010dunala. Naru\u010dite svoje danas i osigurajte da \u0107e va\u0161e prijenosno ra\u010dunalo nastaviti pru\u017eati izvanredne performanse i pouzdanost.<\/p>\n","protected":false},"excerpt":{"rendered":"<p>Pobrinite se da va\u0161 Fujitsu LifeBook S936 radi glatko uz ovaj originalni hladnjak CPU ventilatora. Dizajniran za optimalne performanse hla\u0111enja, osigurava da va\u0161e prijenosno ra\u010dunalo ostane hladno i da radi u\u010dinkovito. Jednostavan za instalaciju i izra\u0111en od visokokvalitetnih materijala, ovaj je zamjenski dio neophodan za odr\u017eavanje zdravlja va\u0161eg prijenosnog ra\u010dunala.<\/p>\n","protected":false},"featured_media":25123,"template":"","meta":[],"product_brand":[],"product_cat":[68],"product_tag":[63],"class_list":{"0":"post-25066","1":"product","2":"type-product","3":"status-publish","4":"has-post-thumbnail","6":"product_cat-cpu-fans-heatsinks","7":"product_tag-fujitsu","9":"first","10":"instock","11":"taxable","12":"shipping-taxable","13":"purchasable","14":"product-type-simple"},"_links":{"self":[{"href":"https:\/\/boreait.com\/hr\/wp-json\/wp\/v2\/product\/25066","targetHints":{"allow":["GET"]}}],"collection":[{"href":"https:\/\/boreait.com\/hr\/wp-json\/wp\/v2\/product"}],"about":[{"href":"https:\/\/boreait.com\/hr\/wp-json\/wp\/v2\/types\/product"}],"wp:featuredmedia":[{"embeddable":true,"href":"https:\/\/boreait.com\/hr\/wp-json\/wp\/v2\/media\/25123"}],"wp:attachment":[{"href":"https:\/\/boreait.com\/hr\/wp-json\/wp\/v2\/media?parent=25066"}],"wp:term":[{"taxonomy":"product_brand","embeddable":true,"href":"https:\/\/boreait.com\/hr\/wp-json\/wp\/v2\/product_brand?post=25066"},{"taxonomy":"product_cat","embeddable":true,"href":"https:\/\/boreait.com\/hr\/wp-json\/wp\/v2\/product_cat?post=25066"},{"taxonomy":"product_tag","embeddable":true,"href":"https:\/\/boreait.com\/hr\/wp-json\/wp\/v2\/product_tag?post=25066"}],"curies":[{"name":"wp","href":"https:\/\/api.w.org\/{rel}","templated":true}]}}