{"id":25050,"date":"2025-07-25T12:34:41","date_gmt":"2025-07-25T12:34:41","guid":{"rendered":"https:\/\/boreait.com\/hr\/?post_type=product&#038;p=25050"},"modified":"2025-07-25T12:35:46","modified_gmt":"2025-07-25T12:35:46","slug":"originalni-fujitsu-lifebook-s936-prijenosni-lcd-okvir-okvira-prednjeg-poklopca-okvira","status":"publish","type":"product","link":"https:\/\/boreait.com\/hr\/product\/originalni-fujitsu-lifebook-s936-prijenosni-lcd-okvir-okvira-prednjeg-poklopca-okvira\/","title":{"rendered":"Originalni Fujitsu LifeBook S936 prijenosni LCD okvir okvira prednjeg poklopca okvira"},"content":{"rendered":"<p>Pobolj\u0161ajte i obnovite svoje prijenosno ra\u010dunalo Fujitsu LifeBook S936 s originalnim okvirom LCD zaslona prednjeg poklopca originalnog Fujitsu LifeBook S936 prijenosnog ra\u010dunala. Dizajniran posebno za model S936, ovaj okru\u017euju\u0107i okvir prednjeg poklopca savr\u0161eno pristaje i estetski ugodan zavr\u0161etak va\u0161eg prijenosnog ra\u010dunala.<\/p>\n<p>Izra\u0111en od visokokvalitetnih materijala, ovaj prednji poklopac s okvirom napravljen je da traje, pru\u017eaju\u0107i izdr\u017eljivost i snagu za za\u0161titu zaslona va\u0161eg prijenosnog ra\u010dunala. Bilo da je va\u0161 originalni okvir o\u0161te\u0107en ili jednostavno \u017eelite osvje\u017eiti izgled prijenosnog ra\u010dunala, ovaj originalni Fujitsu dio osigurava besprijekornu integraciju i pouzdanost.<\/p>\n<p>Precizna konstrukcija ovog prednjeg poklopca s okvirom omogu\u0107uje jednostavnu instalaciju, \u0161to ga \u010dini zamjenskim rje\u0161enjem bez problema za popravke va\u0161eg prijenosnog ra\u010dunala. Uz njegov elegantan dizajn i to\u010dne specifikacije, mo\u017eete vjerovati da \u0107e va\u0161 Fujitsu LifeBook S936 zadr\u017eati svoj profesionalni i ugla\u0111eni izgled.<\/p>\n<p>Fotografije u popisu stvarne su fotografije dijelova koje \u0107ete dobiti, \u010dime se osigurava transparentnost i autenti\u010dnost. Imajte na umu da iako ovaj proizvod ne dolazi s uputama za zamjenu, na\u0161 tim je dostupan za pomo\u0107 u vezi s bilo kakvim pitanjima ili dodatnom pomo\u0107i koja vam je potrebna.<\/p>\n<p>Ula\u017eite u kvalitetu i izvedbu originalnih Fujitsu dijelova s originalnim Fujitsu LifeBook S936 prijenosnim LCD zaslonom s prednjim okvirom okvira. Naru\u010dite svoje danas i dajte svom prijenosnom ra\u010dunalu nadogradnju koju zaslu\u017euje.<\/p>\n","protected":false},"excerpt":{"rendered":"<p>Vratite izgled svom Fujitsu LifeBooku S936 ovim originalnim prednjim poklopcem s okvirom LCD zaslona. Dizajniran za savr\u0161eno pristajanje i zavr\u0161nu obradu, ovaj visokokvalitetni okvir osigurava izdr\u017eljivost i besprijekornu integraciju s va\u0161im prijenosnim ra\u010dunalom.<\/p>\n","protected":false},"featured_media":25110,"template":"","meta":[],"product_brand":[],"product_cat":[51],"product_tag":[63],"class_list":{"0":"post-25050","1":"product","2":"type-product","3":"status-publish","4":"has-post-thumbnail","6":"product_cat-laptop-housing","7":"product_tag-fujitsu","9":"first","10":"instock","11":"taxable","12":"shipping-taxable","13":"purchasable","14":"product-type-simple"},"_links":{"self":[{"href":"https:\/\/boreait.com\/hr\/wp-json\/wp\/v2\/product\/25050","targetHints":{"allow":["GET"]}}],"collection":[{"href":"https:\/\/boreait.com\/hr\/wp-json\/wp\/v2\/product"}],"about":[{"href":"https:\/\/boreait.com\/hr\/wp-json\/wp\/v2\/types\/product"}],"wp:featuredmedia":[{"embeddable":true,"href":"https:\/\/boreait.com\/hr\/wp-json\/wp\/v2\/media\/25110"}],"wp:attachment":[{"href":"https:\/\/boreait.com\/hr\/wp-json\/wp\/v2\/media?parent=25050"}],"wp:term":[{"taxonomy":"product_brand","embeddable":true,"href":"https:\/\/boreait.com\/hr\/wp-json\/wp\/v2\/product_brand?post=25050"},{"taxonomy":"product_cat","embeddable":true,"href":"https:\/\/boreait.com\/hr\/wp-json\/wp\/v2\/product_cat?post=25050"},{"taxonomy":"product_tag","embeddable":true,"href":"https:\/\/boreait.com\/hr\/wp-json\/wp\/v2\/product_tag?post=25050"}],"curies":[{"name":"wp","href":"https:\/\/api.w.org\/{rel}","templated":true}]}}