{"id":25049,"date":"2025-07-25T12:34:40","date_gmt":"2025-07-25T12:34:40","guid":{"rendered":"https:\/\/boreait.com\/hr\/?post_type=product&#038;p=25049"},"modified":"2025-07-25T12:35:43","modified_gmt":"2025-07-25T12:35:43","slug":"originalni-zamjenski-dijelovi-prijenosnog-racunala-fujitsu-lifebook-s936-naslon-za-ruku","status":"publish","type":"product","link":"https:\/\/boreait.com\/hr\/product\/originalni-zamjenski-dijelovi-prijenosnog-racunala-fujitsu-lifebook-s936-naslon-za-ruku\/","title":{"rendered":"Originalni zamjenski dijelovi prijenosnog ra\u010dunala Fujitsu Lifebook S936 naslon za ruku"},"content":{"rendered":"<p>Pobolj\u0161ajte izgled i upotrebljivost svog Fujitsu Lifebook S936 s originalnim osloncem za dlan dizajniranim posebno za ovaj model. Ovaj visokokvalitetni zamjenski dio osigurava savr\u0161eno pristajanje i zadr\u017eava elegantan dizajn va\u0161eg prijenosnog ra\u010dunala, pru\u017eaju\u0107i udobno i dugotrajno iskustvo tipkanja.<\/p>\n<p>Izra\u0111en imaju\u0107i na umu preciznost i izdr\u017eljivost, ovaj originalni oslonac za dlan idealno je rje\u0161enje za zamjenu istro\u0161enog ili o\u0161te\u0107enog oslonca za dlan. Besprijekorno se integrira s va\u0161im Fujitsu Lifebook S936, vra\u0107aju\u0107i njegov izvorni izgled i dojam dok zadr\u017eava ukupnu estetiku i funkcionalnost prijenosnog ra\u010dunala.<\/p>\n<p>Jednostavan za instalaciju i dizajniran da traje, ovaj zamjenski oslonac za dlanove nudi jednostavno rje\u0161enje za pobolj\u0161anje upotrebljivosti va\u0161eg prijenosnog ra\u010dunala. Visokokvalitetni materijali kori\u0161teni u njegovoj izradi osiguravaju da mo\u017ee izdr\u017eati redovitu uporabu, pru\u017eaju\u0107i vam pouzdano i dugotrajno rje\u0161enje.<\/p>\n<p>Bilo da \u017eelite zamijeniti o\u0161te\u0107eni oslonac za dlan ili jednostavno pobolj\u0161ati izgled prijenosnog ra\u010dunala, originalni oslonac za dlan Fujitsu Lifebook S936 savr\u0161en je izbor. Do\u017eivite udobnost i kvalitetu originalnog zamjenskog dijela i vratite svom prijenosnom ra\u010dunalu funkcionalnost i estetiku s povjerenjem.<\/p>\n<p>Naru\u010dite svoj originalni oslonac za ruku za Fujitsu Lifebook S936 danas i dajte svom prijenosnom ra\u010dunalu svje\u017e, novi izgled.<\/p>\n","protected":false},"excerpt":{"rendered":"<p>Vratite izgled i funkcionalnost svom Fujitsu Lifebook S936 s ovim originalnim osloncem za dlan. Dizajniran za savr\u0161eno pristajanje i izdr\u017eljivost, osigurava udobno tipkanje i besprijekornu integraciju s va\u0161im prijenosnim ra\u010dunalom.<\/p>\n","protected":false},"featured_media":25108,"template":"","meta":[],"product_brand":[],"product_cat":[51],"product_tag":[63],"class_list":{"0":"post-25049","1":"product","2":"type-product","3":"status-publish","4":"has-post-thumbnail","6":"product_cat-laptop-housing","7":"product_tag-fujitsu","9":"first","10":"instock","11":"taxable","12":"shipping-taxable","13":"purchasable","14":"product-type-simple"},"_links":{"self":[{"href":"https:\/\/boreait.com\/hr\/wp-json\/wp\/v2\/product\/25049","targetHints":{"allow":["GET"]}}],"collection":[{"href":"https:\/\/boreait.com\/hr\/wp-json\/wp\/v2\/product"}],"about":[{"href":"https:\/\/boreait.com\/hr\/wp-json\/wp\/v2\/types\/product"}],"wp:featuredmedia":[{"embeddable":true,"href":"https:\/\/boreait.com\/hr\/wp-json\/wp\/v2\/media\/25108"}],"wp:attachment":[{"href":"https:\/\/boreait.com\/hr\/wp-json\/wp\/v2\/media?parent=25049"}],"wp:term":[{"taxonomy":"product_brand","embeddable":true,"href":"https:\/\/boreait.com\/hr\/wp-json\/wp\/v2\/product_brand?post=25049"},{"taxonomy":"product_cat","embeddable":true,"href":"https:\/\/boreait.com\/hr\/wp-json\/wp\/v2\/product_cat?post=25049"},{"taxonomy":"product_tag","embeddable":true,"href":"https:\/\/boreait.com\/hr\/wp-json\/wp\/v2\/product_tag?post=25049"}],"curies":[{"name":"wp","href":"https:\/\/api.w.org\/{rel}","templated":true}]}}