{"id":25047,"date":"2025-07-25T12:34:40","date_gmt":"2025-07-25T12:34:40","guid":{"rendered":"https:\/\/boreait.com\/hr\/?post_type=product&#038;p=25047"},"modified":"2025-07-25T12:35:35","modified_gmt":"2025-07-25T12:35:35","slug":"originalni-lenovo-thinkpad-x220-x220i-x230-x230i-dc-power-jack-kabel-04w1680-9htyqt-dijelovi-prijenosnog-racunala","status":"publish","type":"product","link":"https:\/\/boreait.com\/hr\/product\/originalni-lenovo-thinkpad-x220-x220i-x230-x230i-dc-power-jack-kabel-04w1680-9htyqt-dijelovi-prijenosnog-racunala\/","title":{"rendered":"Originalni Lenovo ThinkPad X220 X220I X230 X230I DC Power Jack kabel 04W1680 9HTYQT dijelovi prijenosnog ra\u010dunala"},"content":{"rendered":"<p>Pobrinite se da va\u0161e prijenosno ra\u010dunalo Lenovo ThinkPad X220, X220I, X230 ili X230I ostane napajano i funkcionalno s originalnim Lenovo ThinkPad DC kabelom za napajanje 04W1680 9HTYQT. Ovaj visokokvalitetni zamjenski dio dizajniran je za pouzdanu i dosljednu isporuku energije, \u0161to ga \u010dini bitnom komponentom za sustav napajanja va\u0161eg prijenosnog ra\u010dunala.<\/p>\n<p>Izra\u0111en imaju\u0107i na umu preciznost i kompatibilnost, ovaj kabel s uti\u010dnicom za istosmjernu struju dizajniran je za besprijekornu integraciju s va\u0161im modelom Lenovo ThinkPad, osiguravaju\u0107i optimalne performanse i dugovje\u010dnost. Bilo da imate problema s napajanjem ili trebate zamjenu za o\u0161te\u0107eni dio, ovaj originalni Lenovo kabel nudi savr\u0161eno pristajanje i instalaciju bez muke.<\/p>\n<p>Sa svojom izdr\u017eljivom konstrukcijom i vrhunskom kvalitetom, originalni Lenovo ThinkPad DC Power Jack Cable 04W1680 9HTYQT napravljen je da izdr\u017ei svakodnevnu upotrebu i osigura da va\u0161e prijenosno ra\u010dunalo ostane pod naponom. Vjerujte predanosti Lenova kvaliteti i pouzdanosti kako bi va\u0161e prijenosno ra\u010dunalo radilo glatko.<\/p>\n<p>Ne dopustite da problemi s napajanjem poremete va\u0161u produktivnost. Naru\u010dite originalni Lenovo ThinkPad DC Power Jack Cable 04W1680 9HTYQT danas i u\u017eivajte u bezbri\u017enosti koju donosi kori\u0161tenje autenti\u010dnih Lenovo dijelova. Dr\u017eite svoje prijenosno ra\u010dunalo napajanim i spremnim za akciju s ovim bitnim zamjenskim kabelom.<\/p>\n","protected":false},"excerpt":{"rendered":"<p>Vratite napajanje na svoj Lenovo ThinkPad X220, X220I, X230 ili X230I pomo\u0107u ovog originalnog DC kabela za napajanje. Dizajniran za pouzdanu izvedbu, ovaj visokokvalitetni zamjenski dio lako se postavlja, osiguravaju\u0107i da \u0107e va\u0161e prijenosno ra\u010dunalo ostati napajano i funkcionalno.<\/p>\n","protected":false},"featured_media":25105,"template":"","meta":[],"product_brand":[],"product_cat":[55],"product_tag":[61],"class_list":{"0":"post-25047","1":"product","2":"type-product","3":"status-publish","4":"has-post-thumbnail","6":"product_cat-cables","7":"product_tag-lenovo","9":"first","10":"instock","11":"taxable","12":"shipping-taxable","13":"purchasable","14":"product-type-simple"},"_links":{"self":[{"href":"https:\/\/boreait.com\/hr\/wp-json\/wp\/v2\/product\/25047","targetHints":{"allow":["GET"]}}],"collection":[{"href":"https:\/\/boreait.com\/hr\/wp-json\/wp\/v2\/product"}],"about":[{"href":"https:\/\/boreait.com\/hr\/wp-json\/wp\/v2\/types\/product"}],"wp:featuredmedia":[{"embeddable":true,"href":"https:\/\/boreait.com\/hr\/wp-json\/wp\/v2\/media\/25105"}],"wp:attachment":[{"href":"https:\/\/boreait.com\/hr\/wp-json\/wp\/v2\/media?parent=25047"}],"wp:term":[{"taxonomy":"product_brand","embeddable":true,"href":"https:\/\/boreait.com\/hr\/wp-json\/wp\/v2\/product_brand?post=25047"},{"taxonomy":"product_cat","embeddable":true,"href":"https:\/\/boreait.com\/hr\/wp-json\/wp\/v2\/product_cat?post=25047"},{"taxonomy":"product_tag","embeddable":true,"href":"https:\/\/boreait.com\/hr\/wp-json\/wp\/v2\/product_tag?post=25047"}],"curies":[{"name":"wp","href":"https:\/\/api.w.org\/{rel}","templated":true}]}}