{"id":25044,"date":"2025-07-25T12:34:40","date_gmt":"2025-07-25T12:34:40","guid":{"rendered":"https:\/\/boreait.com\/hr\/?post_type=product&#038;p=25044"},"modified":"2026-01-28T08:10:48","modified_gmt":"2026-01-28T08:10:48","slug":"hdd-tvrdi-disk-caddy-poklopac-za-lenovo-ibm-x220-x220i-x230-x230i-dijelovi-prijenosnog-racunala","status":"publish","type":"product","link":"https:\/\/boreait.com\/hr\/product\/hdd-tvrdi-disk-caddy-poklopac-za-lenovo-ibm-x220-x220i-x230-x230i-dijelovi-prijenosnog-racunala\/","title":{"rendered":"HDD tvrdi disk Caddy poklopac za Lenovo IBM X220 X220i X230 X230i dijelovi prijenosnog ra\u010dunala"},"content":{"rendered":"<p>Nadogradite svoje prijenosno ra\u010dunalo Lenovo IBM X220, X220i, X230 ili X230i s HDD poklopcem za tvrdi disk, dizajniranim za sigurnu i pouzdanu pohranu. Izra\u0111en imaju\u0107i na umu izdr\u017eljivost, ovaj poklopac pru\u017ea za\u0161titu za va\u0161 tvrdi disk dok istovremeno odr\u017eava lak pristup za odr\u017eavanje ili nadogradnju.<\/p>\n<p>Zamijenite svoj istro\u0161eni ili o\u0161te\u0107eni poklopac ovim visokokvalitetnim zamjenskim poklopcem kako biste bili sigurni da \u0107e va\u0161 tvrdi disk ostati na mjestu. Kompatibilan s modelima Lenovo IBM X220, X220i, X230 i X230i, ovaj poklopac se lako postavlja, \u0161to ga \u010dini savr\u0161enim rje\u0161enjem za popravke va\u0161eg prijenosnog ra\u010dunala.<\/p>\n<p>Izra\u0111ena od izdr\u017eljivih materijala, ova je navlaka dizajnirana da izdr\u017ei svakodnevnu upotrebu i pru\u017ei dugotrajnu u\u010dinkovitost. \u010cuvajte svoj tvrdi disk na sigurnom i za\u0161ti\u0107enom s HDD poklopcem za tvrdi disk za prijenosna ra\u010dunala Lenovo IBM X220, X220i, X230 i X230i. Naru\u010dite svoju danas i u\u017eivajte u miru znaju\u0107i da su va\u0161i podaci za\u0161ti\u0107eni.<\/p>\n","protected":false},"excerpt":{"rendered":"<p>Zamijenite svoj stari ili o\u0161te\u0107eni poklopac nosa\u010da tvrdog diska ovom visokokvalitetnom zamjenom dizajniranom posebno za prijenosna ra\u010dunala Lenovo IBM X220, X220i, X230 i X230i. Jednostavan za instalaciju i napravljen da traje, ovaj poklopac osigurava da va\u0161 tvrdi disk ostane siguran i za\u0161ti\u0107en.<\/p>\n","protected":false},"featured_media":25102,"template":"","meta":[],"product_brand":[],"product_cat":[51],"product_tag":[61],"class_list":{"0":"post-25044","1":"product","2":"type-product","3":"status-publish","4":"has-post-thumbnail","6":"product_cat-laptop-housing","7":"product_tag-lenovo","9":"first","10":"instock","11":"taxable","12":"shipping-taxable","13":"purchasable","14":"product-type-simple"},"_links":{"self":[{"href":"https:\/\/boreait.com\/hr\/wp-json\/wp\/v2\/product\/25044","targetHints":{"allow":["GET"]}}],"collection":[{"href":"https:\/\/boreait.com\/hr\/wp-json\/wp\/v2\/product"}],"about":[{"href":"https:\/\/boreait.com\/hr\/wp-json\/wp\/v2\/types\/product"}],"wp:featuredmedia":[{"embeddable":true,"href":"https:\/\/boreait.com\/hr\/wp-json\/wp\/v2\/media\/25102"}],"wp:attachment":[{"href":"https:\/\/boreait.com\/hr\/wp-json\/wp\/v2\/media?parent=25044"}],"wp:term":[{"taxonomy":"product_brand","embeddable":true,"href":"https:\/\/boreait.com\/hr\/wp-json\/wp\/v2\/product_brand?post=25044"},{"taxonomy":"product_cat","embeddable":true,"href":"https:\/\/boreait.com\/hr\/wp-json\/wp\/v2\/product_cat?post=25044"},{"taxonomy":"product_tag","embeddable":true,"href":"https:\/\/boreait.com\/hr\/wp-json\/wp\/v2\/product_tag?post=25044"}],"curies":[{"name":"wp","href":"https:\/\/api.w.org\/{rel}","templated":true}]}}