{"id":25032,"date":"2025-07-25T12:34:18","date_gmt":"2025-07-25T12:34:18","guid":{"rendered":"https:\/\/boreait.com\/hr\/?post_type=product&#038;p=25032"},"modified":"2026-01-28T08:10:32","modified_gmt":"2026-01-28T08:10:32","slug":"originalna-bezicna-kartica-centrino-advanced-n-6205-za-dijelove-prijenosnog-racunala-lenovo-thinkpad-fru-60y3253","status":"publish","type":"product","link":"https:\/\/boreait.com\/hr\/product\/originalna-bezicna-kartica-centrino-advanced-n-6205-za-dijelove-prijenosnog-racunala-lenovo-thinkpad-fru-60y3253\/","title":{"rendered":"Originalna be\u017ei\u010dna kartica Centrino Advanced-N 6205 za dijelove prijenosnog ra\u010dunala LENOVO ThinkPad FRU 60Y3253"},"content":{"rendered":"<p>Pobolj\u0161ajte be\u017ei\u010dne mogu\u0107nosti svog LENOVO ThinkPada s originalnom be\u017ei\u010dnom karticom Centrino Advanced-N 6205. Dizajnirana za brzo i pouzdano be\u017ei\u010dno povezivanje, ova originalna zamjenska kartica savr\u0161ena je nadogradnja za va\u0161e prijenosno ra\u010dunalo.<\/p>\n<p>Sadr\u017ei naprednu tehnologiju i kompatibilnost s modelima LENOVO ThinkPad, ova be\u017ei\u010dna kartica Centrino Advanced-N 6205 osigurava besprijekornu integraciju i optimalne performanse. Bilo da strujite HD sadr\u017eaj, preuzimate velike datoteke ili igrate online, ova be\u017ei\u010dna kartica pru\u017ea brzinu i pouzdanost koja vam je potrebna.<\/p>\n<p>Jednostavna za instalaciju i napravljena da traje, ova zamjena za be\u017ei\u010dnu karticu nudi jednostavno rje\u0161enje za nadogradnju va\u0161eg prijenosnog ra\u010dunala. Uz njegovu izdr\u017eljivu konstrukciju i pouzdane performanse, mo\u017eete vjerovati da \u0107e va\u0161 LENOVO ThinkPad biti opremljen najnovijom be\u017ei\u010dnom tehnologijom.<\/p>\n<p>Iskusite razliku koju originalna be\u017ei\u010dna kartica Centrino Advanced-N 6205 mo\u017ee napraviti i u\u017eivajte u br\u017eem, pouzdanijem be\u017ei\u010dnom povezivanju na va\u0161em LENOVO ThinkPadu. Nadogradite s povjerenjem i ostanite povezani kamo god i\u0161li.<\/p>\n","protected":false},"excerpt":{"rendered":"<p>Nadogradite be\u017ei\u010dnu povezanost va\u0161eg LENOVO ThinkPada s ovom originalnom Centrino Advanced-N 6205 be\u017ei\u010dnom karticom. Dizajnirana za besprijekornu integraciju i pobolj\u0161ane performanse, ova visokokvalitetna zamjena za karticu savr\u0161eno je rje\u0161enje za potrebe nadogradnje va\u0161eg prijenosnog ra\u010dunala.<\/p>\n","protected":false},"featured_media":25101,"template":"","meta":[],"product_brand":[],"product_cat":[62],"product_tag":[61],"class_list":{"0":"post-25032","1":"product","2":"type-product","3":"status-publish","4":"has-post-thumbnail","6":"product_cat-motherboards-board-parts","7":"product_tag-lenovo","9":"first","10":"instock","11":"taxable","12":"shipping-taxable","13":"purchasable","14":"product-type-simple"},"_links":{"self":[{"href":"https:\/\/boreait.com\/hr\/wp-json\/wp\/v2\/product\/25032","targetHints":{"allow":["GET"]}}],"collection":[{"href":"https:\/\/boreait.com\/hr\/wp-json\/wp\/v2\/product"}],"about":[{"href":"https:\/\/boreait.com\/hr\/wp-json\/wp\/v2\/types\/product"}],"wp:featuredmedia":[{"embeddable":true,"href":"https:\/\/boreait.com\/hr\/wp-json\/wp\/v2\/media\/25101"}],"wp:attachment":[{"href":"https:\/\/boreait.com\/hr\/wp-json\/wp\/v2\/media?parent=25032"}],"wp:term":[{"taxonomy":"product_brand","embeddable":true,"href":"https:\/\/boreait.com\/hr\/wp-json\/wp\/v2\/product_brand?post=25032"},{"taxonomy":"product_cat","embeddable":true,"href":"https:\/\/boreait.com\/hr\/wp-json\/wp\/v2\/product_cat?post=25032"},{"taxonomy":"product_tag","embeddable":true,"href":"https:\/\/boreait.com\/hr\/wp-json\/wp\/v2\/product_tag?post=25032"}],"curies":[{"name":"wp","href":"https:\/\/api.w.org\/{rel}","templated":true}]}}