{"id":25031,"date":"2025-07-25T12:34:18","date_gmt":"2025-07-25T12:34:18","guid":{"rendered":"https:\/\/boreait.com\/hr\/?post_type=product&#038;p=25031"},"modified":"2026-01-28T08:10:16","modified_gmt":"2026-01-28T08:10:16","slug":"originalni-lcd-led-video-flex-kabel-za-lenovo-thinkpad-x220-x220i-x230-x230i-pn-50-4kh04-001-dijelovi-prijenosnih-racunala","status":"publish","type":"product","link":"https:\/\/boreait.com\/hr\/product\/originalni-lcd-led-video-flex-kabel-za-lenovo-thinkpad-x220-x220i-x230-x230i-pn-50-4kh04-001-dijelovi-prijenosnih-racunala\/","title":{"rendered":"Originalni LCD LED Video Flex kabel za LENOVO ThinkPad X220 X220I X230 X230I PN: 50.4KH04.001 Dijelovi prijenosnih ra\u010dunala"},"content":{"rendered":"<p>Pobolj\u0161ajte vizualni do\u017eivljaj va\u0161eg LENOVO ThinkPad X220 ili X230 s originalnim LCD LED Video Flex kabelom. Izra\u0111en imaju\u0107i na umu preciznost i kompatibilnost, ovaj zamjenski savitljivi kabel dizajniran je za besprijekornu integraciju s va\u0161im ure\u0111ajem, osiguravaju\u0107i optimalnu izvedbu zaslona i pouzdanost.<\/p>\n<p>Sa originalnom LENOVO kvalitetom, ovaj savitljivi kabel za video savr\u0161eno je rje\u0161enje za vra\u0107anje funkcionalnosti zaslona va\u0161eg prijenosnog ra\u010dunala u izvorno stanje. Bilo da imate problema sa svojim trenutnim kabelom ili jednostavno \u017eelite nadogradnju, ovaj originalni zamjenski dio dizajniran je da zadovolji najvi\u0161e standarde kvalitete i kompatibilnosti.<\/p>\n<p>Jednostavan za instalaciju i napravljen da traje, ovaj zamjenski video savitljivi kabel nudi jednostavno rje\u0161enje za popravke va\u0161eg prijenosnog ra\u010dunala. Uz njegovu izdr\u017eljivu konstrukciju i pouzdane performanse, mo\u017eete vjerovati da \u0107e va\u0161 LENOVO ThinkPad X220 ili X230 ponovno prikazati \u017eivopisne slike.<\/p>\n<p>Iskusite razliku koju mogu u\u010diniti originalni LENOVO dijelovi i osigurajte da va\u0161e prijenosno ra\u010dunalo nastavi pru\u017eati izniman vizualni do\u017eivljaj s originalnim LCD LED Video Flex kabelom. Naru\u010dite svoj danas i s povjerenjem u\u017eivajte u o\u0161troj i jasnoj kvaliteti prikaza.<\/p>\n","protected":false},"excerpt":{"rendered":"<p>Revitalizirajte svoj LENOVO ThinkPad X220 ili X230 s ovim originalnim LCD LED video savitljivim kabelom. Dizajniran kako bi osigurao besprijekorno povezivanje i jasnu kvalitetu prikaza, ovaj visokokvalitetni zamjenski kabel jednostavan je za instalaciju, \u0161to ga \u010dini savr\u0161enim rje\u0161enjem za potrebe popravka va\u0161eg prijenosnog ra\u010dunala.<\/p>\n","protected":false},"featured_media":25100,"template":"","meta":[],"product_brand":[],"product_cat":[55],"product_tag":[61],"class_list":{"0":"post-25031","1":"product","2":"type-product","3":"status-publish","4":"has-post-thumbnail","6":"product_cat-cables","7":"product_tag-lenovo","9":"first","10":"instock","11":"taxable","12":"shipping-taxable","13":"purchasable","14":"product-type-simple"},"_links":{"self":[{"href":"https:\/\/boreait.com\/hr\/wp-json\/wp\/v2\/product\/25031","targetHints":{"allow":["GET"]}}],"collection":[{"href":"https:\/\/boreait.com\/hr\/wp-json\/wp\/v2\/product"}],"about":[{"href":"https:\/\/boreait.com\/hr\/wp-json\/wp\/v2\/types\/product"}],"wp:featuredmedia":[{"embeddable":true,"href":"https:\/\/boreait.com\/hr\/wp-json\/wp\/v2\/media\/25100"}],"wp:attachment":[{"href":"https:\/\/boreait.com\/hr\/wp-json\/wp\/v2\/media?parent=25031"}],"wp:term":[{"taxonomy":"product_brand","embeddable":true,"href":"https:\/\/boreait.com\/hr\/wp-json\/wp\/v2\/product_brand?post=25031"},{"taxonomy":"product_cat","embeddable":true,"href":"https:\/\/boreait.com\/hr\/wp-json\/wp\/v2\/product_cat?post=25031"},{"taxonomy":"product_tag","embeddable":true,"href":"https:\/\/boreait.com\/hr\/wp-json\/wp\/v2\/product_tag?post=25031"}],"curies":[{"name":"wp","href":"https:\/\/api.w.org\/{rel}","templated":true}]}}