{"id":25030,"date":"2025-07-25T12:34:18","date_gmt":"2025-07-25T12:34:18","guid":{"rendered":"https:\/\/boreait.com\/hr\/?post_type=product&#038;p=25030"},"modified":"2026-01-28T08:09:56","modified_gmt":"2026-01-28T08:09:56","slug":"originalni-lenovo-thinkpad-x200-x200s-x201-x201i-x230-x230i-x220-x220-tablet-prijenosno-racunalo-tipkovnica-s-pozadinskim-svjetljem-60y3303-60y3305","status":"publish","type":"product","link":"https:\/\/boreait.com\/hr\/product\/originalni-lenovo-thinkpad-x200-x200s-x201-x201i-x230-x230i-x220-x220-tablet-prijenosno-racunalo-tipkovnica-s-pozadinskim-svjetljem-60y3303-60y3305\/","title":{"rendered":"Originalni Lenovo ThinkPad X200 X200S X201 X201i X230 X230i X220 X220 Tablet Prijenosno ra\u010dunalo TIPKOVNICA S POZADINSKIM SVJETLJEM 60Y3303 60Y3305"},"content":{"rendered":"<p>Pobolj\u0161ajte svoje iskustvo tipkanja i vratite funkcionalnost na svoje prijenosno ra\u010dunalo Lenovo ThinkPad X200, X200S, X201, X201i, X230, X230i, X220 ili X220 uz originalnu TIPKOVNICU prijenosnog tableta Lenovo ThinkPad X200 X200S X201 X201i X230 X230i X220 X220 POZADINSKO SVJETLO 60Y3303 60Y3305. Izra\u0111ena imaju\u0107i na umu preciznost i pouzdanost, ova zamjena tipkovnice s pozadinskim osvjetljenjem nudi savr\u0161eno rje\u0161enje za potrebe popravka va\u0161eg prijenosnog ra\u010dunala.<\/p>\n<p>Sa originalnom Lenovo kvalitetom, ova zamjena za tipkovnicu s pozadinskim osvjetljenjem dizajnirana je za besprijekornu kompatibilnost s modelom va\u0161eg prijenosnog ra\u010dunala, osiguravaju\u0107i savr\u0161eno pristajanje i optimalnu izvedbu. Bilo da mijenjate o\u0161te\u0107enu tipkovnicu ili nadogra\u0111ujete na opciju s pozadinskim osvjetljenjem za pobolj\u0161anu vidljivost u uvjetima slabog osvjetljenja, ovaj originalni dio zadovoljava najvi\u0161e standarde kvalitete i izdr\u017eljivosti.<\/p>\n<p>Jednostavna za instalaciju i napravljena da traje, ova zamjena tipkovnice s pozadinskim osvjetljenjem nudi jednostavno rje\u0161enje za potrebe nadogradnje ili popravka va\u0161eg prijenosnog ra\u010dunala. S njegovim udobnim iskustvom tipkanja i pouzdanim performansama, mo\u017eete se pouzdati da \u0107e va\u0161e prijenosno ra\u010dunalo Lenovo ThinkPad u tren oka ponovno biti osposobljeno i raditi glatko.<\/p>\n<p>Iskusite razliku koju mogu u\u010diniti originalni Lenovo dijelovi i osigurajte da va\u0161e prijenosno ra\u010dunalo i dalje ispunjava va\u0161e potrebe za produktivno\u0161\u0107u uz originalni Lenovo ThinkPad X200 X200S X201 X201i X230 X230i X220 X220 tablet prijenosno ra\u010dunalo s pozadinskim osvjetljenjem tipkovnice 60Y3303 60Y3305. Naru\u010dite svoju danas i u\u017eivajte u u\u010dinkovitom i udobnom tipkanju s povjerenjem.<\/p>\n","protected":false},"excerpt":{"rendered":"<p>Nadogradite svoje prijenosno ra\u010dunalo Lenovo ThinkPad X200, X200S, X201, X201i, X230, X230i, X220 ili X220 s ovom originalnom zamjenom za pozadinsko osvjetljenje tipkovnice. Dizajniran za kompatibilnost i jednostavnu instalaciju, ovaj visokokvalitetni dio osigurava udobno i u\u010dinkovito tipkanje za va\u0161e prijenosno ra\u010dunalo.<\/p>\n","protected":false},"featured_media":25088,"template":"","meta":[],"product_brand":[],"product_cat":[62],"product_tag":[61],"class_list":{"0":"post-25030","1":"product","2":"type-product","3":"status-publish","4":"has-post-thumbnail","6":"product_cat-motherboards-board-parts","7":"product_tag-lenovo","9":"first","10":"instock","11":"taxable","12":"shipping-taxable","13":"purchasable","14":"product-type-simple"},"_links":{"self":[{"href":"https:\/\/boreait.com\/hr\/wp-json\/wp\/v2\/product\/25030","targetHints":{"allow":["GET"]}}],"collection":[{"href":"https:\/\/boreait.com\/hr\/wp-json\/wp\/v2\/product"}],"about":[{"href":"https:\/\/boreait.com\/hr\/wp-json\/wp\/v2\/types\/product"}],"wp:featuredmedia":[{"embeddable":true,"href":"https:\/\/boreait.com\/hr\/wp-json\/wp\/v2\/media\/25088"}],"wp:attachment":[{"href":"https:\/\/boreait.com\/hr\/wp-json\/wp\/v2\/media?parent=25030"}],"wp:term":[{"taxonomy":"product_brand","embeddable":true,"href":"https:\/\/boreait.com\/hr\/wp-json\/wp\/v2\/product_brand?post=25030"},{"taxonomy":"product_cat","embeddable":true,"href":"https:\/\/boreait.com\/hr\/wp-json\/wp\/v2\/product_cat?post=25030"},{"taxonomy":"product_tag","embeddable":true,"href":"https:\/\/boreait.com\/hr\/wp-json\/wp\/v2\/product_tag?post=25030"}],"curies":[{"name":"wp","href":"https:\/\/api.w.org\/{rel}","templated":true}]}}