{"id":25029,"date":"2025-07-25T12:34:18","date_gmt":"2025-07-25T12:34:18","guid":{"rendered":"https:\/\/boreait.com\/hr\/?post_type=product&#038;p=25029"},"modified":"2026-01-28T08:09:40","modified_gmt":"2026-01-28T08:09:40","slug":"h5321-lenovo-thinkpad-x220-t430-wwan-3g-umts-hsdp-dijelovi-prijenosnog-racunala","status":"publish","type":"product","link":"https:\/\/boreait.com\/hr\/product\/h5321-lenovo-thinkpad-x220-t430-wwan-3g-umts-hsdp-dijelovi-prijenosnog-racunala\/","title":{"rendered":"H5321 Lenovo ThinkPad X220 T430 WWAN 3G UMTS HSDP dijelovi prijenosnog ra\u010dunala"},"content":{"rendered":"<p>Nadogradite svoje prijenosno ra\u010dunalo Lenovo ThinkPad X220 ili T430 s H5321 WWAN 3G UMTS HSDP modulom i u\u017eivajte u povezivanju s internetom velike brzine gdje god po\u0161li. Dizajniran za besprijekornu integraciju i pouzdan rad, ovaj modul vam omogu\u0107uje da ostanete povezani dok ste u pokretu uz brzi 3G pristup internetu.<\/p>\n<p>Bilo da putujete zbog posla ili jednostavno trebate pristup internetu dok ste daleko od Wi-Fi \u017eari\u0161nih to\u010daka, ovaj WWAN modul pru\u017ea prakti\u010dno rje\u0161enje za pristup internetu s gotovo bilo kojeg mjesta. Uz njegovu plug-and-play instalaciju, nadogradnja va\u0161eg prijenosnog ra\u010dunala na 3G vezu je brza i jednostavna, \u0161to vam omogu\u0107uje da u trenu u\u017eivate u prednostima mobilnog pristupa internetu.<\/p>\n<p>Iskusite slobodu i pogodnost da ostanete povezani dok ste u pokretu uz H5321 WWAN 3G UMTS HSDP modul za prijenosna ra\u010dunala Lenovo ThinkPad X220 i T430. Naru\u010dite svoju danas i u\u017eivajte u pouzdanom pristupu internetu kamo god vas avanture odvedu.<\/p>\n","protected":false},"excerpt":{"rendered":"<p>Pobolj\u0161ajte svoj Lenovo ThinkPad X220 ili T430 brzom WWAN vezom koriste\u0107i ovaj H5321 3G UMTS HSDP modul. Nadogradite svoje prijenosno ra\u010dunalo da ostanete povezani dok ste u pokretu uz pouzdan 3G pristup internetu gdje god se nalazili.<\/p>\n","protected":false},"featured_media":25086,"template":"","meta":[],"product_brand":[],"product_cat":[62],"product_tag":[61],"class_list":{"0":"post-25029","1":"product","2":"type-product","3":"status-publish","4":"has-post-thumbnail","6":"product_cat-motherboards-board-parts","7":"product_tag-lenovo","9":"first","10":"instock","11":"taxable","12":"shipping-taxable","13":"purchasable","14":"product-type-simple"},"_links":{"self":[{"href":"https:\/\/boreait.com\/hr\/wp-json\/wp\/v2\/product\/25029","targetHints":{"allow":["GET"]}}],"collection":[{"href":"https:\/\/boreait.com\/hr\/wp-json\/wp\/v2\/product"}],"about":[{"href":"https:\/\/boreait.com\/hr\/wp-json\/wp\/v2\/types\/product"}],"wp:featuredmedia":[{"embeddable":true,"href":"https:\/\/boreait.com\/hr\/wp-json\/wp\/v2\/media\/25086"}],"wp:attachment":[{"href":"https:\/\/boreait.com\/hr\/wp-json\/wp\/v2\/media?parent=25029"}],"wp:term":[{"taxonomy":"product_brand","embeddable":true,"href":"https:\/\/boreait.com\/hr\/wp-json\/wp\/v2\/product_brand?post=25029"},{"taxonomy":"product_cat","embeddable":true,"href":"https:\/\/boreait.com\/hr\/wp-json\/wp\/v2\/product_cat?post=25029"},{"taxonomy":"product_tag","embeddable":true,"href":"https:\/\/boreait.com\/hr\/wp-json\/wp\/v2\/product_tag?post=25029"}],"curies":[{"name":"wp","href":"https:\/\/api.w.org\/{rel}","templated":true}]}}