{"id":25028,"date":"2025-07-25T12:34:18","date_gmt":"2025-07-25T12:34:18","guid":{"rendered":"https:\/\/boreait.com\/hr\/?post_type=product&#038;p=25028"},"modified":"2026-01-28T08:09:26","modified_gmt":"2026-01-28T08:09:26","slug":"sk-hynix-4gb-ddr3-1600-cas-11-memorija-hmt451s6afr8c-pb-ram-prijenosno-racunalo-single-rank-x8-pc3-12800s","status":"publish","type":"product","link":"https:\/\/boreait.com\/hr\/product\/sk-hynix-4gb-ddr3-1600-cas-11-memorija-hmt451s6afr8c-pb-ram-prijenosno-racunalo-single-rank-x8-pc3-12800s\/","title":{"rendered":"SK Hynix 4GB DDR3-1600 CAS-11 memorija HMT451S6AFR8C-PB RAM prijenosno ra\u010dunalo Single Rank x8 PC3-12800S"},"content":{"rendered":"<p>Pobolj\u0161ajte performanse i mogu\u0107nosti multitaskinga va\u0161eg prijenosnog ra\u010dunala sa SK Hynix 4GB DDR3-1600 CAS-11 memorijskim modulom. Dizajniran kako bi zadovoljio zahtjeve modernog ra\u010dunalstva, ovaj visokokvalitetni RAM modul nudi savr\u0161enu ravnote\u017eu brzine, pouzdanosti i pristupa\u010dnosti.<\/p>\n<p>Kapaciteta od 4 GB i brzine DDR3-1600, ovaj memorijski modul mo\u017ee s lako\u0107om rje\u0161avati intenzivne zadatke i aplikacije. Bilo da igrate igrice, strujite multimedijski sadr\u017eaj ili pokre\u0107ete vi\u0161e aplikacija istovremeno, ovaj memorijski modul osigurava glatku i brzu izvedbu.<\/p>\n<p>S CAS latencijom od 11 i konfiguracijom s jednim rangom x8, ovaj memorijski modul pru\u017ea brz pristup podacima i u\u010dinkovitu obradu podataka, omogu\u0107uju\u0107i vam br\u017ee pokretanje sustava, pobolj\u0161anu reakciju sustava i smanjeno ka\u0161njenje tijekom zahtjevnih zadataka.<\/p>\n<p>Instalacija je brza i jednostavna, \u0161to olak\u0161ava nadogradnju memorije prijenosnog ra\u010dunala i osloba\u0111anje njegovog punog potencijala. Jednostavno instalirajte SK Hynix 4GB DDR3-1600 CAS-11 memorijski modul u dostupni memorijski utor i u\u017eivajte u trenutnom pove\u0107anju performansi.<\/p>\n<p>Nadogradite memoriju svog prijenosnog ra\u010dunala ve\u0107 danas sa SK Hynix 4GB DDR3-1600 CAS-11 memorijskim modulom i do\u017eivite ve\u0107e brzine, glatkiji multitasking i pobolj\u0161ane ukupne performanse. Naru\u010dite sada i podignite svoje ra\u010dunalno iskustvo na vi\u0161u razinu.<\/p>\n","protected":false},"excerpt":{"rendered":"<p>Nadogradite performanse svog prijenosnog ra\u010dunala s ovim SK Hynix 4GB DDR3-1600 CAS-11 memorijskim modulom. Dizajniran za besprijekornu kompatibilnost i pouzdane performanse, ovaj jednostruki x8 PC3-12800S RAM modul idealno je rje\u0161enje za pove\u0107anje brzine i odziva va\u0161eg sustava.<\/p>\n","protected":false},"featured_media":25085,"template":"","meta":[],"product_brand":[],"product_cat":[72,71],"product_tag":[],"class_list":{"0":"post-25028","1":"product","2":"type-product","3":"status-publish","4":"has-post-thumbnail","6":"product_cat-ddr3-ddr3l","7":"product_cat-ram-memory","9":"first","10":"instock","11":"taxable","12":"shipping-taxable","13":"purchasable","14":"product-type-simple"},"_links":{"self":[{"href":"https:\/\/boreait.com\/hr\/wp-json\/wp\/v2\/product\/25028","targetHints":{"allow":["GET"]}}],"collection":[{"href":"https:\/\/boreait.com\/hr\/wp-json\/wp\/v2\/product"}],"about":[{"href":"https:\/\/boreait.com\/hr\/wp-json\/wp\/v2\/types\/product"}],"wp:featuredmedia":[{"embeddable":true,"href":"https:\/\/boreait.com\/hr\/wp-json\/wp\/v2\/media\/25085"}],"wp:attachment":[{"href":"https:\/\/boreait.com\/hr\/wp-json\/wp\/v2\/media?parent=25028"}],"wp:term":[{"taxonomy":"product_brand","embeddable":true,"href":"https:\/\/boreait.com\/hr\/wp-json\/wp\/v2\/product_brand?post=25028"},{"taxonomy":"product_cat","embeddable":true,"href":"https:\/\/boreait.com\/hr\/wp-json\/wp\/v2\/product_cat?post=25028"},{"taxonomy":"product_tag","embeddable":true,"href":"https:\/\/boreait.com\/hr\/wp-json\/wp\/v2\/product_tag?post=25028"}],"curies":[{"name":"wp","href":"https:\/\/api.w.org\/{rel}","templated":true}]}}