{"id":25027,"date":"2025-07-25T12:34:18","date_gmt":"2025-07-25T12:34:18","guid":{"rendered":"https:\/\/boreait.com\/hr\/?post_type=product&#038;p=25027"},"modified":"2026-01-28T08:09:11","modified_gmt":"2026-01-28T08:09:11","slug":"originalni-hynix-4gb-pc3-12800-ddr3-1600mhz-non-ecc-unbuffered-ram-memorijski-modul-za-prijenosno-racunalo","status":"publish","type":"product","link":"https:\/\/boreait.com\/hr\/product\/originalni-hynix-4gb-pc3-12800-ddr3-1600mhz-non-ecc-unbuffered-ram-memorijski-modul-za-prijenosno-racunalo\/","title":{"rendered":"Originalni Hynix 4GB PC3-12800 DDR3 1600MHz Non-ECC Unbuffered RAM memorijski modul za prijenosno ra\u010dunalo"},"content":{"rendered":"<p>Pove\u0107ajte performanse va\u0161eg prijenosnog ra\u010dunala i mogu\u0107nosti multitaskinga s originalnim Hynix 4GB PC3-12800 DDR3 1600MHz Non-ECC Unbuffered RAM memorijskim modulom za prijenosna ra\u010dunala. Projektirana imaju\u0107i na umu pouzdanost i kompatibilnost, ova visokokvalitetna memorijska nadogradnja dizajnirana je za besprijekornu izvedbu i pobolj\u0161anu reakciju na va\u0161e ra\u010dunalno iskustvo.<\/p>\n<p>Kapaciteta od 4GB i brzine od 1600MHz, ovaj Hynix DDR3 RAM modul osigurava nesmetan i u\u010dinkovit rad, bilo da pretra\u017eujete web, strujite multimedijski sadr\u017eaj ili pokre\u0107ete intenzivne aplikacije. Sa svojim ne-ECC dizajnom bez me\u0111uspremnika, idealan je za svakodnevnu upotrebu i kompatibilan sa \u0161irokim rasponom modela prijenosnih ra\u010dunala.<\/p>\n<p>Nadogradite svoje prijenosno ra\u010dunalo s povjerenjem znaju\u0107i da ula\u017eete u originalnu Hynix kvalitetu. Potpomognut Hynixovom reputacijom izvrsnosti, ovaj RAM modul prolazi rigorozno testiranje kako bi se osigurala pouzdanost i dosljednost performansi. Osim toga, s njegovim jednostavnim postupkom instalacije, mo\u017eete u\u017eivati u prednostima pobolj\u0161ane brzine sustava i odziva u tren oka.<\/p>\n<p>Iskusite br\u017ee vrijeme pokretanja, glatkiji multitasking i pobolj\u0161ane ukupne performanse s originalnim Hynix 4GB PC3-12800 DDR3 1600MHz Non-ECC Unbuffered RAM memorijskim modulom za prijenosna ra\u010dunala. Nadogradite svoje prijenosno ra\u010dunalo danas i podignite svoje ra\u010dunalno iskustvo na vi\u0161u razinu.<\/p>\n","protected":false},"excerpt":{"rendered":"<p>Nadogradite performanse svog prijenosnog ra\u010dunala s ovim originalnim Hynix 4GB PC3-12800 DDR3 1600MHz Non-ECC Unbuffered RAM modulom. Dizajnirana za pouzdanost i kompatibilnost, ova visokokvalitetna nadogradnja memorije jednostavan je i isplativ na\u010din za pobolj\u0161anje brzine va\u0161eg sustava i mogu\u0107nosti multitaskinga.<\/p>\n","protected":false},"featured_media":25084,"template":"","meta":[],"product_brand":[],"product_cat":[72,71],"product_tag":[],"class_list":{"0":"post-25027","1":"product","2":"type-product","3":"status-publish","4":"has-post-thumbnail","6":"product_cat-ddr3-ddr3l","7":"product_cat-ram-memory","9":"first","10":"instock","11":"taxable","12":"shipping-taxable","13":"purchasable","14":"product-type-simple"},"_links":{"self":[{"href":"https:\/\/boreait.com\/hr\/wp-json\/wp\/v2\/product\/25027","targetHints":{"allow":["GET"]}}],"collection":[{"href":"https:\/\/boreait.com\/hr\/wp-json\/wp\/v2\/product"}],"about":[{"href":"https:\/\/boreait.com\/hr\/wp-json\/wp\/v2\/types\/product"}],"wp:featuredmedia":[{"embeddable":true,"href":"https:\/\/boreait.com\/hr\/wp-json\/wp\/v2\/media\/25084"}],"wp:attachment":[{"href":"https:\/\/boreait.com\/hr\/wp-json\/wp\/v2\/media?parent=25027"}],"wp:term":[{"taxonomy":"product_brand","embeddable":true,"href":"https:\/\/boreait.com\/hr\/wp-json\/wp\/v2\/product_brand?post=25027"},{"taxonomy":"product_cat","embeddable":true,"href":"https:\/\/boreait.com\/hr\/wp-json\/wp\/v2\/product_cat?post=25027"},{"taxonomy":"product_tag","embeddable":true,"href":"https:\/\/boreait.com\/hr\/wp-json\/wp\/v2\/product_tag?post=25027"}],"curies":[{"name":"wp","href":"https:\/\/api.w.org\/{rel}","templated":true}]}}