{"id":25025,"date":"2025-07-25T12:34:17","date_gmt":"2025-07-25T12:34:17","guid":{"rendered":"https:\/\/boreait.com\/hr\/?post_type=product&#038;p=25025"},"modified":"2026-01-28T08:08:49","modified_gmt":"2026-01-28T08:08:49","slug":"lcd-sarke-za-prijenosno-racunalo-za-lenovo-thinkpad-x220-x220i-x230-x230i-lcd-sarke-dijelovi-zaslona","status":"publish","type":"product","link":"https:\/\/boreait.com\/hr\/product\/lcd-sarke-za-prijenosno-racunalo-za-lenovo-thinkpad-x220-x220i-x230-x230i-lcd-sarke-dijelovi-zaslona\/","title":{"rendered":"LCD \u0161arke za prijenosno ra\u010dunalo za Lenovo ThinkPad X220 X220i X230 X230i LCD \u0161arke Dijelovi zaslona"},"content":{"rendered":"<p>Pove\u0107ajte izdr\u017eljivost i performanse svog prijenosnog ra\u010dunala Lenovo ThinkPad X220, X220i, X230 ili X230i s ovim vrhunskim LCD \u0161arkama za prijenosna ra\u010dunala. Dizajnirane prema to\u010dnim specifikacijama, ove su \u0161arke izra\u0111ene za savr\u0161eno pristajanje i besprijekornu integraciju s va\u0161im ure\u0111ajem.<\/p>\n<p>Ako se zaslon va\u0161eg prijenosnog ra\u010dunala klima ili ne stoji na mjestu, mo\u017eda je vrijeme da zamijenite \u0161arke. \u0160arke na\u0161e marke nude pouzdano rje\u0161enje, osiguravaju\u0107i da va\u0161 zaslon ostane stabilan i siguran tijekom upotrebe. Recite zbogom podrhtavanju zaslona i u\u017eivajte u lak\u0161em korisni\u010dkom iskustvu s ovim visokokvalitetnim \u0161arkama.<\/p>\n<p>Instalacija je jednostavna i izravna, \u0161to vam omogu\u0107uje da sami zamijenite \u0161arke bez potrebe za stru\u010dnom pomo\u0107i. Vratite zaslon svog prijenosnog ra\u010dunala u izvorno stanje i produ\u017eite mu \u017eivotni vijek pomo\u0107u ovih izdr\u017eljivih LCD \u0161arki.<\/p>\n<p>Ula\u017eite u dugotrajnost svog prijenosnog ra\u010dunala Lenovo ThinkPad i odr\u017eavajte njegovu funkcionalnost s ovim LCD \u0161arkama za prijenosna ra\u010dunala. Naru\u010dite sada i dajte svom prijenosnom ra\u010dunalu nadogradnju koju zaslu\u017euje.<\/p>\n","protected":false},"excerpt":{"rendered":"<p>Zamijenite svoje o\u0161te\u0107ene ili istro\u0161ene LCD \u0161arke za prijenosna ra\u010dunala ovim markama dizajniranim za modele Lenovo ThinkPad X220, X220i, X230 i X230i. S lako\u0107om vratite stabilnost i funkcionalnost na zaslon prijenosnog ra\u010dunala.<\/p>\n","protected":false},"featured_media":25082,"template":"","meta":[],"product_brand":[],"product_cat":[54],"product_tag":[61],"class_list":{"0":"post-25025","1":"product","2":"type-product","3":"status-publish","4":"has-post-thumbnail","6":"product_cat-screen-hinge","7":"product_tag-lenovo","9":"first","10":"instock","11":"taxable","12":"shipping-taxable","13":"purchasable","14":"product-type-simple"},"_links":{"self":[{"href":"https:\/\/boreait.com\/hr\/wp-json\/wp\/v2\/product\/25025","targetHints":{"allow":["GET"]}}],"collection":[{"href":"https:\/\/boreait.com\/hr\/wp-json\/wp\/v2\/product"}],"about":[{"href":"https:\/\/boreait.com\/hr\/wp-json\/wp\/v2\/types\/product"}],"wp:featuredmedia":[{"embeddable":true,"href":"https:\/\/boreait.com\/hr\/wp-json\/wp\/v2\/media\/25082"}],"wp:attachment":[{"href":"https:\/\/boreait.com\/hr\/wp-json\/wp\/v2\/media?parent=25025"}],"wp:term":[{"taxonomy":"product_brand","embeddable":true,"href":"https:\/\/boreait.com\/hr\/wp-json\/wp\/v2\/product_brand?post=25025"},{"taxonomy":"product_cat","embeddable":true,"href":"https:\/\/boreait.com\/hr\/wp-json\/wp\/v2\/product_cat?post=25025"},{"taxonomy":"product_tag","embeddable":true,"href":"https:\/\/boreait.com\/hr\/wp-json\/wp\/v2\/product_tag?post=25025"}],"curies":[{"name":"wp","href":"https:\/\/api.w.org\/{rel}","templated":true}]}}