{"id":25024,"date":"2025-07-25T12:34:17","date_gmt":"2025-07-25T12:34:17","guid":{"rendered":"https:\/\/boreait.com\/hr\/?post_type=product&#038;p=25024"},"modified":"2026-01-27T19:13:13","modified_gmt":"2026-01-27T19:13:13","slug":"ibm-lenovo-thinkpad-x220-x230-x220i-x230i-hdd-caddy-poklopac-2-gumene-sine-upotrijebljene","status":"publish","type":"product","link":"https:\/\/boreait.com\/hr\/product\/ibm-lenovo-thinkpad-x220-x230-x220i-x230i-hdd-caddy-poklopac-2-gumene-sine-upotrijebljene\/","title":{"rendered":"IBM Lenovo ThinkPad X220 X230 X220i X230i HDD Caddy poklopac + 2 gumene \u0161ine upotrijebljene"},"content":{"rendered":"<p>Nadogradite ili zamijenite ku\u0107i\u0161te tvrdog diska va\u0161eg IBM Lenovo ThinkPad X220 ili X230 ovim rabljenim HDD Caddy poklopcem i 2 gumene vodilice. Dizajniran za kompatibilnost s modelima X220, X230, X220i i X230i, ovaj set vam omogu\u0107uje da s lako\u0107om pove\u0107ate kapacitet pohrane va\u0161eg prijenosnog ra\u010dunala.<\/p>\n<p>Klju\u010dne zna\u010dajke:<\/p>\n<p>&#8211; Originalna IBM Lenovo zamjena: Osigurajte kompatibilnost i pouzdanost s originalnim dijelovima.<\/p>\n<p>&#8211; Jednostavna instalacija: Nadogradite pohranu prijenosnog ra\u010dunala bez napora jednostavnom instalacijom.<\/p>\n<p>&#8211; Kompatibilni modeli: Dizajnirani za kori\u0161tenje s prijenosnim ra\u010dunalima X220, X230, X220i i X230i.<\/p>\n<p>&#8211; Uklju\u010duje 2 gumene tra\u010dnice: Kompletan set za u\u010dvr\u0161\u0107ivanje va\u0161eg tvrdog diska na mjestu.<\/p>\n<p>Imajte na umu da dok se ovi dijelovi koriste, mogu pokazivati znakove istro\u0161enosti. Me\u0111utim, njihova je funkcionalnost testirana i zajam\u010deno je da ispravno rade. Ako imate bilo kakvih pitanja ili trebate pomo\u0107, ne ustru\u010davajte se kontaktirati nas. Ovdje smo da vam pomognemo pobolj\u0161ati mogu\u0107nosti pohrane na va\u0161em ThinkPadu.<\/p>\n","protected":false},"excerpt":{"rendered":"<p>Pobolj\u0161ajte pohranu na svom IBM Lenovo ThinkPad X220 ili X230 s ovim rabljenim HDD Caddy poklopcem i 2 gumene vodilice. Savr\u0161eno za nadogradnju ili zamjenu ku\u0107i\u0161ta tvrdog diska va\u0161eg prijenosnog ra\u010dunala. Kompatibilan s modelima X220, X230, X220i i X230i.<\/p>\n","protected":false},"featured_media":25081,"template":"","meta":[],"product_brand":[],"product_cat":[51],"product_tag":[61],"class_list":{"0":"post-25024","1":"product","2":"type-product","3":"status-publish","4":"has-post-thumbnail","6":"product_cat-laptop-housing","7":"product_tag-lenovo","9":"first","10":"instock","11":"taxable","12":"shipping-taxable","13":"purchasable","14":"product-type-simple"},"_links":{"self":[{"href":"https:\/\/boreait.com\/hr\/wp-json\/wp\/v2\/product\/25024","targetHints":{"allow":["GET"]}}],"collection":[{"href":"https:\/\/boreait.com\/hr\/wp-json\/wp\/v2\/product"}],"about":[{"href":"https:\/\/boreait.com\/hr\/wp-json\/wp\/v2\/types\/product"}],"wp:featuredmedia":[{"embeddable":true,"href":"https:\/\/boreait.com\/hr\/wp-json\/wp\/v2\/media\/25081"}],"wp:attachment":[{"href":"https:\/\/boreait.com\/hr\/wp-json\/wp\/v2\/media?parent=25024"}],"wp:term":[{"taxonomy":"product_brand","embeddable":true,"href":"https:\/\/boreait.com\/hr\/wp-json\/wp\/v2\/product_brand?post=25024"},{"taxonomy":"product_cat","embeddable":true,"href":"https:\/\/boreait.com\/hr\/wp-json\/wp\/v2\/product_cat?post=25024"},{"taxonomy":"product_tag","embeddable":true,"href":"https:\/\/boreait.com\/hr\/wp-json\/wp\/v2\/product_tag?post=25024"}],"curies":[{"name":"wp","href":"https:\/\/api.w.org\/{rel}","templated":true}]}}