{"id":25005,"date":"2025-07-25T12:33:54","date_gmt":"2025-07-25T12:33:54","guid":{"rendered":"https:\/\/boreait.com\/hr\/?post_type=product&#038;p=25005"},"modified":"2025-07-25T12:35:01","modified_gmt":"2025-07-25T12:35:01","slug":"originalni-kabel-za-web-kameru-lenovo-thinkpad-x220-x230-50-4kh03-002-04w1408","status":"publish","type":"product","link":"https:\/\/boreait.com\/hr\/product\/originalni-kabel-za-web-kameru-lenovo-thinkpad-x220-x230-50-4kh03-002-04w1408\/","title":{"rendered":"Originalni kabel za web kameru Lenovo ThinkPad X220 X230 50.4KH03.002 04W1408"},"content":{"rendered":"<p>Pobolj\u0161ajte funkcionalnost kamere na prijenosnom ra\u010dunalu Lenovo ThinkPad X220 ili X230 s originalnim kabelom za web kameru, broj dijela 50.4KH03.002 04W1408. Izra\u0111en za izdr\u017eljivost i kompatibilnost, ovaj autenti\u010dni zamjenski dio osigurava pouzdan rad i jednostavnu instalaciju.<\/p>\n<p>Klju\u010dne zna\u010dajke:<\/p>\n<p>&#8211; Originalna Lenovo zamjena: Osigurajte kompatibilnost i pouzdanost s autenti\u010dnim zamjenskim dijelom.<\/p>\n<p>&#8211; Jednostavna instalacija: Nadogradite kameru svog prijenosnog ra\u010dunala bez napora jednostavnom instalacijom.<\/p>\n<p>&#8211; Pobolj\u0161ana funkcija kamere: pobolj\u0161ajte kvalitetu svojih videopoziva i konferencija s ovim originalnim kabelom web kamere.<\/p>\n<p>&#8211; Izdr\u017eljiva konstrukcija: Izra\u0111ena da izdr\u017ei upotrebu, osiguravaju\u0107i dugovje\u010dnost i pouzdanost.<\/p>\n<p>Nadogradite svoje prijenosno ra\u010dunalo Lenovo ThinkPad X220 ili X230 danas s originalnim kabelom web kamere. Kupujte s povjerenjem, znaju\u0107i da ula\u017eete u kvalitetan zamjenski dio za svoj ure\u0111aj. Ako imate bilo kakvih pitanja ili trebate pomo\u0107, slobodno nas kontaktirajte. Ovdje smo da vam pomognemo pobolj\u0161ati funkcionalnost va\u0161eg ure\u0111aja.<\/p>\n","protected":false},"excerpt":{"rendered":"<p>Nadogradite kameru svog Lenovo ThinkPad X220 ili X230 ovim originalnim kabelom za web kameru. Jednostavan za instalaciju i kompatibilan s brojem dijela 50.4KH03.002 04W1408. Pobolj\u0161ajte funkcionalnost kamere na prijenosnom ra\u010dunalu ve\u0107 danas!<\/p>\n","protected":false},"featured_media":25065,"template":"","meta":[],"product_brand":[],"product_cat":[55],"product_tag":[61],"class_list":{"0":"post-25005","1":"product","2":"type-product","3":"status-publish","4":"has-post-thumbnail","6":"product_cat-cables","7":"product_tag-lenovo","9":"first","10":"instock","11":"taxable","12":"shipping-taxable","13":"purchasable","14":"product-type-simple"},"_links":{"self":[{"href":"https:\/\/boreait.com\/hr\/wp-json\/wp\/v2\/product\/25005","targetHints":{"allow":["GET"]}}],"collection":[{"href":"https:\/\/boreait.com\/hr\/wp-json\/wp\/v2\/product"}],"about":[{"href":"https:\/\/boreait.com\/hr\/wp-json\/wp\/v2\/types\/product"}],"wp:featuredmedia":[{"embeddable":true,"href":"https:\/\/boreait.com\/hr\/wp-json\/wp\/v2\/media\/25065"}],"wp:attachment":[{"href":"https:\/\/boreait.com\/hr\/wp-json\/wp\/v2\/media?parent=25005"}],"wp:term":[{"taxonomy":"product_brand","embeddable":true,"href":"https:\/\/boreait.com\/hr\/wp-json\/wp\/v2\/product_brand?post=25005"},{"taxonomy":"product_cat","embeddable":true,"href":"https:\/\/boreait.com\/hr\/wp-json\/wp\/v2\/product_cat?post=25005"},{"taxonomy":"product_tag","embeddable":true,"href":"https:\/\/boreait.com\/hr\/wp-json\/wp\/v2\/product_tag?post=25005"}],"curies":[{"name":"wp","href":"https:\/\/api.w.org\/{rel}","templated":true}]}}