{"id":25003,"date":"2025-07-25T12:33:53","date_gmt":"2025-07-25T12:33:53","guid":{"rendered":"https:\/\/boreait.com\/hr\/?post_type=product&#038;p=25003"},"modified":"2025-07-25T12:34:56","modified_gmt":"2025-07-25T12:34:56","slug":"originalni-lenovo-thinkpad-x230-gornji-lcd-poklopac-fru-04w6895","status":"publish","type":"product","link":"https:\/\/boreait.com\/hr\/product\/originalni-lenovo-thinkpad-x230-gornji-lcd-poklopac-fru-04w6895\/","title":{"rendered":"Originalni Lenovo Thinkpad X230 gornji LCD poklopac FRU 04W6895"},"content":{"rendered":"<p>Nadogradite izgled i izdr\u017eljivost svog Lenovo Thinkpada X230 s originalnim gornjim LCD poklopcem. Izra\u0111en imaju\u0107i na umu preciznost i pouzdanost, ovaj autenti\u010dni zamjenski dio ne samo da pobolj\u0161ava estetiku va\u0161eg prijenosnog ra\u010dunala, ve\u0107 tako\u0111er pru\u017ea dodatnu za\u0161titu LCD zaslonu.<\/p>\n<p>Klju\u010dne zna\u010dajke:<\/p>\n<p>&#8211; Originalna Lenovo zamjena: Osigurajte kompatibilnost i pouzdanost s autenti\u010dnim zamjenskim dijelom.<\/p>\n<p>&#8211; Jednostavna instalacija: nadogradite izgled prijenosnog ra\u010dunala bez napora jednostavnom instalacijom, bez potrebe za stru\u010dnom pomo\u0107i.<\/p>\n<p>&#8211; Pobolj\u0161ani izgled: Transformirajte izgled svog Lenovo Thinkpada X230 s ovom elegantnom gornjom LCD maskom.<\/p>\n<p>&#8211; Dodatna za\u0161tita: Za\u0161titite LCD zaslon od pra\u0161ine, ogrebotina i mogu\u0107ih o\u0161te\u0107enja ovom \u010dvrstom maskom.<\/p>\n<p>Imajte na umu da, iako detaljne upute za instalaciju nisu navedene, slobodno se obratite ako imate pitanja ili trebate pomo\u0107. Stvarne fotografije proizvoda u popisu to\u010dno prikazuju ono \u0161to \u0107ete dobiti, odra\u017eavaju\u0107i na\u0161u predanost transparentnosti i zadovoljstvu kupaca.<\/p>\n<p>Nadogradite svoje prijenosno ra\u010dunalo Lenovo Thinkpad X230 danas s originalnim gornjim LCD poklopcem. Kupujte s povjerenjem, znaju\u0107i da ula\u017eete u kvalitetan zamjenski dio za svoje prijenosno ra\u010dunalo. Ako imate bilo kakvih pitanja ili trebate dodatnu pomo\u0107, slobodno nas kontaktirajte. Ovdje smo da vam pomognemo pobolj\u0161ati estetiku i za\u0161titu va\u0161eg ure\u0111aja.<\/p>\n","protected":false},"excerpt":{"rendered":"<p>Pobolj\u0161ajte izgled i izdr\u017eljivost svog Lenovo Thinkpada X230 s ovom originalnom gornjom LCD maskom. Jednostavan za instalaciju i izra\u0111en za kompatibilnost, osigurava pouzdan rad. Pobolj\u0161ajte estetiku svog prijenosnog ra\u010dunala danas!<\/p>\n","protected":false},"featured_media":25061,"template":"","meta":[],"product_brand":[],"product_cat":[51],"product_tag":[61],"class_list":{"0":"post-25003","1":"product","2":"type-product","3":"status-publish","4":"has-post-thumbnail","6":"product_cat-laptop-housing","7":"product_tag-lenovo","9":"first","10":"instock","11":"taxable","12":"shipping-taxable","13":"purchasable","14":"product-type-simple"},"_links":{"self":[{"href":"https:\/\/boreait.com\/hr\/wp-json\/wp\/v2\/product\/25003","targetHints":{"allow":["GET"]}}],"collection":[{"href":"https:\/\/boreait.com\/hr\/wp-json\/wp\/v2\/product"}],"about":[{"href":"https:\/\/boreait.com\/hr\/wp-json\/wp\/v2\/types\/product"}],"wp:featuredmedia":[{"embeddable":true,"href":"https:\/\/boreait.com\/hr\/wp-json\/wp\/v2\/media\/25061"}],"wp:attachment":[{"href":"https:\/\/boreait.com\/hr\/wp-json\/wp\/v2\/media?parent=25003"}],"wp:term":[{"taxonomy":"product_brand","embeddable":true,"href":"https:\/\/boreait.com\/hr\/wp-json\/wp\/v2\/product_brand?post=25003"},{"taxonomy":"product_cat","embeddable":true,"href":"https:\/\/boreait.com\/hr\/wp-json\/wp\/v2\/product_cat?post=25003"},{"taxonomy":"product_tag","embeddable":true,"href":"https:\/\/boreait.com\/hr\/wp-json\/wp\/v2\/product_tag?post=25003"}],"curies":[{"name":"wp","href":"https:\/\/api.w.org\/{rel}","templated":true}]}}