{"id":25001,"date":"2025-07-25T12:33:53","date_gmt":"2025-07-25T12:33:53","guid":{"rendered":"https:\/\/boreait.com\/hr\/?post_type=product&#038;p=25001"},"modified":"2026-01-27T19:12:40","modified_gmt":"2026-01-27T19:12:40","slug":"originalna-obloga-tipkovnice-prijenosnog-racunala-lenovo-thinkpad-x230-60-4ra02-021-2","status":"publish","type":"product","link":"https:\/\/boreait.com\/hr\/product\/originalna-obloga-tipkovnice-prijenosnog-racunala-lenovo-thinkpad-x230-60-4ra02-021-2\/","title":{"rendered":"Originalna obloga tipkovnice prijenosnog ra\u010dunala Lenovo Thinkpad X230 60.4RA02.021"},"content":{"rendered":"<p>Pobolj\u0161ajte izgled svog prijenosnog ra\u010dunala Lenovo Thinkpad X230 s originalnom maskom za tipkovnicu, broj dijela 60.4RA02.021. Izra\u0111en imaju\u0107i na umu preciznost i pouzdanost, ovaj autenti\u010dni zamjenski dio ne samo da pobolj\u0161ava izgled va\u0161eg prijenosnog ra\u010dunala, ve\u0107 tako\u0111er pru\u017ea dodatnu za\u0161titu podru\u010dju tipkovnice.<\/p>\n<p>Klju\u010dne zna\u010dajke:<\/p>\n<p>&#8211; Originalna Lenovo zamjena: Osigurajte kompatibilnost i pouzdanost s autenti\u010dnim zamjenskim dijelom.<\/p>\n<p>&#8211; Jednostavna instalacija: nadogradite estetiku svog prijenosnog ra\u010dunala bez napora jednostavnom instalacijom, bez potrebe za stru\u010dnom pomo\u0107i.<\/p>\n<p>&#8211; Pobolj\u0161ani izgled: Transformirajte izgled svog Lenovo Thinkpada X230 s ovom elegantnom maskom za tipkovnicu.<\/p>\n<p>&#8211; Dodatna za\u0161tita: Za\u0161titite podru\u010dje tipkovnice od pra\u0161ine, krhotina i mogu\u0107ih o\u0161te\u0107enja ovim \u010dvrstim poklopcem.<\/p>\n<p>Nadogradite svoje prijenosno ra\u010dunalo Lenovo Thinkpad X230 danas s originalnom maskom za tipkovnicu. Kupujte s povjerenjem, znaju\u0107i da ula\u017eete u kvalitetan zamjenski dio za svoj ure\u0111aj. Ako imate bilo kakvih pitanja ili trebate pomo\u0107, slobodno nas kontaktirajte. Ovdje smo da vam pomognemo pobolj\u0161ati estetiku va\u0161eg ure\u0111aja.<\/p>\n","protected":false},"excerpt":{"rendered":"<p>Pobolj\u0161ajte izgled svog Lenovo Thinkpada X230 s ovom originalnom maskom za tipkovnicu. Jednostavan za instalaciju i kompatibilan s brojem dijela 60.4RA02.021. Pobolj\u0161ajte estetiku svog prijenosnog ra\u010dunala danas!<\/p>\n","protected":false},"featured_media":25058,"template":"","meta":[],"product_brand":[],"product_cat":[51],"product_tag":[61],"class_list":{"0":"post-25001","1":"product","2":"type-product","3":"status-publish","4":"has-post-thumbnail","6":"product_cat-laptop-housing","7":"product_tag-lenovo","9":"first","10":"instock","11":"taxable","12":"shipping-taxable","13":"purchasable","14":"product-type-simple"},"_links":{"self":[{"href":"https:\/\/boreait.com\/hr\/wp-json\/wp\/v2\/product\/25001","targetHints":{"allow":["GET"]}}],"collection":[{"href":"https:\/\/boreait.com\/hr\/wp-json\/wp\/v2\/product"}],"about":[{"href":"https:\/\/boreait.com\/hr\/wp-json\/wp\/v2\/types\/product"}],"wp:featuredmedia":[{"embeddable":true,"href":"https:\/\/boreait.com\/hr\/wp-json\/wp\/v2\/media\/25058"}],"wp:attachment":[{"href":"https:\/\/boreait.com\/hr\/wp-json\/wp\/v2\/media?parent=25001"}],"wp:term":[{"taxonomy":"product_brand","embeddable":true,"href":"https:\/\/boreait.com\/hr\/wp-json\/wp\/v2\/product_brand?post=25001"},{"taxonomy":"product_cat","embeddable":true,"href":"https:\/\/boreait.com\/hr\/wp-json\/wp\/v2\/product_cat?post=25001"},{"taxonomy":"product_tag","embeddable":true,"href":"https:\/\/boreait.com\/hr\/wp-json\/wp\/v2\/product_tag?post=25001"}],"curies":[{"name":"wp","href":"https:\/\/api.w.org\/{rel}","templated":true}]}}