{"id":25000,"date":"2025-07-25T12:33:53","date_gmt":"2025-07-25T12:33:53","guid":{"rendered":"https:\/\/boreait.com\/hr\/?post_type=product&#038;p=25000"},"modified":"2025-07-25T12:34:48","modified_gmt":"2025-07-25T12:34:48","slug":"originalni-hp-chromebook-11-11a-g8-ee-usb-ploca-s-kabelom-l92816-001-da00getb8c0","status":"publish","type":"product","link":"https:\/\/boreait.com\/hr\/product\/originalni-hp-chromebook-11-11a-g8-ee-usb-ploca-s-kabelom-l92816-001-da00getb8c0\/","title":{"rendered":"Originalni HP Chromebook 11 11a G8 EE USB plo\u010da s kabelom L92816-001 DA00GETB8C0"},"content":{"rendered":"<p>Pobolj\u0161ajte povezivost svog HP Chromebooka 11 11a G8 EE s originalnom USB plo\u010dom uklju\u010duju\u0107i kabel, broj dijela L92816-001 DA00GETB8C0. Izra\u0111en za izdr\u017eljivost i kompatibilnost, ovaj autenti\u010dni zamjenski dio osigurava pouzdan rad i jednostavnu instalaciju.<\/p>\n<p>Klju\u010dne zna\u010dajke:<\/p>\n<p>&#8211; Originalna HP-ova zamjena: Osigurajte kompatibilnost i pouzdanost s autenti\u010dnim zamjenskim dijelom.<\/p>\n<p>&#8211; Jednostavna instalacija: Nadogradite povezivost svog ure\u0111aja bez napora jednostavnom instalacijom.<\/p>\n<p>&#8211; Pobolj\u0161ana povezivost: pove\u0107ajte mogu\u0107nosti povezivanja svog Chromebooka za pobolj\u0161anu funkcionalnost.<\/p>\n<p>&#8211; Izdr\u017eljiva konstrukcija: Izra\u0111ena da izdr\u017ei upotrebu, osiguravaju\u0107i dugovje\u010dnost i pouzdanost.<\/p>\n<p>Nadogradite svoj HP Chromebook 11 11a G8 EE danas s originalnom USB plo\u010dom uklju\u010duju\u0107i kabel. Kupujte s povjerenjem, znaju\u0107i da ula\u017eete u kvalitetan zamjenski dio za svoj ure\u0111aj. Ako imate bilo kakvih pitanja ili trebate pomo\u0107, slobodno nas kontaktirajte. Ovdje smo da vam pomognemo pobolj\u0161ati funkcionalnost va\u0161eg ure\u0111aja.<\/p>\n","protected":false},"excerpt":{"rendered":"<p>Nadogradite svoj HP Chromebook 11 11a G8 EE ovom originalnom USB plo\u010dom uklju\u010duju\u0107i kabel. Jednostavna instalacija i kompatibilan s brojem dijela L92816-001 DA00GETB8C0. Pobolj\u0161ajte povezivost svog ure\u0111aja danas!<\/p>\n","protected":false},"featured_media":25057,"template":"","meta":[],"product_brand":[],"product_cat":[62],"product_tag":[60],"class_list":{"0":"post-25000","1":"product","2":"type-product","3":"status-publish","4":"has-post-thumbnail","6":"product_cat-motherboards-board-parts","7":"product_tag-hp","9":"first","10":"instock","11":"taxable","12":"shipping-taxable","13":"purchasable","14":"product-type-simple"},"_links":{"self":[{"href":"https:\/\/boreait.com\/hr\/wp-json\/wp\/v2\/product\/25000","targetHints":{"allow":["GET"]}}],"collection":[{"href":"https:\/\/boreait.com\/hr\/wp-json\/wp\/v2\/product"}],"about":[{"href":"https:\/\/boreait.com\/hr\/wp-json\/wp\/v2\/types\/product"}],"wp:featuredmedia":[{"embeddable":true,"href":"https:\/\/boreait.com\/hr\/wp-json\/wp\/v2\/media\/25057"}],"wp:attachment":[{"href":"https:\/\/boreait.com\/hr\/wp-json\/wp\/v2\/media?parent=25000"}],"wp:term":[{"taxonomy":"product_brand","embeddable":true,"href":"https:\/\/boreait.com\/hr\/wp-json\/wp\/v2\/product_brand?post=25000"},{"taxonomy":"product_cat","embeddable":true,"href":"https:\/\/boreait.com\/hr\/wp-json\/wp\/v2\/product_cat?post=25000"},{"taxonomy":"product_tag","embeddable":true,"href":"https:\/\/boreait.com\/hr\/wp-json\/wp\/v2\/product_tag?post=25000"}],"curies":[{"name":"wp","href":"https:\/\/api.w.org\/{rel}","templated":true}]}}