{"id":24999,"date":"2025-07-25T12:33:53","date_gmt":"2025-07-25T12:33:53","guid":{"rendered":"https:\/\/boreait.com\/hr\/?post_type=product&#038;p=24999"},"modified":"2026-01-27T19:12:26","modified_gmt":"2026-01-27T19:12:26","slug":"hp-chromebook-11-11a-g8-ee-t77h644-88-qcnfa344a-originalna-hp-ova-bezicna-bluetooth-kartica","status":"publish","type":"product","link":"https:\/\/boreait.com\/hr\/product\/hp-chromebook-11-11a-g8-ee-t77h644-88-qcnfa344a-originalna-hp-ova-bezicna-bluetooth-kartica\/","title":{"rendered":"HP Chromebook 11 11a G8 EE T77H644.88 QCNFA344A ORIGINALNA HP-OVA BE\u017dI\u010cNA BLUETOOTH KARTICA"},"content":{"rendered":"<p>Pobolj\u0161ajte povezivost svog HP Chromebooka 11 11a G8 EE s originalnom HP be\u017ei\u010dnom Bluetooth karticom, model T77H644.88 QCNFA344A. Izra\u0111en za pouzdanost i kompatibilnost, ovaj autenti\u010dni zamjenski dio osigurava besprijekornu Bluetooth vezu i jednostavnu instalaciju.<\/p>\n<p>Klju\u010dne zna\u010dajke:<\/p>\n<p>&#8211; Originalna HP-ova zamjena: Osigurajte kompatibilnost i pouzdanost s autenti\u010dnim zamjenskim dijelom.<\/p>\n<p>&#8211; Besprijekorno povezivanje: u\u017eivajte u neprekidnom Bluetooth povezivanju za svoj HP Chromebook 11 11a G8 EE.<\/p>\n<p>&#8211; Jednostavna instalacija: Nadogradite svoj ure\u0111aj bez napora jednostavnom instalacijom.<\/p>\n<p>&#8211; Pobolj\u0161ana funkcionalnost: pro\u0161irite mogu\u0107nosti svog Chromebooka pouzdanom Bluetooth vezom.<\/p>\n<p>Nadogradite svoj HP Chromebook 11 11a G8 EE danas s originalnom HP be\u017ei\u010dnom Bluetooth karticom. Kupujte s povjerenjem, znaju\u0107i da ula\u017eete u kvalitetan zamjenski dio za svoj ure\u0111aj. Ako imate bilo kakvih pitanja ili trebate pomo\u0107, slobodno nas kontaktirajte. Ovdje smo da vam pomognemo pobolj\u0161ati funkcionalnost va\u0161eg Chromebooka.<\/p>\n","protected":false},"excerpt":{"rendered":"<p>Nadogradite svoj HP Chromebook 11 11a G8 EE ovom originalnom HP be\u017ei\u010dnom Bluetooth karticom. Osigurajte besprijekornu povezanost i kompatibilnost. Pobolj\u0161ajte funkcionalnost svog ure\u0111aja danas!<\/p>\n","protected":false},"featured_media":25055,"template":"","meta":[],"product_brand":[],"product_cat":[62],"product_tag":[60],"class_list":{"0":"post-24999","1":"product","2":"type-product","3":"status-publish","4":"has-post-thumbnail","6":"product_cat-motherboards-board-parts","7":"product_tag-hp","9":"first","10":"instock","11":"taxable","12":"shipping-taxable","13":"purchasable","14":"product-type-simple"},"_links":{"self":[{"href":"https:\/\/boreait.com\/hr\/wp-json\/wp\/v2\/product\/24999","targetHints":{"allow":["GET"]}}],"collection":[{"href":"https:\/\/boreait.com\/hr\/wp-json\/wp\/v2\/product"}],"about":[{"href":"https:\/\/boreait.com\/hr\/wp-json\/wp\/v2\/types\/product"}],"wp:featuredmedia":[{"embeddable":true,"href":"https:\/\/boreait.com\/hr\/wp-json\/wp\/v2\/media\/25055"}],"wp:attachment":[{"href":"https:\/\/boreait.com\/hr\/wp-json\/wp\/v2\/media?parent=24999"}],"wp:term":[{"taxonomy":"product_brand","embeddable":true,"href":"https:\/\/boreait.com\/hr\/wp-json\/wp\/v2\/product_brand?post=24999"},{"taxonomy":"product_cat","embeddable":true,"href":"https:\/\/boreait.com\/hr\/wp-json\/wp\/v2\/product_cat?post=24999"},{"taxonomy":"product_tag","embeddable":true,"href":"https:\/\/boreait.com\/hr\/wp-json\/wp\/v2\/product_tag?post=24999"}],"curies":[{"name":"wp","href":"https:\/\/api.w.org\/{rel}","templated":true}]}}