{"id":24996,"date":"2025-07-25T12:33:53","date_gmt":"2025-07-25T12:33:53","guid":{"rendered":"https:\/\/boreait.com\/hr\/?post_type=product&#038;p=24996"},"modified":"2026-01-27T19:11:54","modified_gmt":"2026-01-27T19:11:54","slug":"originalni-hp-chromebook-11-g8-ee-tpn-q232-11a-kabel-za-kameru-zica-za-web-kameru-dd0gahcm020","status":"publish","type":"product","link":"https:\/\/boreait.com\/hr\/product\/originalni-hp-chromebook-11-g8-ee-tpn-q232-11a-kabel-za-kameru-zica-za-web-kameru-dd0gahcm020\/","title":{"rendered":"Originalni HP Chromebook 11 G8 EE TPN-Q232 11a Kabel za kameru \u017dica za web kameru DD0GAHCM020"},"content":{"rendered":"<p>Pobolj\u0161ajte funkcionalnost kamere na svom HP Chromebooku 11 G8 EE s originalnim kabelom kamere za web kameru, broj dijela DD0GAHCM020. Izra\u0111en za izdr\u017eljivost i kompatibilnost, ovaj autenti\u010dni zamjenski dio osigurava pouzdan rad i jednostavnu instalaciju.<\/p>\n<p>Klju\u010dne zna\u010dajke:<\/p>\n<p>&#8211; Originalna HP-ova zamjena: Osigurajte kompatibilnost i pouzdanost s autenti\u010dnim zamjenskim dijelom.<\/p>\n<p>&#8211; Jednostavna instalacija: Nadogradite kameru svog ure\u0111aja bez napora jednostavnom instalacijom.<\/p>\n<p>&#8211; Pobolj\u0161ana izvedba kamere: pobolj\u0161ajte izvedbu web-kamere svog Chromebooka za jasnije videopozive i konferencije.<\/p>\n<p>&#8211; Izdr\u017eljiva konstrukcija: Napravljena da izdr\u017ei redovitu upotrebu, osiguravaju\u0107i dugovje\u010dnost i pouzdanost.<\/p>\n<p>Nadogradite svoj HP Chromebook 11 G8 EE danas s originalnim kabelom kamere za web kameru. Kupujte s povjerenjem, znaju\u0107i da ula\u017eete u kvalitetan zamjenski dio za svoj ure\u0111aj. Ako imate bilo kakvih pitanja ili trebate pomo\u0107, slobodno nas kontaktirajte. Ovdje smo da vam pomognemo pobolj\u0161ati funkcionalnost va\u0161eg Chromebooka.<\/p>\n","protected":false},"excerpt":{"rendered":"<p>Nadogradite funkcionalnost kamere na svom HP Chromebooku 11 G8 EE s ovom originalnom \u017eicom kabela kamere. Jednostavan za instalaciju i kompatibilan s brojem dijela DD0GAHCM020. Pobolj\u0161ajte performanse web kamere svog ure\u0111aja danas!<\/p>\n","protected":false},"featured_media":25052,"template":"","meta":[],"product_brand":[],"product_cat":[55],"product_tag":[],"class_list":{"0":"post-24996","1":"product","2":"type-product","3":"status-publish","4":"has-post-thumbnail","6":"product_cat-cables","8":"first","9":"instock","10":"taxable","11":"shipping-taxable","12":"purchasable","13":"product-type-simple"},"_links":{"self":[{"href":"https:\/\/boreait.com\/hr\/wp-json\/wp\/v2\/product\/24996","targetHints":{"allow":["GET"]}}],"collection":[{"href":"https:\/\/boreait.com\/hr\/wp-json\/wp\/v2\/product"}],"about":[{"href":"https:\/\/boreait.com\/hr\/wp-json\/wp\/v2\/types\/product"}],"wp:featuredmedia":[{"embeddable":true,"href":"https:\/\/boreait.com\/hr\/wp-json\/wp\/v2\/media\/25052"}],"wp:attachment":[{"href":"https:\/\/boreait.com\/hr\/wp-json\/wp\/v2\/media?parent=24996"}],"wp:term":[{"taxonomy":"product_brand","embeddable":true,"href":"https:\/\/boreait.com\/hr\/wp-json\/wp\/v2\/product_brand?post=24996"},{"taxonomy":"product_cat","embeddable":true,"href":"https:\/\/boreait.com\/hr\/wp-json\/wp\/v2\/product_cat?post=24996"},{"taxonomy":"product_tag","embeddable":true,"href":"https:\/\/boreait.com\/hr\/wp-json\/wp\/v2\/product_tag?post=24996"}],"curies":[{"name":"wp","href":"https:\/\/api.w.org\/{rel}","templated":true}]}}