{"id":24974,"date":"2025-07-25T12:33:30","date_gmt":"2025-07-25T12:33:30","guid":{"rendered":"https:\/\/boreait.com\/hr\/?post_type=product&#038;p=24974"},"modified":"2025-07-25T12:34:29","modified_gmt":"2025-07-25T12:34:29","slug":"hp-chromebook-11-g8-ee-lcd-prednji-okvir-okvira-l89773-001","status":"publish","type":"product","link":"https:\/\/boreait.com\/hr\/product\/hp-chromebook-11-g8-ee-lcd-prednji-okvir-okvira-l89773-001\/","title":{"rendered":"HP Chromebook 11 G8 EE LCD prednji okvir okvira l89773-001"},"content":{"rendered":"<p>Pobolj\u0161ajte izgled i izdr\u017eljivost svog HP Chromebooka 11 G8 EE s LCD okvirom s prednjim okvirom, broj dijela l89773-001. Dizajniran za savr\u0161enu kompatibilnost i jednostavnu instalaciju, ovaj zamjenski dio va\u0161em \u0107e ure\u0111aju dati svje\u017e i \u010dvrst izgled.<\/p>\n<p>Klju\u010dne zna\u010dajke:<\/p>\n<p>&#8211; Zamjenski dio: Osigurajte kompatibilnost i pouzdanost s ovim okvirom prednjeg okvira.<\/p>\n<p>&#8211; Jednostavna instalacija: nadogradite svoj ure\u0111aj bez napora uz jednostavan postupak instalacije.<\/p>\n<p>&#8211; Pobolj\u0161ani izgled: Pobolj\u0161ajte izgled svog HP Chromebooka 11 G8 EE s ovim elegantnim okvirom.<\/p>\n<p>&#8211; Izdr\u017eljiva konstrukcija: Napravljena da traje, pru\u017ea za\u0161titu i dugovje\u010dnost za va\u0161 ure\u0111aj.<\/p>\n<p>Nadogradite svoj HP Chromebook 11 G8 EE danas okvirom LCD prednjeg okvira. Kupujte s povjerenjem, znaju\u0107i da ula\u017eete u kvalitetan zamjenski dio za svoj ure\u0111aj. Ako imate bilo kakvih pitanja ili trebate pomo\u0107, slobodno nas kontaktirajte. Ovdje smo da vam pomognemo pobolj\u0161ati izgled i izdr\u017eljivost va\u0161eg Chromebooka.<\/p>\n","protected":false},"excerpt":{"rendered":"<p>Nadogradite svoj HP Chromebook 11 G8 EE ovim LCD okvirom prednjeg okvira. Jednostavan za instalaciju i kompatibilan s brojem dijela l89773-001. Pobolj\u0161ajte izgled svog Chromebooka danas!<\/p>\n","protected":false},"featured_media":25036,"template":"","meta":[],"product_brand":[],"product_cat":[51],"product_tag":[],"class_list":{"0":"post-24974","1":"product","2":"type-product","3":"status-publish","4":"has-post-thumbnail","6":"product_cat-laptop-housing","8":"first","9":"instock","10":"taxable","11":"shipping-taxable","12":"purchasable","13":"product-type-simple"},"_links":{"self":[{"href":"https:\/\/boreait.com\/hr\/wp-json\/wp\/v2\/product\/24974","targetHints":{"allow":["GET"]}}],"collection":[{"href":"https:\/\/boreait.com\/hr\/wp-json\/wp\/v2\/product"}],"about":[{"href":"https:\/\/boreait.com\/hr\/wp-json\/wp\/v2\/types\/product"}],"wp:featuredmedia":[{"embeddable":true,"href":"https:\/\/boreait.com\/hr\/wp-json\/wp\/v2\/media\/25036"}],"wp:attachment":[{"href":"https:\/\/boreait.com\/hr\/wp-json\/wp\/v2\/media?parent=24974"}],"wp:term":[{"taxonomy":"product_brand","embeddable":true,"href":"https:\/\/boreait.com\/hr\/wp-json\/wp\/v2\/product_brand?post=24974"},{"taxonomy":"product_cat","embeddable":true,"href":"https:\/\/boreait.com\/hr\/wp-json\/wp\/v2\/product_cat?post=24974"},{"taxonomy":"product_tag","embeddable":true,"href":"https:\/\/boreait.com\/hr\/wp-json\/wp\/v2\/product_tag?post=24974"}],"curies":[{"name":"wp","href":"https:\/\/api.w.org\/{rel}","templated":true}]}}