{"id":24952,"date":"2025-07-25T12:33:08","date_gmt":"2025-07-25T12:33:08","guid":{"rendered":"https:\/\/boreait.com\/hr\/?post_type=product&#038;p=24952"},"modified":"2026-01-27T15:49:55","modified_gmt":"2026-01-27T15:49:55","slug":"13goa3m10p010-10-asus-plasticni-poklopac-za-sarke-1225b-serija-razreda-a","status":"publish","type":"product","link":"https:\/\/boreait.com\/hr\/product\/13goa3m10p010-10-asus-plasticni-poklopac-za-sarke-1225b-serija-razreda-a\/","title":{"rendered":"13Goa3M10P010-10 ASUS plasti\u010dni poklopac za \u0161arke 1225B serija razreda A"},"content":{"rendered":"<p>Pobolj\u0161ajte izgled svog prijenosnog ra\u010dunala serije ASUS 1225B s originalnim plasti\u010dnim poklopcem za \u0161arke, broj dijela 13Goa3M10P010-10. Izra\u0111en za izdr\u017eljivost i kompatibilnost, ovaj autenti\u010dni zamjenski dio osigurava pouzdan rad i jednostavnu instalaciju.<\/p>\n<p>Klju\u010dne zna\u010dajke:<\/p>\n<p>&#8211; Originalna ASUS zamjena: Osigurajte kompatibilnost i pouzdanost s autenti\u010dnim zamjenskim dijelom.<\/p>\n<p>&#8211; Jednostavna instalacija: Nadogradite izgled svog ure\u0111aja bez napora jednostavnom instalacijom.<\/p>\n<p>&#8211; Uvjet razreda A: Budite uvjereni da ula\u017eete u visokokvalitetan proizvod kao nov.<\/p>\n<p>&#8211; Pobolj\u0161ani izgled: Transformirajte izgled va\u0161eg prijenosnog ra\u010dunala ASUS serije 1225B s ovim elegantnim kompletom poklopca za \u0161arke.<\/p>\n<p>Nadogradite svoje prijenosno ra\u010dunalo serije ASUS 1225B danas s originalnim plasti\u010dnim poklopcem za \u0161arke. Kupujte s povjerenjem, znaju\u0107i da ula\u017eete u kvalitetan zamjenski dio za svoj ure\u0111aj. Ako imate bilo kakvih pitanja ili trebate pomo\u0107, slobodno nas kontaktirajte. Ovdje smo da vam pomognemo pobolj\u0161ati izgled i funkcionalnost va\u0161eg ure\u0111aja.<\/p>\n","protected":false},"excerpt":{"rendered":"<p>Nadogradite svoje prijenosno ra\u010dunalo serije ASUS 1225B s ovim originalnim plasti\u010dnim poklopcem za \u0161arke. Jednostavan za instalaciju iu stanju razreda A. Pobolj\u0161ajte izgled svog ure\u0111aja danas!<\/p>\n","protected":false},"featured_media":25014,"template":"","meta":[],"product_brand":[],"product_cat":[51],"product_tag":[65],"class_list":{"0":"post-24952","1":"product","2":"type-product","3":"status-publish","4":"has-post-thumbnail","6":"product_cat-laptop-housing","7":"product_tag-asus","9":"first","10":"instock","11":"taxable","12":"shipping-taxable","13":"purchasable","14":"product-type-simple"},"_links":{"self":[{"href":"https:\/\/boreait.com\/hr\/wp-json\/wp\/v2\/product\/24952","targetHints":{"allow":["GET"]}}],"collection":[{"href":"https:\/\/boreait.com\/hr\/wp-json\/wp\/v2\/product"}],"about":[{"href":"https:\/\/boreait.com\/hr\/wp-json\/wp\/v2\/types\/product"}],"wp:featuredmedia":[{"embeddable":true,"href":"https:\/\/boreait.com\/hr\/wp-json\/wp\/v2\/media\/25014"}],"wp:attachment":[{"href":"https:\/\/boreait.com\/hr\/wp-json\/wp\/v2\/media?parent=24952"}],"wp:term":[{"taxonomy":"product_brand","embeddable":true,"href":"https:\/\/boreait.com\/hr\/wp-json\/wp\/v2\/product_brand?post=24952"},{"taxonomy":"product_cat","embeddable":true,"href":"https:\/\/boreait.com\/hr\/wp-json\/wp\/v2\/product_cat?post=24952"},{"taxonomy":"product_tag","embeddable":true,"href":"https:\/\/boreait.com\/hr\/wp-json\/wp\/v2\/product_tag?post=24952"}],"curies":[{"name":"wp","href":"https:\/\/api.w.org\/{rel}","templated":true}]}}