{"id":24951,"date":"2025-07-25T12:33:08","date_gmt":"2025-07-25T12:33:08","guid":{"rendered":"https:\/\/boreait.com\/hr\/?post_type=product&#038;p=24951"},"modified":"2026-01-27T15:49:41","modified_gmt":"2026-01-27T15:49:41","slug":"nosac-za-montazu-okvira-tvrdih-diskova-asus-eee-pc-1225b-hdd-caddy","status":"publish","type":"product","link":"https:\/\/boreait.com\/hr\/product\/nosac-za-montazu-okvira-tvrdih-diskova-asus-eee-pc-1225b-hdd-caddy\/","title":{"rendered":"Nosa\u010d za monta\u017eu okvira tvrdih diskova ASUS EEE PC 1225B HDD Caddy"},"content":{"rendered":"<p>Pove\u0107ajte kapacitet pohrane va\u0161eg ASUS EEE PC 1225B s HDD Caddy okvirom za montiranje tvrdih diskova. Dizajniran za izdr\u017eljivost i kompatibilnost, ovaj nosa\u010d osigurava pouzdan rad i jednostavnu instalaciju.<\/p>\n<p>Klju\u010dne zna\u010dajke:<\/p>\n<p>&#8211; Kompatibilan s ASUS EEE PC 1225B: Provjerite kompatibilnost s va\u0161im ure\u0111ajem.<\/p>\n<p>&#8211; Jednostavna instalacija: Jednostavnom instalacijom nadogradite kapacitet pohrane svog ure\u0111aja.<\/p>\n<p>&#8211; Pobolj\u0161ana pohrana: pove\u0107ajte kapacitet pohrane prijenosnog ra\u010dunala za pobolj\u0161anu funkcionalnost.<\/p>\n<p>&#8211; Izdr\u017eljiva konstrukcija: Izra\u0111ena da izdr\u017ei upotrebu, osiguravaju\u0107i dugovje\u010dnost i pouzdanost.<\/p>\n<p>Nadogradite svoj ASUS EEE PC 1225B danas s HDD Caddy nosa\u010dem okvira tvrdih diskova. Kupujte s povjerenjem, znaju\u0107i da ula\u017eete u kvalitetan dodatak za svoj ure\u0111aj. Ako imate bilo kakvih upita ili trebate pomo\u0107, slobodno nas kontaktirajte. Ovdje smo da vam pomognemo pobolj\u0161ati mogu\u0107nosti pohrane na va\u0161em ure\u0111aju.<\/p>\n","protected":false},"excerpt":{"rendered":"<p>Nadogradite pohranu svog ASUS EEE PC 1225B s ovim nosa\u010dem za monta\u017eu okvira tvrdih diskova HDD Caddy. Jednostavan za instalaciju i kompatibilan s raznim tvrdim diskovima. Pove\u0107ajte kapacitet pohrane svog ure\u0111aja danas!<\/p>\n","protected":false},"featured_media":25013,"template":"","meta":[],"product_brand":[],"product_cat":[51],"product_tag":[65],"class_list":{"0":"post-24951","1":"product","2":"type-product","3":"status-publish","4":"has-post-thumbnail","6":"product_cat-laptop-housing","7":"product_tag-asus","9":"first","10":"instock","11":"taxable","12":"shipping-taxable","13":"purchasable","14":"product-type-simple"},"_links":{"self":[{"href":"https:\/\/boreait.com\/hr\/wp-json\/wp\/v2\/product\/24951","targetHints":{"allow":["GET"]}}],"collection":[{"href":"https:\/\/boreait.com\/hr\/wp-json\/wp\/v2\/product"}],"about":[{"href":"https:\/\/boreait.com\/hr\/wp-json\/wp\/v2\/types\/product"}],"wp:featuredmedia":[{"embeddable":true,"href":"https:\/\/boreait.com\/hr\/wp-json\/wp\/v2\/media\/25013"}],"wp:attachment":[{"href":"https:\/\/boreait.com\/hr\/wp-json\/wp\/v2\/media?parent=24951"}],"wp:term":[{"taxonomy":"product_brand","embeddable":true,"href":"https:\/\/boreait.com\/hr\/wp-json\/wp\/v2\/product_brand?post=24951"},{"taxonomy":"product_cat","embeddable":true,"href":"https:\/\/boreait.com\/hr\/wp-json\/wp\/v2\/product_cat?post=24951"},{"taxonomy":"product_tag","embeddable":true,"href":"https:\/\/boreait.com\/hr\/wp-json\/wp\/v2\/product_tag?post=24951"}],"curies":[{"name":"wp","href":"https:\/\/api.w.org\/{rel}","templated":true}]}}