{"id":24947,"date":"2025-07-25T12:33:07","date_gmt":"2025-07-25T12:33:07","guid":{"rendered":"https:\/\/boreait.com\/hr\/?post_type=product&#038;p=24947"},"modified":"2025-07-25T12:33:58","modified_gmt":"2025-07-25T12:33:58","slug":"originalni-asus-1225b-ventilator-i-hladnjak-13na-3ma0y01","status":"publish","type":"product","link":"https:\/\/boreait.com\/hr\/product\/originalni-asus-1225b-ventilator-i-hladnjak-13na-3ma0y01\/","title":{"rendered":"Originalni Asus 1225B ventilator i hladnjak 13NA-3MA0Y01"},"content":{"rendered":"<p>Nadogradite performanse hla\u0111enja va\u0161eg prijenosnog ra\u010dunala Asus 1225B s originalnim ventilatorom i hladnjakom, broj dijela 13NA-3MA0Y01. Dizajniran za optimalan protok zraka i rasipanje topline, ovaj autenti\u010dni zamjenski dio osigurava da va\u0161e prijenosno ra\u010dunalo ostane hladno tijekom te\u0161ke upotrebe.<\/p>\n<p>Klju\u010dne zna\u010dajke:<\/p>\n<p>&#8211; Originalna Asus zamjena: Osigurajte kompatibilnost i pouzdanost s autenti\u010dnim zamjenskim dijelom.<\/p>\n<p>&#8211; Pobolj\u0161ana izvedba hla\u0111enja: Neka va\u0161e prijenosno ra\u010dunalo radi glatko i u\u010dinkovito uz pobolj\u0161ano hla\u0111enje.<\/p>\n<p>&#8211; Jednostavna instalacija: Nadogradite rashladni sustav prijenosnog ra\u010dunala bez napora jednostavnom instalacijom.<\/p>\n<p>&#8211; Izdr\u017eljiva konstrukcija: Napravljena da izdr\u017ei upotrebu i osigura dugotrajnost va\u0161eg prijenosnog ra\u010dunala.<\/p>\n<p>Nadogradite svoje prijenosno ra\u010dunalo Asus 1225B danas s originalnim ventilatorom i hladnjakom. Kupujte s povjerenjem, znaju\u0107i da ula\u017eete u kvalitetan zamjenski dio za svoj ure\u0111aj. Ako imate bilo kakvih pitanja ili trebate pomo\u0107, slobodno nas kontaktirajte. Ovdje smo da vam pomognemo pobolj\u0161ati performanse va\u0161eg prijenosnog ra\u010dunala.<\/p>\n","protected":false},"excerpt":{"rendered":"<p>Pobolj\u0161ajte sustav hla\u0111enja svog Asusa 1225B ovim originalnim ventilatorom i hladnjakom. Kompatibilan s brojem dijela 13NA-3MA0Y01. Neka va\u0161e prijenosno ra\u010dunalo radi glatko i u\u010dinkovito!<\/p>\n","protected":false},"featured_media":25007,"template":"","meta":[],"product_brand":[],"product_cat":[68],"product_tag":[65],"class_list":{"0":"post-24947","1":"product","2":"type-product","3":"status-publish","4":"has-post-thumbnail","6":"product_cat-cpu-fans-heatsinks","7":"product_tag-asus","9":"first","10":"instock","11":"taxable","12":"shipping-taxable","13":"purchasable","14":"product-type-simple"},"_links":{"self":[{"href":"https:\/\/boreait.com\/hr\/wp-json\/wp\/v2\/product\/24947","targetHints":{"allow":["GET"]}}],"collection":[{"href":"https:\/\/boreait.com\/hr\/wp-json\/wp\/v2\/product"}],"about":[{"href":"https:\/\/boreait.com\/hr\/wp-json\/wp\/v2\/types\/product"}],"wp:featuredmedia":[{"embeddable":true,"href":"https:\/\/boreait.com\/hr\/wp-json\/wp\/v2\/media\/25007"}],"wp:attachment":[{"href":"https:\/\/boreait.com\/hr\/wp-json\/wp\/v2\/media?parent=24947"}],"wp:term":[{"taxonomy":"product_brand","embeddable":true,"href":"https:\/\/boreait.com\/hr\/wp-json\/wp\/v2\/product_brand?post=24947"},{"taxonomy":"product_cat","embeddable":true,"href":"https:\/\/boreait.com\/hr\/wp-json\/wp\/v2\/product_cat?post=24947"},{"taxonomy":"product_tag","embeddable":true,"href":"https:\/\/boreait.com\/hr\/wp-json\/wp\/v2\/product_tag?post=24947"}],"curies":[{"name":"wp","href":"https:\/\/api.w.org\/{rel}","templated":true}]}}