{"id":24946,"date":"2025-07-25T12:33:07","date_gmt":"2025-07-25T12:33:07","guid":{"rendered":"https:\/\/boreait.com\/hr\/?post_type=product&#038;p=24946"},"modified":"2025-07-25T12:33:52","modified_gmt":"2025-07-25T12:33:52","slug":"originalni-asus-1225b-lcd-video-kabel-1422-017b000","status":"publish","type":"product","link":"https:\/\/boreait.com\/hr\/product\/originalni-asus-1225b-lcd-video-kabel-1422-017b000\/","title":{"rendered":"Originalni Asus 1225B LCD video kabel 1422-017B000"},"content":{"rendered":"<p>Pobolj\u0161ajte kvalitetu prikaza svog prijenosnog ra\u010dunala Asus 1225B s originalnim LCD video kabelom, broj dijela 1422-017B000. Izra\u0111en za izdr\u017eljivost i kompatibilnost, ovaj autenti\u010dni zamjenski dio osigurava pouzdan rad i jednostavnu instalaciju.<\/p>\n<p>Klju\u010dne zna\u010dajke:<\/p>\n<p>&#8211; Originalna Asus zamjena: Osigurajte kompatibilnost i pouzdanost s autenti\u010dnim zamjenskim dijelom.<\/p>\n<p>&#8211; Jednostavna instalacija: Nadogradite zaslon prijenosnog ra\u010dunala bez napora jednostavnom instalacijom.<\/p>\n<p>&#8211; Pobolj\u0161ana kvaliteta zaslona: pobolj\u0161ajte zaslon prijenosnog ra\u010dunala za jasnije i o\u0161trije slike.<\/p>\n<p>&#8211; Izdr\u017eljiva konstrukcija: Izra\u0111ena da izdr\u017ei upotrebu, osiguravaju\u0107i dugovje\u010dnost i pouzdanost.<\/p>\n<p>Nadogradite svoje prijenosno ra\u010dunalo Asus 1225B danas s originalnim LCD video kabelom. Kupujte s povjerenjem, znaju\u0107i da ula\u017eete u kvalitetan zamjenski dio za svoj ure\u0111aj. Ako imate bilo kakvih pitanja ili trebate pomo\u0107, slobodno nas kontaktirajte. Ovdje smo da vam pomognemo pobolj\u0161ati kvalitetu prikaza va\u0161eg prijenosnog ra\u010dunala.<\/p>\n","protected":false},"excerpt":{"rendered":"<p>Nadogradite zaslon svog Asus 1225B ovim originalnim LCD video kabelom. Jednostavan za instalaciju i kompatibilan s brojem dijela 1422-017B000. Pobolj\u0161ajte kvalitetu zaslona svog prijenosnog ra\u010dunala danas!<\/p>\n","protected":false},"featured_media":24994,"template":"","meta":[],"product_brand":[],"product_cat":[55],"product_tag":[65],"class_list":{"0":"post-24946","1":"product","2":"type-product","3":"status-publish","4":"has-post-thumbnail","6":"product_cat-cables","7":"product_tag-asus","9":"first","10":"instock","11":"taxable","12":"shipping-taxable","13":"purchasable","14":"product-type-simple"},"_links":{"self":[{"href":"https:\/\/boreait.com\/hr\/wp-json\/wp\/v2\/product\/24946","targetHints":{"allow":["GET"]}}],"collection":[{"href":"https:\/\/boreait.com\/hr\/wp-json\/wp\/v2\/product"}],"about":[{"href":"https:\/\/boreait.com\/hr\/wp-json\/wp\/v2\/types\/product"}],"wp:featuredmedia":[{"embeddable":true,"href":"https:\/\/boreait.com\/hr\/wp-json\/wp\/v2\/media\/24994"}],"wp:attachment":[{"href":"https:\/\/boreait.com\/hr\/wp-json\/wp\/v2\/media?parent=24946"}],"wp:term":[{"taxonomy":"product_brand","embeddable":true,"href":"https:\/\/boreait.com\/hr\/wp-json\/wp\/v2\/product_brand?post=24946"},{"taxonomy":"product_cat","embeddable":true,"href":"https:\/\/boreait.com\/hr\/wp-json\/wp\/v2\/product_cat?post=24946"},{"taxonomy":"product_tag","embeddable":true,"href":"https:\/\/boreait.com\/hr\/wp-json\/wp\/v2\/product_tag?post=24946"}],"curies":[{"name":"wp","href":"https:\/\/api.w.org\/{rel}","templated":true}]}}