{"id":24945,"date":"2025-07-25T12:33:07","date_gmt":"2025-07-25T12:33:07","guid":{"rendered":"https:\/\/boreait.com\/hr\/?post_type=product&#038;p=24945"},"modified":"2025-07-25T12:33:50","modified_gmt":"2025-07-25T12:33:50","slug":"originalni-straznji-poklopac-lcd-a-asus-1225b-13na-3ma0c11-13goa3m1ap071-10","status":"publish","type":"product","link":"https:\/\/boreait.com\/hr\/product\/originalni-straznji-poklopac-lcd-a-asus-1225b-13na-3ma0c11-13goa3m1ap071-10\/","title":{"rendered":"Originalni stra\u017enji poklopac LCD-a Asus 1225B 13NA-3MA0C11 13GOA3M1AP071-10"},"content":{"rendered":"<p>Nadogradite izgled svog prijenosnog ra\u010dunala Asus 1225B s originalnim LCD stra\u017enjim poklopcem, brojevima dijelova 13NA-3MA0C11 i 13GOA3M1AP071-10. Izra\u0111en za izdr\u017eljivost i kompatibilnost, ovaj autenti\u010dni zamjenski dio osigurava pouzdan rad i jednostavnu instalaciju.<\/p>\n<p>Klju\u010dne zna\u010dajke:<\/p>\n<p>&#8211; Originalna Asus zamjena: Osigurajte kompatibilnost i pouzdanost s autenti\u010dnim zamjenskim dijelom.<\/p>\n<p>&#8211; Jednostavna instalacija: Nadogradite izgled svog prijenosnog ra\u010dunala bez napora jednostavnom instalacijom.<\/p>\n<p>&#8211; Pobolj\u0161ani izgled: Transformirajte izgled svog Asusa 1225B s ovim elegantnim stra\u017enjim poklopcem LCD-a.<\/p>\n<p>&#8211; Izdr\u017eljiva konstrukcija: Izra\u0111ena da izdr\u017ei svakodnevnu upotrebu, osiguravaju\u0107i dugovje\u010dnost i pouzdanost.<\/p>\n<p>Nadogradite svoje prijenosno ra\u010dunalo Asus 1225B danas s originalnim stra\u017enjim poklopcem LCD zaslona. Kupujte s povjerenjem, znaju\u0107i da ula\u017eete u kvalitetan zamjenski dio za svoj ure\u0111aj. Ako imate bilo kakvih pitanja ili trebate pomo\u0107, slobodno nas kontaktirajte. Ovdje smo da vam pomognemo pobolj\u0161ati estetiku va\u0161eg prijenosnog ra\u010dunala.<\/p>\n","protected":false},"excerpt":{"rendered":"<p>Pobolj\u0161ajte izgled svog Asusa 1225B ovim originalnim LCD stra\u017enjim poklopcem. Jednostavan za instalaciju i kompatibilan s brojevima dijelova 13NA-3MA0C11 i 13GOA3M1AP071-10. Pobolj\u0161ajte izgled svog prijenosnog ra\u010dunala danas!<\/p>\n","protected":false},"featured_media":24993,"template":"","meta":[],"product_brand":[],"product_cat":[51],"product_tag":[65],"class_list":{"0":"post-24945","1":"product","2":"type-product","3":"status-publish","4":"has-post-thumbnail","6":"product_cat-laptop-housing","7":"product_tag-asus","9":"first","10":"instock","11":"taxable","12":"shipping-taxable","13":"purchasable","14":"product-type-simple"},"_links":{"self":[{"href":"https:\/\/boreait.com\/hr\/wp-json\/wp\/v2\/product\/24945","targetHints":{"allow":["GET"]}}],"collection":[{"href":"https:\/\/boreait.com\/hr\/wp-json\/wp\/v2\/product"}],"about":[{"href":"https:\/\/boreait.com\/hr\/wp-json\/wp\/v2\/types\/product"}],"wp:featuredmedia":[{"embeddable":true,"href":"https:\/\/boreait.com\/hr\/wp-json\/wp\/v2\/media\/24993"}],"wp:attachment":[{"href":"https:\/\/boreait.com\/hr\/wp-json\/wp\/v2\/media?parent=24945"}],"wp:term":[{"taxonomy":"product_brand","embeddable":true,"href":"https:\/\/boreait.com\/hr\/wp-json\/wp\/v2\/product_brand?post=24945"},{"taxonomy":"product_cat","embeddable":true,"href":"https:\/\/boreait.com\/hr\/wp-json\/wp\/v2\/product_cat?post=24945"},{"taxonomy":"product_tag","embeddable":true,"href":"https:\/\/boreait.com\/hr\/wp-json\/wp\/v2\/product_tag?post=24945"}],"curies":[{"name":"wp","href":"https:\/\/api.w.org\/{rel}","templated":true}]}}