{"id":24944,"date":"2025-07-25T12:33:07","date_gmt":"2025-07-25T12:33:07","guid":{"rendered":"https:\/\/boreait.com\/hr\/?post_type=product&#038;p=24944"},"modified":"2025-07-25T12:33:49","modified_gmt":"2025-07-25T12:33:49","slug":"originalni-asus-1225b-lcd-okvir-13na-3ma0601-13goa3m4ap060-10","status":"publish","type":"product","link":"https:\/\/boreait.com\/hr\/product\/originalni-asus-1225b-lcd-okvir-13na-3ma0601-13goa3m4ap060-10\/","title":{"rendered":"Originalni Asus 1225B LCD okvir 13NA-3MA0601 13GOA3M4AP060-10"},"content":{"rendered":"<p>Unaprijedite izgled svog prijenosnog ra\u010dunala Asus 1225B s originalnim LCD okvirom, kompatibilnim s brojevima dijelova 13NA-3MA0601 i 13GOA3M4AP060-10. Izra\u0111en za preciznost i izdr\u017eljivost, ovaj autenti\u010dni zamjenski dio osigurava savr\u0161eno pristajanje i jednostavnu instalaciju.<\/p>\n<p>Klju\u010dne zna\u010dajke:<\/p>\n<p>&#8211; Originalna Asus zamjena: Osigurajte kompatibilnost i pouzdanost s autenti\u010dnim zamjenskim dijelom.<\/p>\n<p>&#8211; Jednostavna instalacija: Nadogradite estetiku svog prijenosnog ra\u010dunala bez napora jednostavnom instalacijom.<\/p>\n<p>&#8211; Pobolj\u0161ani izgled: Transformirajte izgled svog Asusa 1225B s ovim elegantnim LCD okvirom.<\/p>\n<p>&#8211; Izdr\u017eljiva konstrukcija: Izra\u0111ena da izdr\u017ei svakodnevnu upotrebu, osiguravaju\u0107i dugovje\u010dnost i pouzdanost.<\/p>\n<p>Nadogradite svoje prijenosno ra\u010dunalo Asus 1225B danas s originalnim LCD okvirom. Kupujte s povjerenjem, znaju\u0107i da ula\u017eete u kvalitetan zamjenski dio za svoj ure\u0111aj. Ako imate bilo kakvih pitanja ili trebate pomo\u0107, slobodno nas kontaktirajte. Ovdje smo da vam pomognemo pobolj\u0161ati estetiku va\u0161eg prijenosnog ra\u010dunala.<\/p>\n","protected":false},"excerpt":{"rendered":"<p>Pobolj\u0161ajte izgled svog Asusa 1225B ovim originalnim LCD okvirom. Jednostavan za instalaciju i kompatibilan s brojevima dijelova 13NA-3MA0601 i 13GOA3M4AP060-10. Pobolj\u0161ajte estetiku svog prijenosnog ra\u010dunala danas!<\/p>\n","protected":false},"featured_media":24991,"template":"","meta":[],"product_brand":[],"product_cat":[51],"product_tag":[65],"class_list":{"0":"post-24944","1":"product","2":"type-product","3":"status-publish","4":"has-post-thumbnail","6":"product_cat-laptop-housing","7":"product_tag-asus","9":"first","10":"instock","11":"taxable","12":"shipping-taxable","13":"purchasable","14":"product-type-simple"},"_links":{"self":[{"href":"https:\/\/boreait.com\/hr\/wp-json\/wp\/v2\/product\/24944","targetHints":{"allow":["GET"]}}],"collection":[{"href":"https:\/\/boreait.com\/hr\/wp-json\/wp\/v2\/product"}],"about":[{"href":"https:\/\/boreait.com\/hr\/wp-json\/wp\/v2\/types\/product"}],"wp:featuredmedia":[{"embeddable":true,"href":"https:\/\/boreait.com\/hr\/wp-json\/wp\/v2\/media\/24991"}],"wp:attachment":[{"href":"https:\/\/boreait.com\/hr\/wp-json\/wp\/v2\/media?parent=24944"}],"wp:term":[{"taxonomy":"product_brand","embeddable":true,"href":"https:\/\/boreait.com\/hr\/wp-json\/wp\/v2\/product_brand?post=24944"},{"taxonomy":"product_cat","embeddable":true,"href":"https:\/\/boreait.com\/hr\/wp-json\/wp\/v2\/product_cat?post=24944"},{"taxonomy":"product_tag","embeddable":true,"href":"https:\/\/boreait.com\/hr\/wp-json\/wp\/v2\/product_tag?post=24944"}],"curies":[{"name":"wp","href":"https:\/\/api.w.org\/{rel}","templated":true}]}}