{"id":24942,"date":"2025-07-25T12:33:07","date_gmt":"2025-07-25T12:33:07","guid":{"rendered":"https:\/\/boreait.com\/hr\/?post_type=product&#038;p=24942"},"modified":"2025-07-25T12:33:42","modified_gmt":"2025-07-25T12:33:42","slug":"originalno-donje-kuciste-asus-1225c-13goa3m1ap021-10","status":"publish","type":"product","link":"https:\/\/boreait.com\/hr\/product\/originalno-donje-kuciste-asus-1225c-13goa3m1ap021-10\/","title":{"rendered":"Originalno donje ku\u0107i\u0161te Asus 1225C 13goa3m1ap021-10"},"content":{"rendered":"<p>Pove\u0107ajte izdr\u017eljivost i za\u0161titu svog prijenosnog ra\u010dunala Asus 1225C s originalnim donjim ku\u0107i\u0161tem, broj dijela 13goa3m1ap021-10. Izra\u0111en za kompatibilnost i pouzdanost, ovaj autenti\u010dni zamjenski dio osigurava jednostavnu instalaciju i pouzdan rad.<\/p>\n<p>Klju\u010dne zna\u010dajke:<\/p>\n<p>&#8211; Originalna Asus zamjena: Osigurajte kompatibilnost i pouzdanost s autenti\u010dnim zamjenskim dijelom.<\/p>\n<p>&#8211; Jednostavna instalacija: Nadogradite za\u0161titu svog ure\u0111aja bez napora jednostavnom instalacijom.<\/p>\n<p>&#8211; Pobolj\u0161ana izdr\u017eljivost: pove\u0107ajte izdr\u017eljivost svog prijenosnog ra\u010dunala za pobolj\u0161anu dugovje\u010dnost.<\/p>\n<p>&#8211; Kvalitetna konstrukcija: Izra\u0111ena da izdr\u017ei svakodnevnu upotrebu, osiguravaju\u0107i pouzdanu za\u0161titu.<\/p>\n<p>Nadogradite svoje prijenosno ra\u010dunalo Asus 1225C danas s originalnim donjim ku\u0107i\u0161tem. Kupujte s povjerenjem, znaju\u0107i da ula\u017eete u kvalitetan zamjenski dio za svoj ure\u0111aj. Ako imate bilo kakvih pitanja ili trebate pomo\u0107, slobodno nas kontaktirajte. Ovdje smo da vam pomognemo pobolj\u0161ati izdr\u017eljivost i za\u0161titu va\u0161eg ure\u0111aja.<\/p>\n","protected":false},"excerpt":{"rendered":"<p>Pove\u0107ajte izdr\u017eljivost svog Asusa 1225C ovim originalnim donjim ku\u0107i\u0161tem. Jednostavan za instalaciju i kompatibilan s brojem dijela 13goa3m1ap021-10. Nadogradite za\u0161titu svog ure\u0111aja danas!<\/p>\n","protected":false},"featured_media":24987,"template":"","meta":[],"product_brand":[],"product_cat":[51],"product_tag":[65],"class_list":{"0":"post-24942","1":"product","2":"type-product","3":"status-publish","4":"has-post-thumbnail","6":"product_cat-laptop-housing","7":"product_tag-asus","9":"first","10":"instock","11":"taxable","12":"shipping-taxable","13":"purchasable","14":"product-type-simple"},"_links":{"self":[{"href":"https:\/\/boreait.com\/hr\/wp-json\/wp\/v2\/product\/24942","targetHints":{"allow":["GET"]}}],"collection":[{"href":"https:\/\/boreait.com\/hr\/wp-json\/wp\/v2\/product"}],"about":[{"href":"https:\/\/boreait.com\/hr\/wp-json\/wp\/v2\/types\/product"}],"wp:featuredmedia":[{"embeddable":true,"href":"https:\/\/boreait.com\/hr\/wp-json\/wp\/v2\/media\/24987"}],"wp:attachment":[{"href":"https:\/\/boreait.com\/hr\/wp-json\/wp\/v2\/media?parent=24942"}],"wp:term":[{"taxonomy":"product_brand","embeddable":true,"href":"https:\/\/boreait.com\/hr\/wp-json\/wp\/v2\/product_brand?post=24942"},{"taxonomy":"product_cat","embeddable":true,"href":"https:\/\/boreait.com\/hr\/wp-json\/wp\/v2\/product_cat?post=24942"},{"taxonomy":"product_tag","embeddable":true,"href":"https:\/\/boreait.com\/hr\/wp-json\/wp\/v2\/product_tag?post=24942"}],"curies":[{"name":"wp","href":"https:\/\/api.w.org\/{rel}","templated":true}]}}