{"id":24927,"date":"2025-07-25T12:32:45","date_gmt":"2025-07-25T12:32:45","guid":{"rendered":"https:\/\/boreait.com\/hr\/?post_type=product&#038;p=24927"},"modified":"2026-01-27T15:48:38","modified_gmt":"2026-01-27T15:48:38","slug":"ac-dc-power-jack-kabl-za-ibm-lenovo-thinkpad-x61-x60-x60s-x61s-93p4367","status":"publish","type":"product","link":"https:\/\/boreait.com\/hr\/product\/ac-dc-power-jack-kabl-za-ibm-lenovo-thinkpad-x61-x60-x60s-x61s-93p4367\/","title":{"rendered":"AC DC POWER JACK KABL ZA IBM Lenovo Thinkpad X61 X60 X60s X61s 93P4367"},"content":{"rendered":"<p>Obnovite povezivanje s napajanjem na svom prijenosnom ra\u010dunalu IBM Lenovo Thinkpad X61 X60 X60s X61s s originalnim AC DC Power Jack Port kabelom, broj modela 93P4367. Izra\u0111en za izdr\u017eljivost i kompatibilnost, ovaj autenti\u010dni zamjenski dio osigurava pouzdano napajanje i jednostavnu instalaciju.<\/p>\n<p>Klju\u010dne zna\u010dajke:<\/p>\n<p>&#8211; Originalna zamjena: Osigurajte kompatibilnost i pouzdanost s autenti\u010dnim zamjenskim dijelom.<\/p>\n<p>&#8211; Jednostavna instalacija: jednostavnom instalacijom zamijenite kabel uti\u010dnice za napajanje prijenosnog ra\u010dunala.<\/p>\n<p>&#8211; Vratite vezu s napajanjem: rije\u0161ite probleme s napajanjem i vratite funkcionalnost svom ure\u0111aju.<\/p>\n<p>&#8211; Izdr\u017eljiva konstrukcija: Napravljena da izdr\u017ei svakodnevnu upotrebu, osiguravaju\u0107i dugovje\u010dnost i pouzdanost.<\/p>\n<p>Nadogradite svoje prijenosno ra\u010dunalo IBM Lenovo Thinkpad X61 X60 X60s X61s danas s originalnim AC DC Power Jack Port kabelom. Kupujte s povjerenjem, znaju\u0107i da ula\u017eete u kvalitetan zamjenski dio za svoj ure\u0111aj. Ako imate bilo kakvih pitanja ili trebate pomo\u0107, slobodno nas kontaktirajte. Ovdje smo da vam pomognemo vratiti funkcionalnost va\u0161eg ure\u0111aja.<\/p>\n","protected":false},"excerpt":{"rendered":"<p>Zamijenite kabel porta uti\u010dnice za napajanje va\u0161eg IBM Lenovo Thinkpad X61 X60 X60s X61s ovim originalnim zamjenskim dijelom, broj modela 93P4367. S lako\u0107om vratite napajanje na svoj ure\u0111aj!<\/p>\n","protected":false},"featured_media":24984,"template":"","meta":[],"product_brand":[],"product_cat":[55],"product_tag":[61],"class_list":{"0":"post-24927","1":"product","2":"type-product","3":"status-publish","4":"has-post-thumbnail","6":"product_cat-cables","7":"product_tag-lenovo","9":"first","10":"instock","11":"taxable","12":"shipping-taxable","13":"purchasable","14":"product-type-simple"},"_links":{"self":[{"href":"https:\/\/boreait.com\/hr\/wp-json\/wp\/v2\/product\/24927","targetHints":{"allow":["GET"]}}],"collection":[{"href":"https:\/\/boreait.com\/hr\/wp-json\/wp\/v2\/product"}],"about":[{"href":"https:\/\/boreait.com\/hr\/wp-json\/wp\/v2\/types\/product"}],"wp:featuredmedia":[{"embeddable":true,"href":"https:\/\/boreait.com\/hr\/wp-json\/wp\/v2\/media\/24984"}],"wp:attachment":[{"href":"https:\/\/boreait.com\/hr\/wp-json\/wp\/v2\/media?parent=24927"}],"wp:term":[{"taxonomy":"product_brand","embeddable":true,"href":"https:\/\/boreait.com\/hr\/wp-json\/wp\/v2\/product_brand?post=24927"},{"taxonomy":"product_cat","embeddable":true,"href":"https:\/\/boreait.com\/hr\/wp-json\/wp\/v2\/product_cat?post=24927"},{"taxonomy":"product_tag","embeddable":true,"href":"https:\/\/boreait.com\/hr\/wp-json\/wp\/v2\/product_tag?post=24927"}],"curies":[{"name":"wp","href":"https:\/\/api.w.org\/{rel}","templated":true}]}}