{"id":24926,"date":"2025-07-25T12:32:45","date_gmt":"2025-07-25T12:32:45","guid":{"rendered":"https:\/\/boreait.com\/hr\/?post_type=product&#038;p=24926"},"modified":"2025-07-25T12:33:36","modified_gmt":"2025-07-25T12:33:36","slug":"asus-eea-pc-1225b-zaslon-116-sjajni-m116nwr1-r0-zaslon-panel-zaslon","status":"publish","type":"product","link":"https:\/\/boreait.com\/hr\/product\/asus-eea-pc-1225b-zaslon-116-sjajni-m116nwr1-r0-zaslon-panel-zaslon\/","title":{"rendered":"ASUS EEA PC 1225B zaslon 11,6&#8243; sjajni M116NWR1 R0 zaslon Panel zaslon"},"content":{"rendered":"<p>Pobolj\u0161ajte zaslon svog ASUS EEA PC 1225B s originalnim 11.6&#8243; Shiny Screen Panelom, kompatibilnim s modelom M116NWR1 R0. Izra\u0111en za izdr\u017eljivost i kompatibilnost, ovaj autenti\u010dni zamjenski dio osigurava \u017eivopisne slike i jednostavnu instalaciju.<\/p>\n<p>Klju\u010dne zna\u010dajke:<\/p>\n<p>&#8211; Originalna ASUS zamjena: Osigurajte kompatibilnost i pouzdanost s autenti\u010dnim zamjenskim dijelom.<\/p>\n<p>&#8211; Jednostavna instalacija: Nadogradite zaslon svog ure\u0111aja bez napora jednostavnom instalacijom.<\/p>\n<p>&#8211; Pobolj\u0161ano iskustvo gledanja: u\u017eivajte u \u017eivopisnim slikama i o\u0161troj jasno\u0107i uz ovu visokokvalitetnu zaslonsku plo\u010du.<\/p>\n<p>&#8211; Kompatibilan model: Dizajniran posebno za ASUS EEA PC 1225B, osiguravaju\u0107i savr\u0161eno pristajanje.<\/p>\n<p>&#8211; Izdr\u017eljiva konstrukcija: Napravljena da izdr\u017ei svakodnevnu upotrebu, osiguravaju\u0107i dugovje\u010dnost i pouzdanost.<\/p>\n<p>Nadogradite svoj ASUS EEA PC 1225B danas s originalnim 11,6&#8243; Shiny Screen Panelom. Kupujte s povjerenjem, znaju\u0107i da ula\u017eete u kvalitetan zamjenski dio za svoj ure\u0111aj. Ako imate bilo kakvih pitanja ili vam je potrebna pomo\u0107, slobodno nas kontaktirajte. Ovdje smo da vam pomognemo pobolj\u0161ati va\u0161e iskustvo gledanja.<\/p>\n","protected":false},"excerpt":{"rendered":"<p>Nadogradite zaslon svog ASUS EEA PC 1225B ovim originalnim 11,6&#8243; sjajnim ekranom. Kompatibilan s modelom M116NWR1 R0. Pobolj\u0161ajte svoje iskustvo gledanja ve\u0107 danas!<\/p>\n","protected":false},"featured_media":24983,"template":"","meta":[],"product_brand":[],"product_cat":[56],"product_tag":[],"class_list":{"0":"post-24926","1":"product","2":"type-product","3":"status-publish","4":"has-post-thumbnail","6":"product_cat-laptop-screens-lcd-panels","8":"first","9":"instock","10":"taxable","11":"shipping-taxable","12":"purchasable","13":"product-type-simple"},"_links":{"self":[{"href":"https:\/\/boreait.com\/hr\/wp-json\/wp\/v2\/product\/24926","targetHints":{"allow":["GET"]}}],"collection":[{"href":"https:\/\/boreait.com\/hr\/wp-json\/wp\/v2\/product"}],"about":[{"href":"https:\/\/boreait.com\/hr\/wp-json\/wp\/v2\/types\/product"}],"wp:featuredmedia":[{"embeddable":true,"href":"https:\/\/boreait.com\/hr\/wp-json\/wp\/v2\/media\/24983"}],"wp:attachment":[{"href":"https:\/\/boreait.com\/hr\/wp-json\/wp\/v2\/media?parent=24926"}],"wp:term":[{"taxonomy":"product_brand","embeddable":true,"href":"https:\/\/boreait.com\/hr\/wp-json\/wp\/v2\/product_brand?post=24926"},{"taxonomy":"product_cat","embeddable":true,"href":"https:\/\/boreait.com\/hr\/wp-json\/wp\/v2\/product_cat?post=24926"},{"taxonomy":"product_tag","embeddable":true,"href":"https:\/\/boreait.com\/hr\/wp-json\/wp\/v2\/product_tag?post=24926"}],"curies":[{"name":"wp","href":"https:\/\/api.w.org\/{rel}","templated":true}]}}