{"id":24912,"date":"2025-07-25T12:32:22","date_gmt":"2025-07-25T12:32:22","guid":{"rendered":"https:\/\/boreait.com\/hr\/?post_type=product&#038;p=24912"},"modified":"2026-01-27T12:32:52","modified_gmt":"2026-01-27T12:32:52","slug":"originalna-podkartica-tvrdog-diska-lenovo-thinkpad-92p6237-x60-x61s","status":"publish","type":"product","link":"https:\/\/boreait.com\/hr\/product\/originalna-podkartica-tvrdog-diska-lenovo-thinkpad-92p6237-x60-x61s\/","title":{"rendered":"Originalna podkartica tvrdog diska Lenovo Thinkpad 92P6237 X60 X61s"},"content":{"rendered":"<p>Pobolj\u0161ajte performanse i mogu\u0107nosti pohrane va\u0161eg prijenosnog ra\u010dunala Lenovo Thinkpad X60 ili X61 s originalnom podkarticom tvrdog diska, broj dijela 92P6237. Ovaj autenti\u010dni zamjenski dio dizajniran je za optimalnu kompatibilnost i pouzdanu izvedbu, osiguravaju\u0107i nesmetan i u\u010dinkovit rad va\u0161eg ure\u0111aja.<\/p>\n<p>Klju\u010dne zna\u010dajke:<\/p>\n<p>&#8211; Originalna Lenovo zamjena: Osigurajte kompatibilnost i pouzdanost s autenti\u010dnim zamjenskim dijelom.<\/p>\n<p>&#8211; Jednostavna instalacija: Nadogradite svoj ure\u0111aj bez napora jednostavnom instalacijom.<\/p>\n<p>&#8211; Pobolj\u0161ana izvedba: Pobolj\u0161ajte izvedbu svog prijenosnog ra\u010dunala s ovom visokokvalitetnom podkarticom.<\/p>\n<p>&#8211; Pouzdan rad: Napravljen da zadovolji rigorozne standarde tvrtke Lenovo za dugovje\u010dnost i pouzdanost.<\/p>\n<p>Nadogradite svoj Lenovo Thinkpad X60 ili X61 danas originalnom podkarticom tvrdog diska. Kupujte s povjerenjem, znaju\u0107i da ula\u017eete u kvalitetan zamjenski dio za svoj ure\u0111aj. Ako imate bilo kakvih pitanja ili trebate pomo\u0107, slobodno nas kontaktirajte. Ovdje smo da vam pomognemo pobolj\u0161ati funkcionalnost i performanse va\u0161eg prijenosnog ra\u010dunala.<\/p>\n","protected":false},"excerpt":{"rendered":"<p>Nadogradite svoj Lenovo Thinkpad X60 ili X61 ovom originalnom podkarticom tvrdog diska. Jednostavan za instalaciju i kompatibilan s brojem dijela 92P6237. Pobolj\u0161ajte performanse svog prijenosnog ra\u010dunala danas!<\/p>\n","protected":false},"featured_media":24966,"template":"","meta":[],"product_brand":[],"product_cat":[62],"product_tag":[61],"class_list":{"0":"post-24912","1":"product","2":"type-product","3":"status-publish","4":"has-post-thumbnail","6":"product_cat-motherboards-board-parts","7":"product_tag-lenovo","9":"first","10":"instock","11":"taxable","12":"shipping-taxable","13":"purchasable","14":"product-type-simple"},"_links":{"self":[{"href":"https:\/\/boreait.com\/hr\/wp-json\/wp\/v2\/product\/24912","targetHints":{"allow":["GET"]}}],"collection":[{"href":"https:\/\/boreait.com\/hr\/wp-json\/wp\/v2\/product"}],"about":[{"href":"https:\/\/boreait.com\/hr\/wp-json\/wp\/v2\/types\/product"}],"wp:featuredmedia":[{"embeddable":true,"href":"https:\/\/boreait.com\/hr\/wp-json\/wp\/v2\/media\/24966"}],"wp:attachment":[{"href":"https:\/\/boreait.com\/hr\/wp-json\/wp\/v2\/media?parent=24912"}],"wp:term":[{"taxonomy":"product_brand","embeddable":true,"href":"https:\/\/boreait.com\/hr\/wp-json\/wp\/v2\/product_brand?post=24912"},{"taxonomy":"product_cat","embeddable":true,"href":"https:\/\/boreait.com\/hr\/wp-json\/wp\/v2\/product_cat?post=24912"},{"taxonomy":"product_tag","embeddable":true,"href":"https:\/\/boreait.com\/hr\/wp-json\/wp\/v2\/product_tag?post=24912"}],"curies":[{"name":"wp","href":"https:\/\/api.w.org\/{rel}","templated":true}]}}